{"id":3827,"date":"2022-08-10T14:56:14","date_gmt":"2022-08-10T12:56:14","guid":{"rendered":"https:\/\/garafarm.hu\/termek\/africka-kopriva\/"},"modified":"2022-12-07T17:31:38","modified_gmt":"2022-12-07T15:31:38","slug":"africka-kopriva","status":"publish","type":"product","link":"https:\/\/garafarm.hu\/cs\/eko\/africka-kopriva\/","title":{"rendered":"Africk\u00e1 kop\u0159iva"},"content":{"rendered":"<div class=\"fusion-fullwidth fullwidth-box fusion-builder-row-1 fusion-flex-container has-pattern-background has-mask-background nonhundred-percent-fullwidth non-hundred-percent-height-scrolling\" style=\"background-color: rgba(255,255,255,0);background-position: center center;background-repeat: no-repeat;border-width: 0px 0px 0px 0px;border-color:#e2e2e2;border-style:solid;\" ><div class=\"fusion-builder-row fusion-row fusion-flex-align-items-flex-start\" style=\"max-width:1248px;margin-left: calc(-4% \/ 2 );margin-right: calc(-4% \/ 2 );\"><div class=\"fusion-layout-column fusion_builder_column fusion-builder-column-0 fusion_builder_column_1_1 1_1 fusion-flex-column\"><div class=\"fusion-column-wrapper fusion-flex-justify-content-flex-start fusion-content-layout-column\" style=\"background-position:left top;background-repeat:no-repeat;-webkit-background-size:cover;-moz-background-size:cover;-o-background-size:cover;background-size:cover;padding: 0px 0px 0px 0px;\"><style type=\"text\/css\">@media only screen and (max-width:1024px) {.fusion-title.fusion-title-1{margin-top:10px!important; margin-right:0px!important;margin-bottom:15px!important;margin-left:0px!important;}}@media only screen and (max-width:640px) {.fusion-title.fusion-title-1{margin-top:10px!important; margin-right:0px!important;margin-bottom:10px!important; margin-left:0px!important;}}<\/style><div class=\"fusion-title title fusion-title-1 fusion-sep-none fusion-title-text fusion-title-size-three\" style=\"font-size:45px;margin-top:10px;margin-right:0px;margin-bottom:15px;margin-left:0px;\"><h3 class=\"title-heading-left fusion-responsive-typography-calculated\" style=\"font-family:&quot;Amatic SC&quot;;font-weight:700;margin:0;font-size:1em;color:var(--awb-color6);--fontSize:45;line-height:1.33;\">Africk\u00e1 kop\u0159iva<\/h3><\/div><ul class=\"fusion-checklist fusion-checklist-1\" style=\"font-size:16px;line-height:27.2px;\"><li style=\"background-color:rgba(255,255,255,0);\" class=\"fusion-li-item\"><span style=\"height:27.2px;width:27.2px;margin-right:11.2px;\" class=\"icon-wrapper circle-no\"><i class=\"fusion-li-icon fa-chevron-right fas\" style=\"color:var(--awb-custom13);\" aria-hidden=\"true\"><\/i><\/span><div class=\"fusion-li-item-content\" style=\"margin-left:38.4px;color:#4a4e57;\">\n<p>Coleus x hybrida<\/p>\n<\/div><\/li><li style=\"background-color:rgba(255,255,255,0);\" class=\"fusion-li-item\"><span style=\"height:27.2px;width:27.2px;margin-right:11.2px;\" class=\"icon-wrapper circle-no\"><i class=\"fusion-li-icon fa-chevron-right fas\" style=\"color:var(--awb-custom13);\" aria-hidden=\"true\"><\/i><\/span><div class=\"fusion-li-item-content\" style=\"margin-left:38.4px;color:#4a4e57;\">\n<p>Kong\u00ae mix<\/p>\n<\/div><\/li><li style=\"background-color:rgba(255,255,255,0);\" class=\"fusion-li-item\"><span style=\"height:27.2px;width:27.2px;margin-right:11.2px;\" class=\"icon-wrapper circle-no\"><i class=\"fusion-li-icon fa-chevron-right fas\" style=\"color:var(--awb-custom13);\" aria-hidden=\"true\"><\/i><\/span><div class=\"fusion-li-item-content\" style=\"margin-left:38.4px;color:#4a4e57;\">\n<p>Kus: 6<\/p>\n<\/div><\/li><li style=\"background-color:rgba(255,255,255,0);\" class=\"fusion-li-item\"><span style=\"height:27.2px;width:27.2px;margin-right:11.2px;\" class=\"icon-wrapper circle-no\"><i class=\"fusion-li-icon fa-chevron-right fas\" style=\"color:var(--awb-custom13);\" aria-hidden=\"true\"><\/i><\/span><div class=\"fusion-li-item-content\" style=\"margin-left:38.4px;color:#4a4e57;\">\n<span class=\"fusion-popover popover-1\" data-animation=\"1\" data-class=\"popover-1\" data-container=\"popover-1\" data-content=\"V p\u0159\u00edpad\u011b rostlin s drobn\u00fdmi sem\u00ednky nab\u00edz\u00edme z\u00e1kazn\u00edk\u016fm granulovan\u00e1 osiva. T\u00edmto procesem se semena obal\u00ed speci\u00e1ln\u00edm materi\u00e1lem, \u010d\u00edm\u017e se jejich rozm\u011bry zv\u011bt\u0161\u00ed, snadn\u011bji se vys\u00e9vaj\u00ed, v d\u016fsledku \u010deho\u017e budou rostliny rovnom\u011brn\u011bji rozm\u00edst\u011bny. Tato p\u0159\u00eddatn\u00e1 l\u00e1tka se vlivem vlhkosti rozpust\u00ed, proto je t\u0159eba v\u011bnovat zv\u00fd\u0161enou pozornost zavla\u017eov\u00e1n\u00ed p\u016fdy ji\u017e p\u0159i v\u00fdsevu, ale st\u00e1l\u00e9 zal\u00e9v\u00e1n\u00ed je t\u0159eba i pozd\u011bji.\" data-delay=\"50\" data-placement=\"top\" data-title=\"Peletovan\u00e9\" data-toggle=\"popover\" data-trigger=\"hover\"><style type=\"text\/css\">.popover.popover-1 { border-color:#ddd; }.popover.popover-1 .popover-title{background-color:#ffffff;color:#333333;border-color:#ddd;}.popover.popover-1 .popover-content{background-color:#ffffff;color:#333333;}.popover.popover-1.top .arrow{border-top-color:#ddd;}.popover.popover-1.top .arrow:after{border-top-color:#ffffff;}<\/style>Peletovan\u00e9: <i class=\"fb-icon-element-1 fb-icon-element fontawesome-icon fa-check fas circle-no fusion-text-flow\" style=\"font-size:16px;margin-right:8px;\"><\/i><style>i.fb-icon-element.fontawesome-icon.fb-icon-element-1{ color: var(--awb-color6);}i.fb-icon-element.fontawesome-icon.fb-icon-element-1:hover { color: var(--awb-color6);}<\/style><i class=\"fb-icon-element-2 fb-icon-element fontawesome-icon fa-info-circle fas circle-no fusion-text-flow\" style=\"font-size:16px;margin-right:10px;\"><\/i><style>i.fb-icon-element.fontawesome-icon.fb-icon-element-2{ color: var(--awb-color6);}i.fb-icon-element.fontawesome-icon.fb-icon-element-2:hover { color: var(--awb-color6);}<\/style><\/span>\n<\/div><\/li><\/ul><div class=\"fusion-separator fusion-full-width-sep\" style=\"align-self: center;margin-left: auto;margin-right: auto;margin-top:20px;width:100%;\"><\/div><div class=\"fusion-text fusion-text-1 fusion-text-no-margin\" style=\"color:var(--awb-color5);font-family:&quot;Montserrat&quot;;font-weight:400;margin-top:0px;margin-bottom:0px;\"><p>Africk\u00e1 Kop\u0159iva poch\u00e1z\u00ed z Afriky a Asie, je to jednolet\u00e1 rostlina. Pro kl\u00ed\u010den\u00ed semen pot\u0159ebuje teplotu 20-22 stup\u0148\u016f, vys\u00e9v\u00e1 se v b\u0159eznu. V\u00fdsev je t\u0159eba p\u0159ikr\u00fdt pr\u016fhledn\u00fdm kryt\u00edm (nap\u0159. f\u00f3lie, sklen\u011bn\u00e1 tabule), aby se zabr\u00e1nilo vysych\u00e1n\u00ed. Sazenice se v dubnu vysazuj\u00ed do kv\u011btin\u00e1\u010d\u016f. V\u00fdsadba mlad\u00fdch rostlin se uskute\u010dn\u00ed v kv\u011btnu, a to do p\u016fdy bohat\u00e9 na \u017eiviny s dobr\u00fdm hospoda\u0159en\u00edm s vodou, na stanovi\u0161t\u011b v polost\u00ednu. Zal\u00e9v\u00e1 se pouze p\u0159\u00edle\u017eitostn\u011b, podle pot\u0159eby. Zvl\u00e1\u0161tnost\u00ed t\u00e9to rostliny nejsou jej\u00ed kv\u011btiny, ale barevn\u00e9 listy. V\u00fd\u0161ka okrasn\u00e9 kop\u0159ivy je 60-80 cm. Sv\u00fdmi pestr\u00fdmi listy zdob\u00ed zahradu od vysazen\u00ed a\u017e do prvn\u00edch mraz\u016f. V\u00fdbornou volbou je do balkonov\u00fdch kv\u011btin\u00e1\u010d\u016f i kv\u011btinov\u00fdch z\u00e1hon\u016f, ale nejv\u00edce vynikne, pokud se s\u00e1z\u00ed ve skupin\u00e1ch. Mlad\u00e9 v\u00fdhonky se maj\u00ed zast\u0159ihnout, \u010d\u00edm\u017e se dos\u00e1hne bohat\u00e9ho odno\u017eov\u00e1n\u00ed. V\u016f\u010di chorob\u00e1m a \u0161k\u016fdc\u016fm je odoln\u00e1.<\/p>\n<\/div><\/div><style type=\"text\/css\">.fusion-body .fusion-builder-column-0{width:100% !important;margin-top : 0px;margin-bottom : 0px;}.fusion-builder-column-0 > .fusion-column-wrapper {padding-top : 0px !important;padding-right : 0px !important;margin-right : 1.92%;padding-bottom : 0px !important;padding-left : 0px !important;margin-left : 1.92%;}@media only screen and (max-width:1024px) {.fusion-body .fusion-builder-column-0{width:100% !important;order : 0;}.fusion-builder-column-0 > .fusion-column-wrapper {margin-right : 1.92%;margin-left : 1.92%;}}@media only screen and (max-width:640px) {.fusion-body .fusion-builder-column-0{width:100% !important;order : 0;}.fusion-builder-column-0 > .fusion-column-wrapper {margin-right : 1.92%;margin-left : 1.92%;}}<\/style><\/div><\/div><style type=\"text\/css\">.fusion-body .fusion-flex-container.fusion-builder-row-1{ padding-top : 0px;margin-top : 0px;padding-right : 0px;padding-bottom : 0px;margin-bottom : 0px;padding-left : 0px;}<\/style><\/div>\n","protected":false},"excerpt":{"rendered":"<p>Africk\u00e1 Kop\u0159iva poch\u00e1z\u00ed z Afriky a Asie, je to jednolet\u00e1 rostlina. Pro kl\u00ed\u010den\u00ed semen pot\u0159ebuje teplotu 20-22 stup\u0148\u016f, vys\u00e9v\u00e1 se v b\u0159eznu.<\/p>\n","protected":false},"featured_media":4127,"template":"","meta":{"inline_featured_image":false},"product_brand":[],"product_cat":[112],"product_tag":[],"class_list":{"0":"post-3827","1":"product","2":"type-product","3":"status-publish","4":"has-post-thumbnail","6":"product_cat-eko","8":"first","9":"instock","10":"shipping-taxable","11":"product-type-simple"},"yoast_head":"<!-- This site is optimized with the Yoast SEO plugin v24.4 - https:\/\/yoast.com\/wordpress\/plugins\/seo\/ -->\n<title>Africk\u00e1 kop\u0159iva - Garafarm Trade Kft<\/title>\n<meta name=\"robots\" content=\"index, follow, max-snippet:-1, max-image-preview:large, max-video-preview:-1\" \/>\n<link rel=\"canonical\" href=\"https:\/\/garafarm.hu\/cs\/eko\/africka-kopriva\/\" \/>\n<meta property=\"og:locale\" content=\"cs_CZ\" \/>\n<meta property=\"og:type\" content=\"article\" \/>\n<meta property=\"og:title\" content=\"Africk\u00e1 kop\u0159iva - Garafarm Trade Kft\" \/>\n<meta property=\"og:description\" content=\"Africk\u00e1 Kop\u0159iva poch\u00e1z\u00ed z Afriky a Asie, je to jednolet\u00e1 rostlina. Pro kl\u00ed\u010den\u00ed semen pot\u0159ebuje teplotu 20-22 stup\u0148\u016f, vys\u00e9v\u00e1 se v b\u0159eznu.\" \/>\n<meta property=\"og:url\" content=\"https:\/\/garafarm.hu\/cs\/eko\/africka-kopriva\/\" \/>\n<meta property=\"og:site_name\" content=\"Garafarm Trade Kft\" \/>\n<meta property=\"article:modified_time\" content=\"2022-12-07T15:31:38+00:00\" \/>\n<meta property=\"og:image\" content=\"https:\/\/garafarm.hu\/wp-content\/uploads\/2022\/08\/Premium-Sun-Chocolat-covered-Cherry.jpg\" \/>\n\t<meta property=\"og:image:width\" content=\"686\" \/>\n\t<meta property=\"og:image:height\" content=\"958\" \/>\n\t<meta property=\"og:image:type\" content=\"image\/jpeg\" \/>\n<meta name=\"twitter:card\" content=\"summary_large_image\" \/>\n<script type=\"application\/ld+json\" class=\"yoast-schema-graph\">{\"@context\":\"https:\/\/schema.org\",\"@graph\":[{\"@type\":\"WebPage\",\"@id\":\"https:\/\/garafarm.hu\/cs\/eko\/africka-kopriva\/\",\"url\":\"https:\/\/garafarm.hu\/cs\/eko\/africka-kopriva\/\",\"name\":\"Africk\u00e1 kop\u0159iva - Garafarm Trade Kft\",\"isPartOf\":{\"@id\":\"https:\/\/garafarm.hu\/cs\/#website\"},\"primaryImageOfPage\":{\"@id\":\"https:\/\/garafarm.hu\/cs\/eko\/africka-kopriva\/#primaryimage\"},\"image\":{\"@id\":\"https:\/\/garafarm.hu\/cs\/eko\/africka-kopriva\/#primaryimage\"},\"thumbnailUrl\":\"https:\/\/garafarm.hu\/wp-content\/uploads\/2022\/08\/Premium-Sun-Chocolat-covered-Cherry.jpg\",\"datePublished\":\"2022-08-10T12:56:14+00:00\",\"dateModified\":\"2022-12-07T15:31:38+00:00\",\"breadcrumb\":{\"@id\":\"https:\/\/garafarm.hu\/cs\/eko\/africka-kopriva\/#breadcrumb\"},\"inLanguage\":\"cs\",\"potentialAction\":[{\"@type\":\"ReadAction\",\"target\":[\"https:\/\/garafarm.hu\/cs\/eko\/africka-kopriva\/\"]}]},{\"@type\":\"ImageObject\",\"inLanguage\":\"cs\",\"@id\":\"https:\/\/garafarm.hu\/cs\/eko\/africka-kopriva\/#primaryimage\",\"url\":\"https:\/\/garafarm.hu\/wp-content\/uploads\/2022\/08\/Premium-Sun-Chocolat-covered-Cherry.jpg\",\"contentUrl\":\"https:\/\/garafarm.hu\/wp-content\/uploads\/2022\/08\/Premium-Sun-Chocolat-covered-Cherry.jpg\",\"width\":686,\"height\":958},{\"@type\":\"BreadcrumbList\",\"@id\":\"https:\/\/garafarm.hu\/cs\/eko\/africka-kopriva\/#breadcrumb\",\"itemListElement\":[{\"@type\":\"ListItem\",\"position\":1,\"name\":\"Kezd\u0151lap\",\"item\":\"https:\/\/garafarm.hu\/cs\/\"},{\"@type\":\"ListItem\",\"position\":2,\"name\":\"Shop\",\"item\":\"https:\/\/garafarm.hu\/shop\/\"},{\"@type\":\"ListItem\",\"position\":3,\"name\":\"Africk\u00e1 kop\u0159iva\"}]},{\"@type\":\"WebSite\",\"@id\":\"https:\/\/garafarm.hu\/cs\/#website\",\"url\":\"https:\/\/garafarm.hu\/cs\/\",\"name\":\"Garafarm Trade Kft\",\"description\":\"Tasakos vet\u0151magel\u0151\u00e1ll\u00edt\u00e1s \u00e9s -forgalmaz\u00e1s Magyarorsz\u00e1gon.\",\"publisher\":{\"@id\":\"https:\/\/garafarm.hu\/cs\/#organization\"},\"potentialAction\":[{\"@type\":\"SearchAction\",\"target\":{\"@type\":\"EntryPoint\",\"urlTemplate\":\"https:\/\/garafarm.hu\/cs\/?s={search_term_string}\"},\"query-input\":{\"@type\":\"PropertyValueSpecification\",\"valueRequired\":true,\"valueName\":\"search_term_string\"}}],\"inLanguage\":\"cs\"},{\"@type\":\"Organization\",\"@id\":\"https:\/\/garafarm.hu\/cs\/#organization\",\"name\":\"Garafarm Trade Kft.\",\"url\":\"https:\/\/garafarm.hu\/cs\/\",\"logo\":{\"@type\":\"ImageObject\",\"inLanguage\":\"cs\",\"@id\":\"https:\/\/garafarm.hu\/cs\/#\/schema\/logo\/image\/\",\"url\":\"https:\/\/garafarm.hu\/wp-content\/uploads\/2021\/12\/garafarm_header_logo_v2.svg\",\"contentUrl\":\"https:\/\/garafarm.hu\/wp-content\/uploads\/2021\/12\/garafarm_header_logo_v2.svg\",\"width\":217,\"height\":65,\"caption\":\"Garafarm Trade Kft.\"},\"image\":{\"@id\":\"https:\/\/garafarm.hu\/cs\/#\/schema\/logo\/image\/\"}}]}<\/script>\n<!-- \/ Yoast SEO plugin. -->","yoast_head_json":{"title":"Africk\u00e1 kop\u0159iva - Garafarm Trade Kft","robots":{"index":"index","follow":"follow","max-snippet":"max-snippet:-1","max-image-preview":"max-image-preview:large","max-video-preview":"max-video-preview:-1"},"canonical":"https:\/\/garafarm.hu\/cs\/eko\/africka-kopriva\/","og_locale":"cs_CZ","og_type":"article","og_title":"Africk\u00e1 kop\u0159iva - Garafarm Trade Kft","og_description":"Africk\u00e1 Kop\u0159iva poch\u00e1z\u00ed z Afriky a Asie, je to jednolet\u00e1 rostlina. Pro kl\u00ed\u010den\u00ed semen pot\u0159ebuje teplotu 20-22 stup\u0148\u016f, vys\u00e9v\u00e1 se v b\u0159eznu.","og_url":"https:\/\/garafarm.hu\/cs\/eko\/africka-kopriva\/","og_site_name":"Garafarm Trade Kft","article_modified_time":"2022-12-07T15:31:38+00:00","og_image":[{"width":686,"height":958,"url":"https:\/\/garafarm.hu\/wp-content\/uploads\/2022\/08\/Premium-Sun-Chocolat-covered-Cherry.jpg","type":"image\/jpeg"}],"twitter_card":"summary_large_image","schema":{"@context":"https:\/\/schema.org","@graph":[{"@type":"WebPage","@id":"https:\/\/garafarm.hu\/cs\/eko\/africka-kopriva\/","url":"https:\/\/garafarm.hu\/cs\/eko\/africka-kopriva\/","name":"Africk\u00e1 kop\u0159iva - Garafarm Trade Kft","isPartOf":{"@id":"https:\/\/garafarm.hu\/cs\/#website"},"primaryImageOfPage":{"@id":"https:\/\/garafarm.hu\/cs\/eko\/africka-kopriva\/#primaryimage"},"image":{"@id":"https:\/\/garafarm.hu\/cs\/eko\/africka-kopriva\/#primaryimage"},"thumbnailUrl":"https:\/\/garafarm.hu\/wp-content\/uploads\/2022\/08\/Premium-Sun-Chocolat-covered-Cherry.jpg","datePublished":"2022-08-10T12:56:14+00:00","dateModified":"2022-12-07T15:31:38+00:00","breadcrumb":{"@id":"https:\/\/garafarm.hu\/cs\/eko\/africka-kopriva\/#breadcrumb"},"inLanguage":"cs","potentialAction":[{"@type":"ReadAction","target":["https:\/\/garafarm.hu\/cs\/eko\/africka-kopriva\/"]}]},{"@type":"ImageObject","inLanguage":"cs","@id":"https:\/\/garafarm.hu\/cs\/eko\/africka-kopriva\/#primaryimage","url":"https:\/\/garafarm.hu\/wp-content\/uploads\/2022\/08\/Premium-Sun-Chocolat-covered-Cherry.jpg","contentUrl":"https:\/\/garafarm.hu\/wp-content\/uploads\/2022\/08\/Premium-Sun-Chocolat-covered-Cherry.jpg","width":686,"height":958},{"@type":"BreadcrumbList","@id":"https:\/\/garafarm.hu\/cs\/eko\/africka-kopriva\/#breadcrumb","itemListElement":[{"@type":"ListItem","position":1,"name":"Kezd\u0151lap","item":"https:\/\/garafarm.hu\/cs\/"},{"@type":"ListItem","position":2,"name":"Shop","item":"https:\/\/garafarm.hu\/shop\/"},{"@type":"ListItem","position":3,"name":"Africk\u00e1 kop\u0159iva"}]},{"@type":"WebSite","@id":"https:\/\/garafarm.hu\/cs\/#website","url":"https:\/\/garafarm.hu\/cs\/","name":"Garafarm Trade Kft","description":"Tasakos vet\u0151magel\u0151\u00e1ll\u00edt\u00e1s \u00e9s -forgalmaz\u00e1s Magyarorsz\u00e1gon.","publisher":{"@id":"https:\/\/garafarm.hu\/cs\/#organization"},"potentialAction":[{"@type":"SearchAction","target":{"@type":"EntryPoint","urlTemplate":"https:\/\/garafarm.hu\/cs\/?s={search_term_string}"},"query-input":{"@type":"PropertyValueSpecification","valueRequired":true,"valueName":"search_term_string"}}],"inLanguage":"cs"},{"@type":"Organization","@id":"https:\/\/garafarm.hu\/cs\/#organization","name":"Garafarm Trade Kft.","url":"https:\/\/garafarm.hu\/cs\/","logo":{"@type":"ImageObject","inLanguage":"cs","@id":"https:\/\/garafarm.hu\/cs\/#\/schema\/logo\/image\/","url":"https:\/\/garafarm.hu\/wp-content\/uploads\/2021\/12\/garafarm_header_logo_v2.svg","contentUrl":"https:\/\/garafarm.hu\/wp-content\/uploads\/2021\/12\/garafarm_header_logo_v2.svg","width":217,"height":65,"caption":"Garafarm Trade Kft."},"image":{"@id":"https:\/\/garafarm.hu\/cs\/#\/schema\/logo\/image\/"}}]}},"_links":{"self":[{"href":"https:\/\/garafarm.hu\/cs\/wp-json\/wp\/v2\/product\/3827","targetHints":{"allow":["GET"]}}],"collection":[{"href":"https:\/\/garafarm.hu\/cs\/wp-json\/wp\/v2\/product"}],"about":[{"href":"https:\/\/garafarm.hu\/cs\/wp-json\/wp\/v2\/types\/product"}],"wp:featuredmedia":[{"embeddable":true,"href":"https:\/\/garafarm.hu\/cs\/wp-json\/wp\/v2\/media\/4127"}],"wp:attachment":[{"href":"https:\/\/garafarm.hu\/cs\/wp-json\/wp\/v2\/media?parent=3827"}],"wp:term":[{"taxonomy":"product_brand","embeddable":true,"href":"https:\/\/garafarm.hu\/cs\/wp-json\/wp\/v2\/product_brand?post=3827"},{"taxonomy":"product_cat","embeddable":true,"href":"https:\/\/garafarm.hu\/cs\/wp-json\/wp\/v2\/product_cat?post=3827"},{"taxonomy":"product_tag","embeddable":true,"href":"https:\/\/garafarm.hu\/cs\/wp-json\/wp\/v2\/product_tag?post=3827"}],"curies":[{"name":"wp","href":"https:\/\/api.w.org\/{rel}","templated":true}]}}