{"id":3860,"date":"2022-09-02T16:05:55","date_gmt":"2022-09-02T14:05:55","guid":{"rendered":"https:\/\/garafarm.hu\/termek\/pampova-trava\/"},"modified":"2022-12-07T17:04:06","modified_gmt":"2022-12-07T15:04:06","slug":"pampova-trava","status":"publish","type":"product","link":"https:\/\/garafarm.hu\/cs\/eko\/pampova-trava\/","title":{"rendered":"Pampov\u00e1 tr\u00e1va"},"content":{"rendered":"<div class=\"fusion-fullwidth fullwidth-box fusion-builder-row-1 fusion-flex-container has-pattern-background has-mask-background nonhundred-percent-fullwidth non-hundred-percent-height-scrolling\" style=\"background-color: rgba(255,255,255,0);background-position: center center;background-repeat: no-repeat;border-width: 0px 0px 0px 0px;border-color:#e2e2e2;border-style:solid;\" ><div class=\"fusion-builder-row fusion-row fusion-flex-align-items-flex-start\" style=\"max-width:1248px;margin-left: calc(-4% \/ 2 );margin-right: calc(-4% \/ 2 );\"><div class=\"fusion-layout-column fusion_builder_column fusion-builder-column-0 fusion_builder_column_1_1 1_1 fusion-flex-column\"><div class=\"fusion-column-wrapper fusion-flex-justify-content-flex-start fusion-content-layout-column\" style=\"background-position:left top;background-repeat:no-repeat;-webkit-background-size:cover;-moz-background-size:cover;-o-background-size:cover;background-size:cover;padding: 0px 0px 0px 0px;\"><style type=\"text\/css\">@media only screen and (max-width:1024px) {.fusion-title.fusion-title-1{margin-top:10px!important; margin-right:0px!important;margin-bottom:15px!important;margin-left:0px!important;}}@media only screen and (max-width:640px) {.fusion-title.fusion-title-1{margin-top:10px!important; margin-right:0px!important;margin-bottom:10px!important; margin-left:0px!important;}}<\/style><div class=\"fusion-title title fusion-title-1 fusion-sep-none fusion-title-text fusion-title-size-three\" style=\"font-size:45px;margin-top:10px;margin-right:0px;margin-bottom:15px;margin-left:0px;\"><h3 class=\"title-heading-left fusion-responsive-typography-calculated\" style=\"font-family:&quot;Amatic SC&quot;;font-weight:700;margin:0;font-size:1em;color:var(--awb-color6);--fontSize:45;line-height:1.33;\">Pampov\u00e1 tr\u00e1va<\/h3><\/div><ul class=\"fusion-checklist fusion-checklist-1\" style=\"font-size:16px;line-height:27.2px;\"><li style=\"background-color:rgba(255,255,255,0);\" class=\"fusion-li-item\"><span style=\"height:27.2px;width:27.2px;margin-right:11.2px;\" class=\"icon-wrapper circle-no\"><i class=\"fusion-li-icon fa-chevron-right fas\" style=\"color:var(--awb-custom13);\" aria-hidden=\"true\"><\/i><\/span><div class=\"fusion-li-item-content\" style=\"margin-left:38.4px;color:#4a4e57;\">\n<p>Cortaderia selloana<\/p>\n<\/div><\/li><li style=\"background-color:rgba(255,255,255,0);\" class=\"fusion-li-item\"><span style=\"height:27.2px;width:27.2px;margin-right:11.2px;\" class=\"icon-wrapper circle-no\"><i class=\"fusion-li-icon fa-chevron-right fas\" style=\"color:var(--awb-custom13);\" aria-hidden=\"true\"><\/i><\/span><div class=\"fusion-li-item-content\" style=\"margin-left:38.4px;color:#4a4e57;\">\n<p>Plume rose<\/p>\n<\/div><\/li><li style=\"background-color:rgba(255,255,255,0);\" class=\"fusion-li-item\"><span style=\"height:27.2px;width:27.2px;margin-right:11.2px;\" class=\"icon-wrapper circle-no\"><i class=\"fusion-li-icon fa-chevron-right fas\" style=\"color:var(--awb-custom13);\" aria-hidden=\"true\"><\/i><\/span><div class=\"fusion-li-item-content\" style=\"margin-left:38.4px;color:#4a4e57;\">\n<p>0,05 g<\/p>\n<\/div><\/li><\/ul><div class=\"fusion-separator fusion-full-width-sep\" style=\"align-self: center;margin-left: auto;margin-right: auto;margin-top:20px;width:100%;\"><\/div><div class=\"fusion-text fusion-text-1 fusion-text-no-margin\" style=\"color:var(--awb-color5);font-family:&quot;Montserrat&quot;;margin-top:0px;margin-bottom:0px;\"><p>Pampov\u00e1 tr\u00e1va je solit\u00e9rn\u00ed trvalka poch\u00e1zej\u00edc\u00ed z Ji\u017en\u00ed Ameriky. Pro kl\u00ed\u010den\u00ed semen pot\u0159ebuje teplotu 15-18 stup\u0148\u016f, vys\u00e9v\u00e1 se v b\u0159eznu. Jeliko\u017e kl\u00ed\u010d\u00ed na slunci, semena se nesm\u00ed zakr\u00fdvat p\u016fdou, v\u00fdsev je t\u0159eba p\u0159ikr\u00fdt pr\u016fhledn\u00fdm kryt\u00edm (nap\u0159. f\u00f3lie, sklen\u011bn\u00e1 tabule), aby se zabr\u00e1nilo vysych\u00e1n\u00ed. Sazenice se v dubnu vysazuj\u00ed do kv\u011btin\u00e1\u010d\u016f.<\/p>\n<p>V\u00fdsadba mlad\u00fdch rostlin se uskute\u010dn\u00ed v kv\u011btnu, kdy pominou mrazy, a to na sv\u011btl\u00e9, slune\u010dn\u00e9, prostorn\u00e9 stanovi\u0161t\u011b. Je n\u00e1ro\u010dn\u00e1 na vl\u00e1hu, proto je t\u0159eba se postarat o pravideln\u00e9 zal\u00e9v\u00e1n\u00ed.<\/p>\n<p>Pampov\u00e1 tr\u00e1va dor\u016fst\u00e1 v\u00fd\u0161ky 2-3 metr\u016f.<br \/>\nPro svoji v\u00fd\u0161ku a rozm\u011bry se uplatn\u00ed pouze na v\u011bt\u0161\u00edm prostranstv\u00ed. V jej\u00edch klasovit\u00fdch kv\u011btenstv\u00edch se m\u016f\u017eeme kochat od z\u00e1\u0159\u00ed. P\u0159ed p\u0159\u00edchodem zimy se dozr\u00e1l\u00e1 kv\u011btenstv\u00ed maj\u00ed odstranit, zaschl\u00e9 listy sv\u00e1zat, ty se odstra\u0148uj\u00ed a\u017e na ja\u0159e. Takto je ochr\u00e1n\u00edme od mrazu a p\u0159ed hnit\u00edm ko\u0159en\u016f p\u016fsoben\u00edm nahromad\u011bn\u00e9 vody. Kmen pampov\u00e9 tr\u00e1vy je \u00fa\u010deln\u00e9 p\u0159ikr\u00fdt such\u00fdm list\u00edm nebo borovou k\u016frou. Za\u010d\u00e1tkem jara, kdy\u017e u\u017e pominou mrazy, je t\u0159eba rostlinu zast\u0159ihnout ve v\u00fd\u0161ce 15-30 cm, vlivem slune\u010dn\u00edho z\u00e1\u0159en\u00ed za\u010dne znovu r\u016fst.<\/p>\n<\/div><\/div><style type=\"text\/css\">.fusion-body .fusion-builder-column-0{width:100% !important;margin-top : 0px;margin-bottom : 0px;}.fusion-builder-column-0 > .fusion-column-wrapper {padding-top : 0px !important;padding-right : 0px !important;margin-right : 1.92%;padding-bottom : 0px !important;padding-left : 0px !important;margin-left : 1.92%;}@media only screen and (max-width:1024px) {.fusion-body .fusion-builder-column-0{width:100% !important;order : 0;}.fusion-builder-column-0 > .fusion-column-wrapper {margin-right : 1.92%;margin-left : 1.92%;}}@media only screen and (max-width:640px) {.fusion-body .fusion-builder-column-0{width:100% !important;order : 0;}.fusion-builder-column-0 > .fusion-column-wrapper {margin-right : 1.92%;margin-left : 1.92%;}}<\/style><\/div><\/div><style type=\"text\/css\">.fusion-body .fusion-flex-container.fusion-builder-row-1{ padding-top : 0px;margin-top : 0px;padding-right : 0px;padding-bottom : 0px;margin-bottom : 0px;padding-left : 0px;}<\/style><\/div>\n","protected":false},"excerpt":{"rendered":"<p>Pampov\u00e1 tr\u00e1va je solit\u00e9rn\u00ed trvalka poch\u00e1zej\u00edc\u00ed z Ji\u017en\u00ed Ameriky. Pro kl\u00ed\u010den\u00ed semen pot\u0159ebuje teplotu 15-18 stup\u0148\u016f, vys\u00e9v\u00e1 se v b\u0159eznu. Jeliko\u017e kl\u00ed\u010d\u00ed na slunci, semena se nesm\u00ed zakr\u00fdvat p\u016fdou, v\u00fdsev je t\u0159eba p\u0159ikr\u00fdt pr\u016fhledn\u00fdm kryt\u00edm (nap\u0159. f\u00f3lie, sklen\u011bn\u00e1 tabule), aby se zabr\u00e1nilo vysych\u00e1n\u00ed. Sazenice se v dubnu vysazuj\u00ed do kv\u011btin\u00e1\u010d\u016f.<\/p>\n","protected":false},"featured_media":3684,"template":"","meta":{"inline_featured_image":false},"product_brand":[],"product_cat":[112],"product_tag":[],"class_list":{"0":"post-3860","1":"product","2":"type-product","3":"status-publish","4":"has-post-thumbnail","6":"product_cat-eko","8":"first","9":"instock","10":"shipping-taxable","11":"product-type-simple"},"yoast_head":"<!-- This site is optimized with the Yoast SEO plugin v24.4 - https:\/\/yoast.com\/wordpress\/plugins\/seo\/ -->\n<title>Pampov\u00e1 tr\u00e1va - Garafarm Trade Kft<\/title>\n<meta name=\"robots\" content=\"index, follow, max-snippet:-1, max-image-preview:large, max-video-preview:-1\" \/>\n<link rel=\"canonical\" href=\"https:\/\/garafarm.hu\/cs\/eko\/pampova-trava\/\" \/>\n<meta property=\"og:locale\" content=\"cs_CZ\" \/>\n<meta property=\"og:type\" content=\"article\" \/>\n<meta property=\"og:title\" content=\"Pampov\u00e1 tr\u00e1va - Garafarm Trade Kft\" \/>\n<meta property=\"og:description\" content=\"Pampov\u00e1 tr\u00e1va je solit\u00e9rn\u00ed trvalka poch\u00e1zej\u00edc\u00ed z Ji\u017en\u00ed Ameriky. Pro kl\u00ed\u010den\u00ed semen pot\u0159ebuje teplotu 15-18 stup\u0148\u016f, vys\u00e9v\u00e1 se v b\u0159eznu. Jeliko\u017e kl\u00ed\u010d\u00ed na slunci, semena se nesm\u00ed zakr\u00fdvat p\u016fdou, v\u00fdsev je t\u0159eba p\u0159ikr\u00fdt pr\u016fhledn\u00fdm kryt\u00edm (nap\u0159. f\u00f3lie, sklen\u011bn\u00e1 tabule), aby se zabr\u00e1nilo vysych\u00e1n\u00ed. Sazenice se v dubnu vysazuj\u00ed do kv\u011btin\u00e1\u010d\u016f.\" \/>\n<meta property=\"og:url\" content=\"https:\/\/garafarm.hu\/cs\/eko\/pampova-trava\/\" \/>\n<meta property=\"og:site_name\" content=\"Garafarm Trade Kft\" \/>\n<meta property=\"article:modified_time\" content=\"2022-12-07T15:04:06+00:00\" \/>\n<meta property=\"og:image\" content=\"https:\/\/garafarm.hu\/wp-content\/uploads\/2022\/09\/pampafu__.jpg\" \/>\n\t<meta property=\"og:image:width\" content=\"1200\" \/>\n\t<meta property=\"og:image:height\" content=\"1682\" \/>\n\t<meta property=\"og:image:type\" content=\"image\/jpeg\" \/>\n<meta name=\"twitter:card\" content=\"summary_large_image\" \/>\n<script type=\"application\/ld+json\" class=\"yoast-schema-graph\">{\"@context\":\"https:\/\/schema.org\",\"@graph\":[{\"@type\":\"WebPage\",\"@id\":\"https:\/\/garafarm.hu\/cs\/eko\/pampova-trava\/\",\"url\":\"https:\/\/garafarm.hu\/cs\/eko\/pampova-trava\/\",\"name\":\"Pampov\u00e1 tr\u00e1va - Garafarm Trade Kft\",\"isPartOf\":{\"@id\":\"https:\/\/garafarm.hu\/cs\/#website\"},\"primaryImageOfPage\":{\"@id\":\"https:\/\/garafarm.hu\/cs\/eko\/pampova-trava\/#primaryimage\"},\"image\":{\"@id\":\"https:\/\/garafarm.hu\/cs\/eko\/pampova-trava\/#primaryimage\"},\"thumbnailUrl\":\"https:\/\/garafarm.hu\/wp-content\/uploads\/2022\/09\/pampafu__.jpg\",\"datePublished\":\"2022-09-02T14:05:55+00:00\",\"dateModified\":\"2022-12-07T15:04:06+00:00\",\"breadcrumb\":{\"@id\":\"https:\/\/garafarm.hu\/cs\/eko\/pampova-trava\/#breadcrumb\"},\"inLanguage\":\"cs\",\"potentialAction\":[{\"@type\":\"ReadAction\",\"target\":[\"https:\/\/garafarm.hu\/cs\/eko\/pampova-trava\/\"]}]},{\"@type\":\"ImageObject\",\"inLanguage\":\"cs\",\"@id\":\"https:\/\/garafarm.hu\/cs\/eko\/pampova-trava\/#primaryimage\",\"url\":\"https:\/\/garafarm.hu\/wp-content\/uploads\/2022\/09\/pampafu__.jpg\",\"contentUrl\":\"https:\/\/garafarm.hu\/wp-content\/uploads\/2022\/09\/pampafu__.jpg\",\"width\":1200,\"height\":1682},{\"@type\":\"BreadcrumbList\",\"@id\":\"https:\/\/garafarm.hu\/cs\/eko\/pampova-trava\/#breadcrumb\",\"itemListElement\":[{\"@type\":\"ListItem\",\"position\":1,\"name\":\"Kezd\u0151lap\",\"item\":\"https:\/\/garafarm.hu\/cs\/\"},{\"@type\":\"ListItem\",\"position\":2,\"name\":\"Shop\",\"item\":\"https:\/\/garafarm.hu\/shop\/\"},{\"@type\":\"ListItem\",\"position\":3,\"name\":\"Pampov\u00e1 tr\u00e1va\"}]},{\"@type\":\"WebSite\",\"@id\":\"https:\/\/garafarm.hu\/cs\/#website\",\"url\":\"https:\/\/garafarm.hu\/cs\/\",\"name\":\"Garafarm Trade Kft\",\"description\":\"Tasakos vet\u0151magel\u0151\u00e1ll\u00edt\u00e1s \u00e9s -forgalmaz\u00e1s Magyarorsz\u00e1gon.\",\"publisher\":{\"@id\":\"https:\/\/garafarm.hu\/cs\/#organization\"},\"potentialAction\":[{\"@type\":\"SearchAction\",\"target\":{\"@type\":\"EntryPoint\",\"urlTemplate\":\"https:\/\/garafarm.hu\/cs\/?s={search_term_string}\"},\"query-input\":{\"@type\":\"PropertyValueSpecification\",\"valueRequired\":true,\"valueName\":\"search_term_string\"}}],\"inLanguage\":\"cs\"},{\"@type\":\"Organization\",\"@id\":\"https:\/\/garafarm.hu\/cs\/#organization\",\"name\":\"Garafarm Trade Kft.\",\"url\":\"https:\/\/garafarm.hu\/cs\/\",\"logo\":{\"@type\":\"ImageObject\",\"inLanguage\":\"cs\",\"@id\":\"https:\/\/garafarm.hu\/cs\/#\/schema\/logo\/image\/\",\"url\":\"https:\/\/garafarm.hu\/wp-content\/uploads\/2021\/12\/garafarm_header_logo_v2.svg\",\"contentUrl\":\"https:\/\/garafarm.hu\/wp-content\/uploads\/2021\/12\/garafarm_header_logo_v2.svg\",\"width\":217,\"height\":65,\"caption\":\"Garafarm Trade Kft.\"},\"image\":{\"@id\":\"https:\/\/garafarm.hu\/cs\/#\/schema\/logo\/image\/\"}}]}<\/script>\n<!-- \/ Yoast SEO plugin. -->","yoast_head_json":{"title":"Pampov\u00e1 tr\u00e1va - Garafarm Trade Kft","robots":{"index":"index","follow":"follow","max-snippet":"max-snippet:-1","max-image-preview":"max-image-preview:large","max-video-preview":"max-video-preview:-1"},"canonical":"https:\/\/garafarm.hu\/cs\/eko\/pampova-trava\/","og_locale":"cs_CZ","og_type":"article","og_title":"Pampov\u00e1 tr\u00e1va - Garafarm Trade Kft","og_description":"Pampov\u00e1 tr\u00e1va je solit\u00e9rn\u00ed trvalka poch\u00e1zej\u00edc\u00ed z Ji\u017en\u00ed Ameriky. Pro kl\u00ed\u010den\u00ed semen pot\u0159ebuje teplotu 15-18 stup\u0148\u016f, vys\u00e9v\u00e1 se v b\u0159eznu. Jeliko\u017e kl\u00ed\u010d\u00ed na slunci, semena se nesm\u00ed zakr\u00fdvat p\u016fdou, v\u00fdsev je t\u0159eba p\u0159ikr\u00fdt pr\u016fhledn\u00fdm kryt\u00edm (nap\u0159. f\u00f3lie, sklen\u011bn\u00e1 tabule), aby se zabr\u00e1nilo vysych\u00e1n\u00ed. Sazenice se v dubnu vysazuj\u00ed do kv\u011btin\u00e1\u010d\u016f.","og_url":"https:\/\/garafarm.hu\/cs\/eko\/pampova-trava\/","og_site_name":"Garafarm Trade Kft","article_modified_time":"2022-12-07T15:04:06+00:00","og_image":[{"width":1200,"height":1682,"url":"https:\/\/garafarm.hu\/wp-content\/uploads\/2022\/09\/pampafu__.jpg","type":"image\/jpeg"}],"twitter_card":"summary_large_image","schema":{"@context":"https:\/\/schema.org","@graph":[{"@type":"WebPage","@id":"https:\/\/garafarm.hu\/cs\/eko\/pampova-trava\/","url":"https:\/\/garafarm.hu\/cs\/eko\/pampova-trava\/","name":"Pampov\u00e1 tr\u00e1va - Garafarm Trade Kft","isPartOf":{"@id":"https:\/\/garafarm.hu\/cs\/#website"},"primaryImageOfPage":{"@id":"https:\/\/garafarm.hu\/cs\/eko\/pampova-trava\/#primaryimage"},"image":{"@id":"https:\/\/garafarm.hu\/cs\/eko\/pampova-trava\/#primaryimage"},"thumbnailUrl":"https:\/\/garafarm.hu\/wp-content\/uploads\/2022\/09\/pampafu__.jpg","datePublished":"2022-09-02T14:05:55+00:00","dateModified":"2022-12-07T15:04:06+00:00","breadcrumb":{"@id":"https:\/\/garafarm.hu\/cs\/eko\/pampova-trava\/#breadcrumb"},"inLanguage":"cs","potentialAction":[{"@type":"ReadAction","target":["https:\/\/garafarm.hu\/cs\/eko\/pampova-trava\/"]}]},{"@type":"ImageObject","inLanguage":"cs","@id":"https:\/\/garafarm.hu\/cs\/eko\/pampova-trava\/#primaryimage","url":"https:\/\/garafarm.hu\/wp-content\/uploads\/2022\/09\/pampafu__.jpg","contentUrl":"https:\/\/garafarm.hu\/wp-content\/uploads\/2022\/09\/pampafu__.jpg","width":1200,"height":1682},{"@type":"BreadcrumbList","@id":"https:\/\/garafarm.hu\/cs\/eko\/pampova-trava\/#breadcrumb","itemListElement":[{"@type":"ListItem","position":1,"name":"Kezd\u0151lap","item":"https:\/\/garafarm.hu\/cs\/"},{"@type":"ListItem","position":2,"name":"Shop","item":"https:\/\/garafarm.hu\/shop\/"},{"@type":"ListItem","position":3,"name":"Pampov\u00e1 tr\u00e1va"}]},{"@type":"WebSite","@id":"https:\/\/garafarm.hu\/cs\/#website","url":"https:\/\/garafarm.hu\/cs\/","name":"Garafarm Trade Kft","description":"Tasakos vet\u0151magel\u0151\u00e1ll\u00edt\u00e1s \u00e9s -forgalmaz\u00e1s Magyarorsz\u00e1gon.","publisher":{"@id":"https:\/\/garafarm.hu\/cs\/#organization"},"potentialAction":[{"@type":"SearchAction","target":{"@type":"EntryPoint","urlTemplate":"https:\/\/garafarm.hu\/cs\/?s={search_term_string}"},"query-input":{"@type":"PropertyValueSpecification","valueRequired":true,"valueName":"search_term_string"}}],"inLanguage":"cs"},{"@type":"Organization","@id":"https:\/\/garafarm.hu\/cs\/#organization","name":"Garafarm Trade Kft.","url":"https:\/\/garafarm.hu\/cs\/","logo":{"@type":"ImageObject","inLanguage":"cs","@id":"https:\/\/garafarm.hu\/cs\/#\/schema\/logo\/image\/","url":"https:\/\/garafarm.hu\/wp-content\/uploads\/2021\/12\/garafarm_header_logo_v2.svg","contentUrl":"https:\/\/garafarm.hu\/wp-content\/uploads\/2021\/12\/garafarm_header_logo_v2.svg","width":217,"height":65,"caption":"Garafarm Trade Kft."},"image":{"@id":"https:\/\/garafarm.hu\/cs\/#\/schema\/logo\/image\/"}}]}},"_links":{"self":[{"href":"https:\/\/garafarm.hu\/cs\/wp-json\/wp\/v2\/product\/3860","targetHints":{"allow":["GET"]}}],"collection":[{"href":"https:\/\/garafarm.hu\/cs\/wp-json\/wp\/v2\/product"}],"about":[{"href":"https:\/\/garafarm.hu\/cs\/wp-json\/wp\/v2\/types\/product"}],"wp:featuredmedia":[{"embeddable":true,"href":"https:\/\/garafarm.hu\/cs\/wp-json\/wp\/v2\/media\/3684"}],"wp:attachment":[{"href":"https:\/\/garafarm.hu\/cs\/wp-json\/wp\/v2\/media?parent=3860"}],"wp:term":[{"taxonomy":"product_brand","embeddable":true,"href":"https:\/\/garafarm.hu\/cs\/wp-json\/wp\/v2\/product_brand?post=3860"},{"taxonomy":"product_cat","embeddable":true,"href":"https:\/\/garafarm.hu\/cs\/wp-json\/wp\/v2\/product_cat?post=3860"},{"taxonomy":"product_tag","embeddable":true,"href":"https:\/\/garafarm.hu\/cs\/wp-json\/wp\/v2\/product_tag?post=3860"}],"curies":[{"name":"wp","href":"https:\/\/api.w.org\/{rel}","templated":true}]}}