{"id":3863,"date":"2022-09-02T16:07:09","date_gmt":"2022-09-02T14:07:09","guid":{"rendered":"https:\/\/garafarm.hu\/termek\/cheirant-vonavy\/"},"modified":"2022-12-07T17:00:48","modified_gmt":"2022-12-07T15:00:48","slug":"cheirant-vonavy","status":"publish","type":"product","link":"https:\/\/garafarm.hu\/cs\/eko\/cheirant-vonavy\/","title":{"rendered":"Cheirant vo\u0148av\u00fd"},"content":{"rendered":"<div class=\"fusion-fullwidth fullwidth-box fusion-builder-row-1 fusion-flex-container has-pattern-background has-mask-background nonhundred-percent-fullwidth non-hundred-percent-height-scrolling\" style=\"background-color: rgba(255,255,255,0);background-position: center center;background-repeat: no-repeat;border-width: 0px 0px 0px 0px;border-color:#e2e2e2;border-style:solid;\" ><div class=\"fusion-builder-row fusion-row fusion-flex-align-items-flex-start\" style=\"max-width:1248px;margin-left: calc(-4% \/ 2 );margin-right: calc(-4% \/ 2 );\"><div class=\"fusion-layout-column fusion_builder_column fusion-builder-column-0 fusion_builder_column_1_1 1_1 fusion-flex-column\"><div class=\"fusion-column-wrapper fusion-flex-justify-content-flex-start fusion-content-layout-column\" style=\"background-position:left top;background-repeat:no-repeat;-webkit-background-size:cover;-moz-background-size:cover;-o-background-size:cover;background-size:cover;padding: 0px 0px 0px 0px;\"><style type=\"text\/css\">@media only screen and (max-width:1024px) {.fusion-title.fusion-title-1{margin-top:10px!important; margin-right:0px!important;margin-bottom:15px!important;margin-left:0px!important;}}@media only screen and (max-width:640px) {.fusion-title.fusion-title-1{margin-top:10px!important; margin-right:0px!important;margin-bottom:10px!important; margin-left:0px!important;}}<\/style><div class=\"fusion-title title fusion-title-1 fusion-sep-none fusion-title-text fusion-title-size-three\" style=\"font-size:45px;margin-top:10px;margin-right:0px;margin-bottom:15px;margin-left:0px;\"><h3 class=\"title-heading-left fusion-responsive-typography-calculated\" style=\"font-family:&quot;Amatic SC&quot;;font-weight:700;margin:0;font-size:1em;color:var(--awb-color6);--fontSize:45;line-height:1.33;\">Cheirant vo\u0148av\u00fd<\/h3><\/div><ul class=\"fusion-checklist fusion-checklist-1\" style=\"font-size:16px;line-height:27.2px;\"><li style=\"background-color:rgba(255,255,255,0);\" class=\"fusion-li-item\"><span style=\"height:27.2px;width:27.2px;margin-right:11.2px;\" class=\"icon-wrapper circle-no\"><i class=\"fusion-li-icon fa-chevron-right fas\" style=\"color:var(--awb-custom13);\" aria-hidden=\"true\"><\/i><\/span><div class=\"fusion-li-item-content\" style=\"margin-left:38.4px;color:#4a4e57;\">\n<p>Cheiranthus cheiri<\/p>\n<\/div><\/li><li style=\"background-color:rgba(255,255,255,0);\" class=\"fusion-li-item\"><span style=\"height:27.2px;width:27.2px;margin-right:11.2px;\" class=\"icon-wrapper circle-no\"><i class=\"fusion-li-icon fa-chevron-right fas\" style=\"color:var(--awb-custom13);\" aria-hidden=\"true\"><\/i><\/span><div class=\"fusion-li-item-content\" style=\"margin-left:38.4px;color:#4a4e57;\">\n<p>Bedder mix<\/p>\n<\/div><\/li><li style=\"background-color:rgba(255,255,255,0);\" class=\"fusion-li-item\"><span style=\"height:27.2px;width:27.2px;margin-right:11.2px;\" class=\"icon-wrapper circle-no\"><i class=\"fusion-li-icon fa-chevron-right fas\" style=\"color:var(--awb-custom13);\" aria-hidden=\"true\"><\/i><\/span><div class=\"fusion-li-item-content\" style=\"margin-left:38.4px;color:#4a4e57;\">\n<p>0,5 g<\/p>\n<\/div><\/li><\/ul><div class=\"fusion-separator fusion-full-width-sep\" style=\"align-self: center;margin-left: auto;margin-right: auto;margin-top:20px;width:100%;\"><\/div><div class=\"fusion-text fusion-text-1 fusion-text-no-margin\" style=\"color:var(--awb-color5);font-family:&quot;Montserrat&quot;;font-weight:400;margin-top:0px;margin-bottom:0px;\"><p>Cheirant vo\u0148av\u00fd je dvojro\u010dn\u00e1 rastlina, poch\u00e1dza z ju\u017enej Eur\u00f3py. Pre kl\u00ed\u010denie semien potrebuje teplotu 20-25 stup\u0148ov a 10-15 dn\u00ed, vysieva sa v septembri. V\u00fdsev je potrebn\u00e9 prikry\u0165 prieh\u013eadn\u00fdm kryt\u00edm (napr. f\u00f3lia, sklen\u00e1 tabu\u013ea), aby sa zabr\u00e1nilo vysychaniu. Priesady sa v okt\u00f3bri vys\u00e1dzaj\u00fa do \u010drepn\u00edkov a na mieste chr\u00e1nenom od mrazu prezimuj\u00fa, a vys\u00e1dzaj\u00fa sa marci nasleduj\u00faceho roka.<\/p>\n<p>Priesady ob\u013eubuj\u00fa stanovi\u0161tia na priamom slnku, ale pre\u017eij\u00fa aj v polotieni. Pre rastlinu vyberme v\u00e1penat\u00fa, menej viazan\u00fa p\u00f4du. N\u00e1rok na vlahu je n\u00edzky, ale vy\u017eaduje pravideln\u00e9 zalievanie. Cheirant vo\u0148av\u00fd dorast\u00e1 do v\u00fd\u0161ky 40-60 cm. Kvetenstv\u00e1 maj\u00fa farbu v r\u00f4znych odtie\u0148och \u017eltej, dobre sa odno\u017euje, vytv\u00e1ra kr\u00ed\u010dky. Kvitne od apr\u00edla do j\u00fana, kvety s\u00fa jednoduch\u00e9, polos\u00fdte a vo\u0148av\u00e9. Svojou ve\u013ekos\u0165ou a \u017eltou farbou je to v\u00fdborn\u00e1 vo\u013eba do zmie\u0161an\u00fdch kvetinov\u00fdch z\u00e1honov. Rastlina je stredne citliv\u00e1 na mr\u00e1z, po\u010das tvrd\u00fdch z\u00edm sa d\u00e1 ochr\u00e1ni\u0165 presaden\u00edm do \u010drepn\u00edka alebo zakryt\u00edm. Chor\u00f4b sa netreba ob\u00e1va\u0165, ale slizniaky ob\u010das po\u0161kodzuj\u00fa mlad\u00e9 v\u00fdhonky. Kvety s\u00fa jedl\u00e9.<\/p>\n<\/div><\/div><style type=\"text\/css\">.fusion-body .fusion-builder-column-0{width:100% !important;margin-top : 0px;margin-bottom : 0px;}.fusion-builder-column-0 > .fusion-column-wrapper {padding-top : 0px !important;padding-right : 0px !important;margin-right : 1.92%;padding-bottom : 0px !important;padding-left : 0px !important;margin-left : 1.92%;}@media only screen and (max-width:1024px) {.fusion-body .fusion-builder-column-0{width:100% !important;order : 0;}.fusion-builder-column-0 > .fusion-column-wrapper {margin-right : 1.92%;margin-left : 1.92%;}}@media only screen and (max-width:640px) {.fusion-body .fusion-builder-column-0{width:100% !important;order : 0;}.fusion-builder-column-0 > .fusion-column-wrapper {margin-right : 1.92%;margin-left : 1.92%;}}<\/style><\/div><\/div><style type=\"text\/css\">.fusion-body .fusion-flex-container.fusion-builder-row-1{ padding-top : 0px;margin-top : 0px;padding-right : 0px;padding-bottom : 0px;margin-bottom : 0px;padding-left : 0px;}<\/style><\/div>\n","protected":false},"excerpt":{"rendered":"<p>Cheirant vo\u0148av\u00fd je dvojro\u010dn\u00e1 rastlina, poch\u00e1dza z ju\u017enej Eur\u00f3py. Pre kl\u00ed\u010denie semien potrebuje teplotu 20-25 stup\u0148ov a 10-15 dn\u00ed, vysieva sa v septembri. V\u00fdsev je potrebn\u00e9 prikry\u0165 prieh\u013eadn\u00fdm kryt\u00edm (napr. f\u00f3lia, sklen\u00e1 tabu\u013ea), aby sa zabr\u00e1nilo vysychaniu.<\/p>\n","protected":false},"featured_media":3689,"template":"","meta":{"inline_featured_image":false},"product_brand":[],"product_cat":[112],"product_tag":[],"class_list":{"0":"post-3863","1":"product","2":"type-product","3":"status-publish","4":"has-post-thumbnail","6":"product_cat-eko","8":"first","9":"instock","10":"shipping-taxable","11":"product-type-simple"},"yoast_head":"<!-- This site is optimized with the Yoast SEO plugin v24.4 - https:\/\/yoast.com\/wordpress\/plugins\/seo\/ -->\n<title>Cheirant vo\u0148av\u00fd - Garafarm Trade Kft<\/title>\n<meta name=\"robots\" content=\"index, follow, max-snippet:-1, max-image-preview:large, max-video-preview:-1\" \/>\n<link rel=\"canonical\" href=\"https:\/\/garafarm.hu\/cs\/eko\/cheirant-vonavy\/\" \/>\n<meta property=\"og:locale\" content=\"cs_CZ\" \/>\n<meta property=\"og:type\" content=\"article\" \/>\n<meta property=\"og:title\" content=\"Cheirant vo\u0148av\u00fd - Garafarm Trade Kft\" \/>\n<meta property=\"og:description\" content=\"Cheirant vo\u0148av\u00fd je dvojro\u010dn\u00e1 rastlina, poch\u00e1dza z ju\u017enej Eur\u00f3py. Pre kl\u00ed\u010denie semien potrebuje teplotu 20-25 stup\u0148ov a 10-15 dn\u00ed, vysieva sa v septembri. V\u00fdsev je potrebn\u00e9 prikry\u0165 prieh\u013eadn\u00fdm kryt\u00edm (napr. f\u00f3lia, sklen\u00e1 tabu\u013ea), aby sa zabr\u00e1nilo vysychaniu.\" \/>\n<meta property=\"og:url\" content=\"https:\/\/garafarm.hu\/cs\/eko\/cheirant-vonavy\/\" \/>\n<meta property=\"og:site_name\" content=\"Garafarm Trade Kft\" \/>\n<meta property=\"article:modified_time\" content=\"2022-12-07T15:00:48+00:00\" \/>\n<meta property=\"og:image\" content=\"https:\/\/garafarm.hu\/wp-content\/uploads\/2022\/09\/sa__rgaviola.jpg\" \/>\n\t<meta property=\"og:image:width\" content=\"1200\" \/>\n\t<meta property=\"og:image:height\" content=\"1672\" \/>\n\t<meta property=\"og:image:type\" content=\"image\/jpeg\" \/>\n<meta name=\"twitter:card\" content=\"summary_large_image\" \/>\n<script type=\"application\/ld+json\" class=\"yoast-schema-graph\">{\"@context\":\"https:\/\/schema.org\",\"@graph\":[{\"@type\":\"WebPage\",\"@id\":\"https:\/\/garafarm.hu\/cs\/eko\/cheirant-vonavy\/\",\"url\":\"https:\/\/garafarm.hu\/cs\/eko\/cheirant-vonavy\/\",\"name\":\"Cheirant vo\u0148av\u00fd - Garafarm Trade Kft\",\"isPartOf\":{\"@id\":\"https:\/\/garafarm.hu\/cs\/#website\"},\"primaryImageOfPage\":{\"@id\":\"https:\/\/garafarm.hu\/cs\/eko\/cheirant-vonavy\/#primaryimage\"},\"image\":{\"@id\":\"https:\/\/garafarm.hu\/cs\/eko\/cheirant-vonavy\/#primaryimage\"},\"thumbnailUrl\":\"https:\/\/garafarm.hu\/wp-content\/uploads\/2022\/09\/sa__rgaviola.jpg\",\"datePublished\":\"2022-09-02T14:07:09+00:00\",\"dateModified\":\"2022-12-07T15:00:48+00:00\",\"breadcrumb\":{\"@id\":\"https:\/\/garafarm.hu\/cs\/eko\/cheirant-vonavy\/#breadcrumb\"},\"inLanguage\":\"cs\",\"potentialAction\":[{\"@type\":\"ReadAction\",\"target\":[\"https:\/\/garafarm.hu\/cs\/eko\/cheirant-vonavy\/\"]}]},{\"@type\":\"ImageObject\",\"inLanguage\":\"cs\",\"@id\":\"https:\/\/garafarm.hu\/cs\/eko\/cheirant-vonavy\/#primaryimage\",\"url\":\"https:\/\/garafarm.hu\/wp-content\/uploads\/2022\/09\/sa__rgaviola.jpg\",\"contentUrl\":\"https:\/\/garafarm.hu\/wp-content\/uploads\/2022\/09\/sa__rgaviola.jpg\",\"width\":1200,\"height\":1672},{\"@type\":\"BreadcrumbList\",\"@id\":\"https:\/\/garafarm.hu\/cs\/eko\/cheirant-vonavy\/#breadcrumb\",\"itemListElement\":[{\"@type\":\"ListItem\",\"position\":1,\"name\":\"Kezd\u0151lap\",\"item\":\"https:\/\/garafarm.hu\/cs\/\"},{\"@type\":\"ListItem\",\"position\":2,\"name\":\"Shop\",\"item\":\"https:\/\/garafarm.hu\/shop\/\"},{\"@type\":\"ListItem\",\"position\":3,\"name\":\"Cheirant vo\u0148av\u00fd\"}]},{\"@type\":\"WebSite\",\"@id\":\"https:\/\/garafarm.hu\/cs\/#website\",\"url\":\"https:\/\/garafarm.hu\/cs\/\",\"name\":\"Garafarm Trade Kft\",\"description\":\"Tasakos vet\u0151magel\u0151\u00e1ll\u00edt\u00e1s \u00e9s -forgalmaz\u00e1s Magyarorsz\u00e1gon.\",\"publisher\":{\"@id\":\"https:\/\/garafarm.hu\/cs\/#organization\"},\"potentialAction\":[{\"@type\":\"SearchAction\",\"target\":{\"@type\":\"EntryPoint\",\"urlTemplate\":\"https:\/\/garafarm.hu\/cs\/?s={search_term_string}\"},\"query-input\":{\"@type\":\"PropertyValueSpecification\",\"valueRequired\":true,\"valueName\":\"search_term_string\"}}],\"inLanguage\":\"cs\"},{\"@type\":\"Organization\",\"@id\":\"https:\/\/garafarm.hu\/cs\/#organization\",\"name\":\"Garafarm Trade Kft.\",\"url\":\"https:\/\/garafarm.hu\/cs\/\",\"logo\":{\"@type\":\"ImageObject\",\"inLanguage\":\"cs\",\"@id\":\"https:\/\/garafarm.hu\/cs\/#\/schema\/logo\/image\/\",\"url\":\"https:\/\/garafarm.hu\/wp-content\/uploads\/2021\/12\/garafarm_header_logo_v2.svg\",\"contentUrl\":\"https:\/\/garafarm.hu\/wp-content\/uploads\/2021\/12\/garafarm_header_logo_v2.svg\",\"width\":217,\"height\":65,\"caption\":\"Garafarm Trade Kft.\"},\"image\":{\"@id\":\"https:\/\/garafarm.hu\/cs\/#\/schema\/logo\/image\/\"}}]}<\/script>\n<!-- \/ Yoast SEO plugin. -->","yoast_head_json":{"title":"Cheirant vo\u0148av\u00fd - Garafarm Trade Kft","robots":{"index":"index","follow":"follow","max-snippet":"max-snippet:-1","max-image-preview":"max-image-preview:large","max-video-preview":"max-video-preview:-1"},"canonical":"https:\/\/garafarm.hu\/cs\/eko\/cheirant-vonavy\/","og_locale":"cs_CZ","og_type":"article","og_title":"Cheirant vo\u0148av\u00fd - Garafarm Trade Kft","og_description":"Cheirant vo\u0148av\u00fd je dvojro\u010dn\u00e1 rastlina, poch\u00e1dza z ju\u017enej Eur\u00f3py. Pre kl\u00ed\u010denie semien potrebuje teplotu 20-25 stup\u0148ov a 10-15 dn\u00ed, vysieva sa v septembri. V\u00fdsev je potrebn\u00e9 prikry\u0165 prieh\u013eadn\u00fdm kryt\u00edm (napr. f\u00f3lia, sklen\u00e1 tabu\u013ea), aby sa zabr\u00e1nilo vysychaniu.","og_url":"https:\/\/garafarm.hu\/cs\/eko\/cheirant-vonavy\/","og_site_name":"Garafarm Trade Kft","article_modified_time":"2022-12-07T15:00:48+00:00","og_image":[{"width":1200,"height":1672,"url":"https:\/\/garafarm.hu\/wp-content\/uploads\/2022\/09\/sa__rgaviola.jpg","type":"image\/jpeg"}],"twitter_card":"summary_large_image","schema":{"@context":"https:\/\/schema.org","@graph":[{"@type":"WebPage","@id":"https:\/\/garafarm.hu\/cs\/eko\/cheirant-vonavy\/","url":"https:\/\/garafarm.hu\/cs\/eko\/cheirant-vonavy\/","name":"Cheirant vo\u0148av\u00fd - Garafarm Trade Kft","isPartOf":{"@id":"https:\/\/garafarm.hu\/cs\/#website"},"primaryImageOfPage":{"@id":"https:\/\/garafarm.hu\/cs\/eko\/cheirant-vonavy\/#primaryimage"},"image":{"@id":"https:\/\/garafarm.hu\/cs\/eko\/cheirant-vonavy\/#primaryimage"},"thumbnailUrl":"https:\/\/garafarm.hu\/wp-content\/uploads\/2022\/09\/sa__rgaviola.jpg","datePublished":"2022-09-02T14:07:09+00:00","dateModified":"2022-12-07T15:00:48+00:00","breadcrumb":{"@id":"https:\/\/garafarm.hu\/cs\/eko\/cheirant-vonavy\/#breadcrumb"},"inLanguage":"cs","potentialAction":[{"@type":"ReadAction","target":["https:\/\/garafarm.hu\/cs\/eko\/cheirant-vonavy\/"]}]},{"@type":"ImageObject","inLanguage":"cs","@id":"https:\/\/garafarm.hu\/cs\/eko\/cheirant-vonavy\/#primaryimage","url":"https:\/\/garafarm.hu\/wp-content\/uploads\/2022\/09\/sa__rgaviola.jpg","contentUrl":"https:\/\/garafarm.hu\/wp-content\/uploads\/2022\/09\/sa__rgaviola.jpg","width":1200,"height":1672},{"@type":"BreadcrumbList","@id":"https:\/\/garafarm.hu\/cs\/eko\/cheirant-vonavy\/#breadcrumb","itemListElement":[{"@type":"ListItem","position":1,"name":"Kezd\u0151lap","item":"https:\/\/garafarm.hu\/cs\/"},{"@type":"ListItem","position":2,"name":"Shop","item":"https:\/\/garafarm.hu\/shop\/"},{"@type":"ListItem","position":3,"name":"Cheirant vo\u0148av\u00fd"}]},{"@type":"WebSite","@id":"https:\/\/garafarm.hu\/cs\/#website","url":"https:\/\/garafarm.hu\/cs\/","name":"Garafarm Trade Kft","description":"Tasakos vet\u0151magel\u0151\u00e1ll\u00edt\u00e1s \u00e9s -forgalmaz\u00e1s Magyarorsz\u00e1gon.","publisher":{"@id":"https:\/\/garafarm.hu\/cs\/#organization"},"potentialAction":[{"@type":"SearchAction","target":{"@type":"EntryPoint","urlTemplate":"https:\/\/garafarm.hu\/cs\/?s={search_term_string}"},"query-input":{"@type":"PropertyValueSpecification","valueRequired":true,"valueName":"search_term_string"}}],"inLanguage":"cs"},{"@type":"Organization","@id":"https:\/\/garafarm.hu\/cs\/#organization","name":"Garafarm Trade Kft.","url":"https:\/\/garafarm.hu\/cs\/","logo":{"@type":"ImageObject","inLanguage":"cs","@id":"https:\/\/garafarm.hu\/cs\/#\/schema\/logo\/image\/","url":"https:\/\/garafarm.hu\/wp-content\/uploads\/2021\/12\/garafarm_header_logo_v2.svg","contentUrl":"https:\/\/garafarm.hu\/wp-content\/uploads\/2021\/12\/garafarm_header_logo_v2.svg","width":217,"height":65,"caption":"Garafarm Trade Kft."},"image":{"@id":"https:\/\/garafarm.hu\/cs\/#\/schema\/logo\/image\/"}}]}},"_links":{"self":[{"href":"https:\/\/garafarm.hu\/cs\/wp-json\/wp\/v2\/product\/3863","targetHints":{"allow":["GET"]}}],"collection":[{"href":"https:\/\/garafarm.hu\/cs\/wp-json\/wp\/v2\/product"}],"about":[{"href":"https:\/\/garafarm.hu\/cs\/wp-json\/wp\/v2\/types\/product"}],"wp:featuredmedia":[{"embeddable":true,"href":"https:\/\/garafarm.hu\/cs\/wp-json\/wp\/v2\/media\/3689"}],"wp:attachment":[{"href":"https:\/\/garafarm.hu\/cs\/wp-json\/wp\/v2\/media?parent=3863"}],"wp:term":[{"taxonomy":"product_brand","embeddable":true,"href":"https:\/\/garafarm.hu\/cs\/wp-json\/wp\/v2\/product_brand?post=3863"},{"taxonomy":"product_cat","embeddable":true,"href":"https:\/\/garafarm.hu\/cs\/wp-json\/wp\/v2\/product_cat?post=3863"},{"taxonomy":"product_tag","embeddable":true,"href":"https:\/\/garafarm.hu\/cs\/wp-json\/wp\/v2\/product_tag?post=3863"}],"curies":[{"name":"wp","href":"https:\/\/api.w.org\/{rel}","templated":true}]}}