{"id":4090,"date":"2022-10-14T19:25:27","date_gmt":"2022-10-14T17:25:27","guid":{"rendered":"https:\/\/garafarm.hu\/?post_type=product&#038;p=4090"},"modified":"2022-12-07T16:31:22","modified_gmt":"2022-12-07T14:31:22","slug":"pucici-sadici-tableta","status":"publish","type":"product","link":"https:\/\/garafarm.hu\/cs\/eko\/pucici-sadici-tableta\/","title":{"rendered":"Pu\u010d\u00edc\u00ed sad\u00edc\u00ed tableta"},"content":{"rendered":"<div class=\"fusion-fullwidth fullwidth-box fusion-builder-row-1 fusion-flex-container has-pattern-background has-mask-background nonhundred-percent-fullwidth non-hundred-percent-height-scrolling\" style=\"background-color: rgba(255,255,255,0);background-position: center center;background-repeat: no-repeat;border-width: 0px 0px 0px 0px;border-color:#e2e2e2;border-style:solid;\" ><div class=\"fusion-builder-row fusion-row fusion-flex-align-items-flex-start\" style=\"max-width:1248px;margin-left: calc(-4% \/ 2 );margin-right: calc(-4% \/ 2 );\"><div class=\"fusion-layout-column fusion_builder_column fusion-builder-column-0 fusion_builder_column_1_1 1_1 fusion-flex-column\"><div class=\"fusion-column-wrapper fusion-flex-justify-content-flex-start fusion-content-layout-column\" style=\"background-position:left top;background-repeat:no-repeat;-webkit-background-size:cover;-moz-background-size:cover;-o-background-size:cover;background-size:cover;padding: 0px 0px 0px 0px;\"><style type=\"text\/css\">@media only screen and (max-width:1024px) {.fusion-title.fusion-title-1{margin-top:10px!important; margin-right:0px!important;margin-bottom:15px!important;margin-left:0px!important;}}@media only screen and (max-width:640px) {.fusion-title.fusion-title-1{margin-top:10px!important; margin-right:0px!important;margin-bottom:10px!important; margin-left:0px!important;}}<\/style><div class=\"fusion-title title fusion-title-1 fusion-sep-none fusion-title-text fusion-title-size-three\" style=\"font-size:45px;margin-top:10px;margin-right:0px;margin-bottom:15px;margin-left:0px;\"><h3 class=\"title-heading-left fusion-responsive-typography-calculated\" style=\"font-family:&quot;Amatic SC&quot;;font-weight:700;margin:0;font-size:1em;color:var(--awb-color6);--fontSize:45;line-height:1.33;\">Pu\u010d\u00edc\u00ed sad\u00edc\u00ed tableta<\/h3><\/div><ul class=\"fusion-checklist fusion-checklist-1\" style=\"font-size:16px;line-height:27.2px;\"><li style=\"background-color:rgba(255,255,255,0);\" class=\"fusion-li-item\"><span style=\"height:27.2px;width:27.2px;margin-right:11.2px;\" class=\"icon-wrapper circle-no\"><i class=\"fusion-li-icon fa-chevron-right fas\" style=\"color:var(--awb-custom13);\" aria-hidden=\"true\"><\/i><\/span><div class=\"fusion-li-item-content\" style=\"margin-left:38.4px;color:#4a4e57;\">\n<p>16 ks<\/p>\n<\/div><\/li><li style=\"background-color:rgba(255,255,255,0);\" class=\"fusion-li-item\"><span style=\"height:27.2px;width:27.2px;margin-right:11.2px;\" class=\"icon-wrapper circle-no\"><i class=\"fusion-li-icon fa-chevron-right fas\" style=\"color:var(--awb-custom13);\" aria-hidden=\"true\"><\/i><\/span><div class=\"fusion-li-item-content\" style=\"margin-left:38.4px;color:#4a4e57;\">\n<p>5 cm pr\u016fm\u011br<\/p>\n<\/div><\/li><li style=\"background-color:rgba(255,255,255,0);\" class=\"fusion-li-item\"><span style=\"height:27.2px;width:27.2px;margin-right:11.2px;\" class=\"icon-wrapper circle-no\"><i class=\"fusion-li-icon fa-chevron-right fas\" style=\"color:var(--awb-custom13);\" aria-hidden=\"true\"><\/i><\/span><div class=\"fusion-li-item-content\" style=\"margin-left:38.4px;color:#4a4e57;\">\n<p>150 ml p\u011bstebn\u00edho m\u00e9dia na tabletu<\/p>\n<\/div><\/li><\/ul><div class=\"fusion-separator fusion-full-width-sep\" style=\"align-self: center;margin-left: auto;margin-right: auto;margin-top:20px;width:100%;\"><\/div><div class=\"fusion-text fusion-text-1 fusion-text-no-margin\" style=\"color:var(--awb-color5);font-family:&quot;Montserrat&quot;;font-weight:400;margin-top:0px;margin-bottom:0px;\"><p>Obsah balenia je 16 ks steriln\u00e9ho sadiaceho substr\u00e1tu s priemerom 5 cm, ktor\u00e9 s\u00fa z biologicky rozlo\u017eite\u013en\u00fdch ekologick\u00fdch kokosov\u00fdch vl\u00e1kien.<br \/>\nPred pou\u017eit\u00edm vlo\u017ete disk do \u010drepn\u00edka a nam\u00e1\u010dajte v cca. 80 ml (v z\u00e1vislosti od vys\u00e1dzanej rastliny) \u010distej vody alebo \u017eivn\u00e9ho roztoku. V\u010faka tomu kokosov\u00e9 vl\u00e1kna za cca. 10 min\u00fat napu\u010dia a dostaneme pribli\u017ene 150 ml sadiaceho substr\u00e1tu. Disky poskytuj\u00fa vhodn\u00fd v\u00fd\u017eivov\u00fd substr\u00e1t pre v\u0161etky semen\u00e1 a sadenice okrem rastl\u00edn vy\u017eaduj\u00facich kysl\u00fa p\u00f4du. Obsah \u017eiv\u00edn v sadiacom substr\u00e1te nenahr\u00e1dza \u0161peci\u00e1lne \u017eiviny potrebn\u00e9 pre celkov\u00fd v\u00fdvoj zasiatych\/zasaden\u00fdch rastl\u00edn, tieto je potrebn\u00e9 po\u010das \u017eivota rastliny dop\u013a\u0148a\u0165.<br \/>\nSkladujte na suchom mieste, chr\u00e1\u0148te pred vysu\u0161en\u00edm, priamym slne\u010dn\u00fdm \u017eiaren\u00edm a prevlhnut\u00edm. Po namo\u010den\u00ed disky okam\u017eite pou\u017eite. Uchovajte mimo dosahu det\u00ed a dom\u00e1cich zvierat.<\/p>\n<\/div><\/div><style type=\"text\/css\">.fusion-body .fusion-builder-column-0{width:100% !important;margin-top : 0px;margin-bottom : 0px;}.fusion-builder-column-0 > .fusion-column-wrapper {padding-top : 0px !important;padding-right : 0px !important;margin-right : 1.92%;padding-bottom : 0px !important;padding-left : 0px !important;margin-left : 1.92%;}@media only screen and (max-width:1024px) {.fusion-body .fusion-builder-column-0{width:100% !important;order : 0;}.fusion-builder-column-0 > .fusion-column-wrapper {margin-right : 1.92%;margin-left : 1.92%;}}@media only screen and (max-width:640px) {.fusion-body .fusion-builder-column-0{width:100% !important;order : 0;}.fusion-builder-column-0 > .fusion-column-wrapper {margin-right : 1.92%;margin-left : 1.92%;}}<\/style><\/div><\/div><style type=\"text\/css\">.fusion-body .fusion-flex-container.fusion-builder-row-1{ padding-top : 0px;margin-top : 0px;padding-right : 0px;padding-bottom : 0px;margin-bottom : 0px;padding-left : 0px;}<\/style><\/div>\n","protected":false},"excerpt":{"rendered":"<p>Violka rohat\u00e1 je dvoulet\u00e1 rostlina, poch\u00e1z\u00ed ze \u0160pan\u011blska, z Pyrenej\u00ed. Pro kl\u00ed\u010den\u00ed semen pot\u0159ebuje teplotu 20-25 stup\u0148\u016f, vys\u00e9v\u00e1 se v z\u00e1\u0159\u00ed. V\u00fdsev je t\u0159eba p\u0159ikr\u00fdt pr\u016fhledn\u00fdm kryt\u00edm (nap\u0159. f\u00f3lie, sklen\u011bn\u00e1 tabule), aby se zabr\u00e1nilo vysych\u00e1n\u00ed.<\/p>\n","protected":false},"featured_media":4230,"template":"","meta":{"inline_featured_image":false},"product_brand":[],"product_cat":[112],"product_tag":[],"class_list":{"0":"post-4090","1":"product","2":"type-product","3":"status-publish","4":"has-post-thumbnail","6":"product_cat-eko","8":"first","9":"instock","10":"shipping-taxable","11":"product-type-simple"},"yoast_head":"<!-- This site is optimized with the Yoast SEO plugin v24.4 - https:\/\/yoast.com\/wordpress\/plugins\/seo\/ -->\n<title>Pu\u010d\u00edc\u00ed sad\u00edc\u00ed tableta - Garafarm Trade Kft<\/title>\n<meta name=\"robots\" content=\"index, follow, max-snippet:-1, max-image-preview:large, max-video-preview:-1\" \/>\n<link rel=\"canonical\" href=\"https:\/\/garafarm.hu\/cs\/eko\/pucici-sadici-tableta\/\" \/>\n<meta property=\"og:locale\" content=\"cs_CZ\" \/>\n<meta property=\"og:type\" content=\"article\" \/>\n<meta property=\"og:title\" content=\"Pu\u010d\u00edc\u00ed sad\u00edc\u00ed tableta - Garafarm Trade Kft\" \/>\n<meta property=\"og:description\" content=\"Violka rohat\u00e1 je dvoulet\u00e1 rostlina, poch\u00e1z\u00ed ze \u0160pan\u011blska, z Pyrenej\u00ed. Pro kl\u00ed\u010den\u00ed semen pot\u0159ebuje teplotu 20-25 stup\u0148\u016f, vys\u00e9v\u00e1 se v z\u00e1\u0159\u00ed. V\u00fdsev je t\u0159eba p\u0159ikr\u00fdt pr\u016fhledn\u00fdm kryt\u00edm (nap\u0159. f\u00f3lie, sklen\u011bn\u00e1 tabule), aby se zabr\u00e1nilo vysych\u00e1n\u00ed.\" \/>\n<meta property=\"og:url\" content=\"https:\/\/garafarm.hu\/cs\/eko\/pucici-sadici-tableta\/\" \/>\n<meta property=\"og:site_name\" content=\"Garafarm Trade Kft\" \/>\n<meta property=\"article:modified_time\" content=\"2022-12-07T14:31:22+00:00\" \/>\n<meta property=\"og:image\" content=\"https:\/\/garafarm.hu\/wp-content\/uploads\/2022\/10\/Nevtelen-terv-2.png\" \/>\n\t<meta property=\"og:image:width\" content=\"400\" \/>\n\t<meta property=\"og:image:height\" content=\"558\" \/>\n\t<meta property=\"og:image:type\" content=\"image\/png\" \/>\n<meta name=\"twitter:card\" content=\"summary_large_image\" \/>\n<script type=\"application\/ld+json\" class=\"yoast-schema-graph\">{\"@context\":\"https:\/\/schema.org\",\"@graph\":[{\"@type\":\"WebPage\",\"@id\":\"https:\/\/garafarm.hu\/cs\/eko\/pucici-sadici-tableta\/\",\"url\":\"https:\/\/garafarm.hu\/cs\/eko\/pucici-sadici-tableta\/\",\"name\":\"Pu\u010d\u00edc\u00ed sad\u00edc\u00ed tableta - Garafarm Trade Kft\",\"isPartOf\":{\"@id\":\"https:\/\/garafarm.hu\/cs\/#website\"},\"primaryImageOfPage\":{\"@id\":\"https:\/\/garafarm.hu\/cs\/eko\/pucici-sadici-tableta\/#primaryimage\"},\"image\":{\"@id\":\"https:\/\/garafarm.hu\/cs\/eko\/pucici-sadici-tableta\/#primaryimage\"},\"thumbnailUrl\":\"https:\/\/garafarm.hu\/wp-content\/uploads\/2022\/10\/Nevtelen-terv-2.png\",\"datePublished\":\"2022-10-14T17:25:27+00:00\",\"dateModified\":\"2022-12-07T14:31:22+00:00\",\"breadcrumb\":{\"@id\":\"https:\/\/garafarm.hu\/cs\/eko\/pucici-sadici-tableta\/#breadcrumb\"},\"inLanguage\":\"cs\",\"potentialAction\":[{\"@type\":\"ReadAction\",\"target\":[\"https:\/\/garafarm.hu\/cs\/eko\/pucici-sadici-tableta\/\"]}]},{\"@type\":\"ImageObject\",\"inLanguage\":\"cs\",\"@id\":\"https:\/\/garafarm.hu\/cs\/eko\/pucici-sadici-tableta\/#primaryimage\",\"url\":\"https:\/\/garafarm.hu\/wp-content\/uploads\/2022\/10\/Nevtelen-terv-2.png\",\"contentUrl\":\"https:\/\/garafarm.hu\/wp-content\/uploads\/2022\/10\/Nevtelen-terv-2.png\",\"width\":400,\"height\":558},{\"@type\":\"BreadcrumbList\",\"@id\":\"https:\/\/garafarm.hu\/cs\/eko\/pucici-sadici-tableta\/#breadcrumb\",\"itemListElement\":[{\"@type\":\"ListItem\",\"position\":1,\"name\":\"Kezd\u0151lap\",\"item\":\"https:\/\/garafarm.hu\/cs\/\"},{\"@type\":\"ListItem\",\"position\":2,\"name\":\"Shop\",\"item\":\"https:\/\/garafarm.hu\/shop\/\"},{\"@type\":\"ListItem\",\"position\":3,\"name\":\"Pu\u010d\u00edc\u00ed sad\u00edc\u00ed tableta\"}]},{\"@type\":\"WebSite\",\"@id\":\"https:\/\/garafarm.hu\/cs\/#website\",\"url\":\"https:\/\/garafarm.hu\/cs\/\",\"name\":\"Garafarm Trade Kft\",\"description\":\"Tasakos vet\u0151magel\u0151\u00e1ll\u00edt\u00e1s \u00e9s -forgalmaz\u00e1s Magyarorsz\u00e1gon.\",\"publisher\":{\"@id\":\"https:\/\/garafarm.hu\/cs\/#organization\"},\"potentialAction\":[{\"@type\":\"SearchAction\",\"target\":{\"@type\":\"EntryPoint\",\"urlTemplate\":\"https:\/\/garafarm.hu\/cs\/?s={search_term_string}\"},\"query-input\":{\"@type\":\"PropertyValueSpecification\",\"valueRequired\":true,\"valueName\":\"search_term_string\"}}],\"inLanguage\":\"cs\"},{\"@type\":\"Organization\",\"@id\":\"https:\/\/garafarm.hu\/cs\/#organization\",\"name\":\"Garafarm Trade Kft.\",\"url\":\"https:\/\/garafarm.hu\/cs\/\",\"logo\":{\"@type\":\"ImageObject\",\"inLanguage\":\"cs\",\"@id\":\"https:\/\/garafarm.hu\/cs\/#\/schema\/logo\/image\/\",\"url\":\"https:\/\/garafarm.hu\/wp-content\/uploads\/2021\/12\/garafarm_header_logo_v2.svg\",\"contentUrl\":\"https:\/\/garafarm.hu\/wp-content\/uploads\/2021\/12\/garafarm_header_logo_v2.svg\",\"width\":217,\"height\":65,\"caption\":\"Garafarm Trade Kft.\"},\"image\":{\"@id\":\"https:\/\/garafarm.hu\/cs\/#\/schema\/logo\/image\/\"}}]}<\/script>\n<!-- \/ Yoast SEO plugin. -->","yoast_head_json":{"title":"Pu\u010d\u00edc\u00ed sad\u00edc\u00ed tableta - Garafarm Trade Kft","robots":{"index":"index","follow":"follow","max-snippet":"max-snippet:-1","max-image-preview":"max-image-preview:large","max-video-preview":"max-video-preview:-1"},"canonical":"https:\/\/garafarm.hu\/cs\/eko\/pucici-sadici-tableta\/","og_locale":"cs_CZ","og_type":"article","og_title":"Pu\u010d\u00edc\u00ed sad\u00edc\u00ed tableta - Garafarm Trade Kft","og_description":"Violka rohat\u00e1 je dvoulet\u00e1 rostlina, poch\u00e1z\u00ed ze \u0160pan\u011blska, z Pyrenej\u00ed. Pro kl\u00ed\u010den\u00ed semen pot\u0159ebuje teplotu 20-25 stup\u0148\u016f, vys\u00e9v\u00e1 se v z\u00e1\u0159\u00ed. V\u00fdsev je t\u0159eba p\u0159ikr\u00fdt pr\u016fhledn\u00fdm kryt\u00edm (nap\u0159. f\u00f3lie, sklen\u011bn\u00e1 tabule), aby se zabr\u00e1nilo vysych\u00e1n\u00ed.","og_url":"https:\/\/garafarm.hu\/cs\/eko\/pucici-sadici-tableta\/","og_site_name":"Garafarm Trade Kft","article_modified_time":"2022-12-07T14:31:22+00:00","og_image":[{"width":400,"height":558,"url":"https:\/\/garafarm.hu\/wp-content\/uploads\/2022\/10\/Nevtelen-terv-2.png","type":"image\/png"}],"twitter_card":"summary_large_image","schema":{"@context":"https:\/\/schema.org","@graph":[{"@type":"WebPage","@id":"https:\/\/garafarm.hu\/cs\/eko\/pucici-sadici-tableta\/","url":"https:\/\/garafarm.hu\/cs\/eko\/pucici-sadici-tableta\/","name":"Pu\u010d\u00edc\u00ed sad\u00edc\u00ed tableta - Garafarm Trade Kft","isPartOf":{"@id":"https:\/\/garafarm.hu\/cs\/#website"},"primaryImageOfPage":{"@id":"https:\/\/garafarm.hu\/cs\/eko\/pucici-sadici-tableta\/#primaryimage"},"image":{"@id":"https:\/\/garafarm.hu\/cs\/eko\/pucici-sadici-tableta\/#primaryimage"},"thumbnailUrl":"https:\/\/garafarm.hu\/wp-content\/uploads\/2022\/10\/Nevtelen-terv-2.png","datePublished":"2022-10-14T17:25:27+00:00","dateModified":"2022-12-07T14:31:22+00:00","breadcrumb":{"@id":"https:\/\/garafarm.hu\/cs\/eko\/pucici-sadici-tableta\/#breadcrumb"},"inLanguage":"cs","potentialAction":[{"@type":"ReadAction","target":["https:\/\/garafarm.hu\/cs\/eko\/pucici-sadici-tableta\/"]}]},{"@type":"ImageObject","inLanguage":"cs","@id":"https:\/\/garafarm.hu\/cs\/eko\/pucici-sadici-tableta\/#primaryimage","url":"https:\/\/garafarm.hu\/wp-content\/uploads\/2022\/10\/Nevtelen-terv-2.png","contentUrl":"https:\/\/garafarm.hu\/wp-content\/uploads\/2022\/10\/Nevtelen-terv-2.png","width":400,"height":558},{"@type":"BreadcrumbList","@id":"https:\/\/garafarm.hu\/cs\/eko\/pucici-sadici-tableta\/#breadcrumb","itemListElement":[{"@type":"ListItem","position":1,"name":"Kezd\u0151lap","item":"https:\/\/garafarm.hu\/cs\/"},{"@type":"ListItem","position":2,"name":"Shop","item":"https:\/\/garafarm.hu\/shop\/"},{"@type":"ListItem","position":3,"name":"Pu\u010d\u00edc\u00ed sad\u00edc\u00ed tableta"}]},{"@type":"WebSite","@id":"https:\/\/garafarm.hu\/cs\/#website","url":"https:\/\/garafarm.hu\/cs\/","name":"Garafarm Trade Kft","description":"Tasakos vet\u0151magel\u0151\u00e1ll\u00edt\u00e1s \u00e9s -forgalmaz\u00e1s Magyarorsz\u00e1gon.","publisher":{"@id":"https:\/\/garafarm.hu\/cs\/#organization"},"potentialAction":[{"@type":"SearchAction","target":{"@type":"EntryPoint","urlTemplate":"https:\/\/garafarm.hu\/cs\/?s={search_term_string}"},"query-input":{"@type":"PropertyValueSpecification","valueRequired":true,"valueName":"search_term_string"}}],"inLanguage":"cs"},{"@type":"Organization","@id":"https:\/\/garafarm.hu\/cs\/#organization","name":"Garafarm Trade Kft.","url":"https:\/\/garafarm.hu\/cs\/","logo":{"@type":"ImageObject","inLanguage":"cs","@id":"https:\/\/garafarm.hu\/cs\/#\/schema\/logo\/image\/","url":"https:\/\/garafarm.hu\/wp-content\/uploads\/2021\/12\/garafarm_header_logo_v2.svg","contentUrl":"https:\/\/garafarm.hu\/wp-content\/uploads\/2021\/12\/garafarm_header_logo_v2.svg","width":217,"height":65,"caption":"Garafarm Trade Kft."},"image":{"@id":"https:\/\/garafarm.hu\/cs\/#\/schema\/logo\/image\/"}}]}},"_links":{"self":[{"href":"https:\/\/garafarm.hu\/cs\/wp-json\/wp\/v2\/product\/4090","targetHints":{"allow":["GET"]}}],"collection":[{"href":"https:\/\/garafarm.hu\/cs\/wp-json\/wp\/v2\/product"}],"about":[{"href":"https:\/\/garafarm.hu\/cs\/wp-json\/wp\/v2\/types\/product"}],"wp:featuredmedia":[{"embeddable":true,"href":"https:\/\/garafarm.hu\/cs\/wp-json\/wp\/v2\/media\/4230"}],"wp:attachment":[{"href":"https:\/\/garafarm.hu\/cs\/wp-json\/wp\/v2\/media?parent=4090"}],"wp:term":[{"taxonomy":"product_brand","embeddable":true,"href":"https:\/\/garafarm.hu\/cs\/wp-json\/wp\/v2\/product_brand?post=4090"},{"taxonomy":"product_cat","embeddable":true,"href":"https:\/\/garafarm.hu\/cs\/wp-json\/wp\/v2\/product_cat?post=4090"},{"taxonomy":"product_tag","embeddable":true,"href":"https:\/\/garafarm.hu\/cs\/wp-json\/wp\/v2\/product_tag?post=4090"}],"curies":[{"name":"wp","href":"https:\/\/api.w.org\/{rel}","templated":true}]}}