{"id":4315,"date":"2023-11-10T12:50:22","date_gmt":"2023-11-10T10:50:22","guid":{"rendered":"https:\/\/garafarm.hu\/?post_type=product&#038;p=4315"},"modified":"2023-11-10T12:55:08","modified_gmt":"2023-11-10T10:55:08","slug":"44007","status":"publish","type":"product","link":"https:\/\/garafarm.hu\/cs\/magrovet-cs\/44007\/","title":{"rendered":"Sponge gourd &#8211; Lufa v\u00e1lcovit\u00e1"},"content":{"rendered":"<div class=\"fusion-fullwidth fullwidth-box fusion-builder-row-1 fusion-flex-container has-pattern-background has-mask-background nonhundred-percent-fullwidth non-hundred-percent-height-scrolling\" style=\"background-color: rgba(255,255,255,0);background-position: center center;background-repeat: no-repeat;border-width: 0px 0px 0px 0px;border-color:#e2e2e2;border-style:solid;\" ><div class=\"fusion-builder-row fusion-row fusion-flex-align-items-flex-start\" style=\"max-width:1248px;margin-left: calc(-4% \/ 2 );margin-right: calc(-4% \/ 2 );\"><div class=\"fusion-layout-column fusion_builder_column fusion-builder-column-0 fusion_builder_column_1_1 1_1 fusion-flex-column\"><div class=\"fusion-column-wrapper fusion-flex-justify-content-flex-start fusion-content-layout-column\" style=\"background-position:left top;background-repeat:no-repeat;-webkit-background-size:cover;-moz-background-size:cover;-o-background-size:cover;background-size:cover;padding: 0px 0px 0px 0px;\"><div class=\"fusion-text fusion-text-1\"><p>Lufa v\u00e1lcovit\u00e1, houbov\u00e1 d\u00fdn\u011b: Vy\u017eaduje pevn\u00e9 podep\u0159en\u00ed, pop\u00ednav\u00e1 rostlina dor\u016fstaj\u00edc\u00ed v\u00fd\u0161ky 2-3m. Vysazuje se i na rozd\u011blen\u00ed prostoru, pro sv\u00e9 kv\u011btiny a plody je dekorativn\u00ed. Plody jsou dlouh\u00e9 30-40 cm. Mlad\u00e9, zelen\u00e9 plody jsou jedl\u00e9, p\u0159ipravuj\u00ed se oko cuketa. Vy\u017eaduje lehkou p\u016fdu bohatou na \u017eiviny. Je citliv\u00e1 na mr\u00e1z, proto se s\u00e1z\u00ed a\u017e po mrazech. V dob\u011b kveten\u00ed a zr\u00e1n\u00ed plod\u016f vy\u017eaduje bohat\u00e9 zavla\u017eov\u00e1n\u00ed.<br \/>\nZ d\u00fdn\u011b houbi\u010dka:<br \/>\nPlody se skl\u00edzej\u00ed na podzim p\u0159ed mrazy spolu se stopkou a su\u0161\u00ed se zav\u011b\u0161en\u00e9. Dozr\u00e1l\u00fd plod se m\u00e1 na n\u011bkolik dn\u00ed namo\u010dit, oloupat, vyberou se semena a ve vod\u011b se du\u017eina prop\u00edr\u00e1, dokud z\u016fstane pouze s\u00ed\u0165 vl\u00e1ken, nakonec se vysu\u0161\u00ed na slunci.<br \/>\nVyu\u017eit\u00ed:<br \/>\nLufov\u00e1 houbi\u010dka je za sucha tvrd\u00e1 a drsn\u00e1, ale vlivem vody se vl\u00e1kna st\u00e1vaj\u00ed pru\u017en\u00fdmi a m\u011bkk\u00fdmi. Vlhk\u00e1 houbi\u010dka je prvot\u0159\u00eddn\u00ed a \u0161etrn\u00e1 k peeling poko\u017eky. Je v\u00fdborn\u00fdm materi\u00e1lem do such\u00fdch kytic. V dom\u00e1cnosti slou\u017e\u00ed k \u00faklidu. Barven\u00e1 a lakovan\u00e1 je z\u00e1kladem ozdob.<\/p>\n<\/div><\/div><style type=\"text\/css\">.fusion-body .fusion-builder-column-0{width:100% !important;margin-top : 0px;margin-bottom : 20px;}.fusion-builder-column-0 > .fusion-column-wrapper {padding-top : 0px !important;padding-right : 0px !important;margin-right : 1.92%;padding-bottom : 0px !important;padding-left : 0px !important;margin-left : 1.92%;}@media only screen and (max-width:1024px) {.fusion-body .fusion-builder-column-0{width:100% !important;order : 0;}.fusion-builder-column-0 > .fusion-column-wrapper {margin-right : 1.92%;margin-left : 1.92%;}}@media only screen and (max-width:640px) {.fusion-body .fusion-builder-column-0{width:100% !important;order : 0;}.fusion-builder-column-0 > .fusion-column-wrapper {margin-right : 1.92%;margin-left : 1.92%;}}<\/style><\/div><\/div><style type=\"text\/css\">.fusion-body .fusion-flex-container.fusion-builder-row-1{ padding-top : 0px;margin-top : 0px;padding-right : 0px;padding-bottom : 0px;margin-bottom : 0px;padding-left : 0px;}<\/style><\/div>\n","protected":false},"excerpt":{"rendered":"","protected":false},"featured_media":5003,"template":"","meta":{"inline_featured_image":false},"product_brand":[],"product_cat":[129],"product_tag":[],"class_list":{"0":"post-4315","1":"product","2":"type-product","3":"status-publish","4":"has-post-thumbnail","6":"product_cat-magrovet-cs","8":"first","9":"instock","10":"shipping-taxable","11":"product-type-simple"},"yoast_head":"<!-- This site is optimized with the Yoast SEO plugin v24.4 - https:\/\/yoast.com\/wordpress\/plugins\/seo\/ -->\n<title>Sponge gourd - Lufa v\u00e1lcovit\u00e1 - Garafarm Trade Kft<\/title>\n<meta name=\"robots\" content=\"index, follow, max-snippet:-1, max-image-preview:large, max-video-preview:-1\" \/>\n<link rel=\"canonical\" href=\"https:\/\/garafarm.hu\/cs\/magrovet-cs\/44007\/\" \/>\n<meta property=\"og:locale\" content=\"cs_CZ\" \/>\n<meta property=\"og:type\" content=\"article\" \/>\n<meta property=\"og:title\" content=\"Sponge gourd - Lufa v\u00e1lcovit\u00e1 - Garafarm Trade Kft\" \/>\n<meta property=\"og:url\" content=\"https:\/\/garafarm.hu\/cs\/magrovet-cs\/44007\/\" \/>\n<meta property=\"og:site_name\" content=\"Garafarm Trade Kft\" \/>\n<meta property=\"article:modified_time\" content=\"2023-11-10T10:55:08+00:00\" \/>\n<meta property=\"og:image\" content=\"https:\/\/garafarm.hu\/wp-content\/uploads\/2023\/10\/44007_luffatok_e.jpg\" \/>\n\t<meta property=\"og:image:width\" content=\"905\" \/>\n\t<meta property=\"og:image:height\" content=\"1293\" \/>\n\t<meta property=\"og:image:type\" content=\"image\/jpeg\" \/>\n<meta name=\"twitter:card\" content=\"summary_large_image\" \/>\n<script type=\"application\/ld+json\" class=\"yoast-schema-graph\">{\"@context\":\"https:\/\/schema.org\",\"@graph\":[{\"@type\":\"WebPage\",\"@id\":\"https:\/\/garafarm.hu\/cs\/magrovet-cs\/44007\/\",\"url\":\"https:\/\/garafarm.hu\/cs\/magrovet-cs\/44007\/\",\"name\":\"Sponge gourd - Lufa v\u00e1lcovit\u00e1 - Garafarm Trade Kft\",\"isPartOf\":{\"@id\":\"https:\/\/garafarm.hu\/cs\/#website\"},\"primaryImageOfPage\":{\"@id\":\"https:\/\/garafarm.hu\/cs\/magrovet-cs\/44007\/#primaryimage\"},\"image\":{\"@id\":\"https:\/\/garafarm.hu\/cs\/magrovet-cs\/44007\/#primaryimage\"},\"thumbnailUrl\":\"https:\/\/garafarm.hu\/wp-content\/uploads\/2023\/10\/44007_luffatok_e.jpg\",\"datePublished\":\"2023-11-10T10:50:22+00:00\",\"dateModified\":\"2023-11-10T10:55:08+00:00\",\"breadcrumb\":{\"@id\":\"https:\/\/garafarm.hu\/cs\/magrovet-cs\/44007\/#breadcrumb\"},\"inLanguage\":\"cs\",\"potentialAction\":[{\"@type\":\"ReadAction\",\"target\":[\"https:\/\/garafarm.hu\/cs\/magrovet-cs\/44007\/\"]}]},{\"@type\":\"ImageObject\",\"inLanguage\":\"cs\",\"@id\":\"https:\/\/garafarm.hu\/cs\/magrovet-cs\/44007\/#primaryimage\",\"url\":\"https:\/\/garafarm.hu\/wp-content\/uploads\/2023\/10\/44007_luffatok_e.jpg\",\"contentUrl\":\"https:\/\/garafarm.hu\/wp-content\/uploads\/2023\/10\/44007_luffatok_e.jpg\",\"width\":905,\"height\":1293},{\"@type\":\"BreadcrumbList\",\"@id\":\"https:\/\/garafarm.hu\/cs\/magrovet-cs\/44007\/#breadcrumb\",\"itemListElement\":[{\"@type\":\"ListItem\",\"position\":1,\"name\":\"Kezd\u0151lap\",\"item\":\"https:\/\/garafarm.hu\/cs\/\"},{\"@type\":\"ListItem\",\"position\":2,\"name\":\"Shop\",\"item\":\"https:\/\/garafarm.hu\/shop\/\"},{\"@type\":\"ListItem\",\"position\":3,\"name\":\"Sponge gourd &#8211; Lufa v\u00e1lcovit\u00e1\"}]},{\"@type\":\"WebSite\",\"@id\":\"https:\/\/garafarm.hu\/cs\/#website\",\"url\":\"https:\/\/garafarm.hu\/cs\/\",\"name\":\"Garafarm Trade Kft\",\"description\":\"Tasakos vet\u0151magel\u0151\u00e1ll\u00edt\u00e1s \u00e9s -forgalmaz\u00e1s Magyarorsz\u00e1gon.\",\"publisher\":{\"@id\":\"https:\/\/garafarm.hu\/cs\/#organization\"},\"potentialAction\":[{\"@type\":\"SearchAction\",\"target\":{\"@type\":\"EntryPoint\",\"urlTemplate\":\"https:\/\/garafarm.hu\/cs\/?s={search_term_string}\"},\"query-input\":{\"@type\":\"PropertyValueSpecification\",\"valueRequired\":true,\"valueName\":\"search_term_string\"}}],\"inLanguage\":\"cs\"},{\"@type\":\"Organization\",\"@id\":\"https:\/\/garafarm.hu\/cs\/#organization\",\"name\":\"Garafarm Trade Kft.\",\"url\":\"https:\/\/garafarm.hu\/cs\/\",\"logo\":{\"@type\":\"ImageObject\",\"inLanguage\":\"cs\",\"@id\":\"https:\/\/garafarm.hu\/cs\/#\/schema\/logo\/image\/\",\"url\":\"https:\/\/garafarm.hu\/wp-content\/uploads\/2021\/12\/garafarm_header_logo_v2.svg\",\"contentUrl\":\"https:\/\/garafarm.hu\/wp-content\/uploads\/2021\/12\/garafarm_header_logo_v2.svg\",\"width\":217,\"height\":65,\"caption\":\"Garafarm Trade Kft.\"},\"image\":{\"@id\":\"https:\/\/garafarm.hu\/cs\/#\/schema\/logo\/image\/\"}}]}<\/script>\n<!-- \/ Yoast SEO plugin. -->","yoast_head_json":{"title":"Sponge gourd - Lufa v\u00e1lcovit\u00e1 - Garafarm Trade Kft","robots":{"index":"index","follow":"follow","max-snippet":"max-snippet:-1","max-image-preview":"max-image-preview:large","max-video-preview":"max-video-preview:-1"},"canonical":"https:\/\/garafarm.hu\/cs\/magrovet-cs\/44007\/","og_locale":"cs_CZ","og_type":"article","og_title":"Sponge gourd - Lufa v\u00e1lcovit\u00e1 - Garafarm Trade Kft","og_url":"https:\/\/garafarm.hu\/cs\/magrovet-cs\/44007\/","og_site_name":"Garafarm Trade Kft","article_modified_time":"2023-11-10T10:55:08+00:00","og_image":[{"width":905,"height":1293,"url":"https:\/\/garafarm.hu\/wp-content\/uploads\/2023\/10\/44007_luffatok_e.jpg","type":"image\/jpeg"}],"twitter_card":"summary_large_image","schema":{"@context":"https:\/\/schema.org","@graph":[{"@type":"WebPage","@id":"https:\/\/garafarm.hu\/cs\/magrovet-cs\/44007\/","url":"https:\/\/garafarm.hu\/cs\/magrovet-cs\/44007\/","name":"Sponge gourd - Lufa v\u00e1lcovit\u00e1 - Garafarm Trade Kft","isPartOf":{"@id":"https:\/\/garafarm.hu\/cs\/#website"},"primaryImageOfPage":{"@id":"https:\/\/garafarm.hu\/cs\/magrovet-cs\/44007\/#primaryimage"},"image":{"@id":"https:\/\/garafarm.hu\/cs\/magrovet-cs\/44007\/#primaryimage"},"thumbnailUrl":"https:\/\/garafarm.hu\/wp-content\/uploads\/2023\/10\/44007_luffatok_e.jpg","datePublished":"2023-11-10T10:50:22+00:00","dateModified":"2023-11-10T10:55:08+00:00","breadcrumb":{"@id":"https:\/\/garafarm.hu\/cs\/magrovet-cs\/44007\/#breadcrumb"},"inLanguage":"cs","potentialAction":[{"@type":"ReadAction","target":["https:\/\/garafarm.hu\/cs\/magrovet-cs\/44007\/"]}]},{"@type":"ImageObject","inLanguage":"cs","@id":"https:\/\/garafarm.hu\/cs\/magrovet-cs\/44007\/#primaryimage","url":"https:\/\/garafarm.hu\/wp-content\/uploads\/2023\/10\/44007_luffatok_e.jpg","contentUrl":"https:\/\/garafarm.hu\/wp-content\/uploads\/2023\/10\/44007_luffatok_e.jpg","width":905,"height":1293},{"@type":"BreadcrumbList","@id":"https:\/\/garafarm.hu\/cs\/magrovet-cs\/44007\/#breadcrumb","itemListElement":[{"@type":"ListItem","position":1,"name":"Kezd\u0151lap","item":"https:\/\/garafarm.hu\/cs\/"},{"@type":"ListItem","position":2,"name":"Shop","item":"https:\/\/garafarm.hu\/shop\/"},{"@type":"ListItem","position":3,"name":"Sponge gourd &#8211; Lufa v\u00e1lcovit\u00e1"}]},{"@type":"WebSite","@id":"https:\/\/garafarm.hu\/cs\/#website","url":"https:\/\/garafarm.hu\/cs\/","name":"Garafarm Trade Kft","description":"Tasakos vet\u0151magel\u0151\u00e1ll\u00edt\u00e1s \u00e9s -forgalmaz\u00e1s Magyarorsz\u00e1gon.","publisher":{"@id":"https:\/\/garafarm.hu\/cs\/#organization"},"potentialAction":[{"@type":"SearchAction","target":{"@type":"EntryPoint","urlTemplate":"https:\/\/garafarm.hu\/cs\/?s={search_term_string}"},"query-input":{"@type":"PropertyValueSpecification","valueRequired":true,"valueName":"search_term_string"}}],"inLanguage":"cs"},{"@type":"Organization","@id":"https:\/\/garafarm.hu\/cs\/#organization","name":"Garafarm Trade Kft.","url":"https:\/\/garafarm.hu\/cs\/","logo":{"@type":"ImageObject","inLanguage":"cs","@id":"https:\/\/garafarm.hu\/cs\/#\/schema\/logo\/image\/","url":"https:\/\/garafarm.hu\/wp-content\/uploads\/2021\/12\/garafarm_header_logo_v2.svg","contentUrl":"https:\/\/garafarm.hu\/wp-content\/uploads\/2021\/12\/garafarm_header_logo_v2.svg","width":217,"height":65,"caption":"Garafarm Trade Kft."},"image":{"@id":"https:\/\/garafarm.hu\/cs\/#\/schema\/logo\/image\/"}}]}},"_links":{"self":[{"href":"https:\/\/garafarm.hu\/cs\/wp-json\/wp\/v2\/product\/4315","targetHints":{"allow":["GET"]}}],"collection":[{"href":"https:\/\/garafarm.hu\/cs\/wp-json\/wp\/v2\/product"}],"about":[{"href":"https:\/\/garafarm.hu\/cs\/wp-json\/wp\/v2\/types\/product"}],"wp:featuredmedia":[{"embeddable":true,"href":"https:\/\/garafarm.hu\/cs\/wp-json\/wp\/v2\/media\/5003"}],"wp:attachment":[{"href":"https:\/\/garafarm.hu\/cs\/wp-json\/wp\/v2\/media?parent=4315"}],"wp:term":[{"taxonomy":"product_brand","embeddable":true,"href":"https:\/\/garafarm.hu\/cs\/wp-json\/wp\/v2\/product_brand?post=4315"},{"taxonomy":"product_cat","embeddable":true,"href":"https:\/\/garafarm.hu\/cs\/wp-json\/wp\/v2\/product_cat?post=4315"},{"taxonomy":"product_tag","embeddable":true,"href":"https:\/\/garafarm.hu\/cs\/wp-json\/wp\/v2\/product_tag?post=4315"}],"curies":[{"name":"wp","href":"https:\/\/api.w.org\/{rel}","templated":true}]}}