{"id":5386,"date":"2024-08-05T19:46:27","date_gmt":"2024-08-05T17:46:27","guid":{"rendered":"https:\/\/garafarm.hu\/?post_type=product&#038;p=5386"},"modified":"2025-02-11T08:04:32","modified_gmt":"2025-02-11T06:04:32","slug":"46019","status":"publish","type":"product","link":"https:\/\/garafarm.hu\/cs\/magrovet-cs\/46019\/","title":{"rendered":"Matador \u0160pen\u00e1t"},"content":{"rendered":"<div class=\"fusion-fullwidth fullwidth-box fusion-builder-row-1 fusion-flex-container has-pattern-background has-mask-background nonhundred-percent-fullwidth non-hundred-percent-height-scrolling\" style=\"background-color: rgba(255,255,255,0);background-position: center center;background-repeat: no-repeat;border-width: 0px 0px 0px 0px;border-color:#e2e2e2;border-style:solid;\" ><div class=\"fusion-builder-row fusion-row fusion-flex-align-items-flex-start\" style=\"max-width:1248px;margin-left: calc(-4% \/ 2 );margin-right: calc(-4% \/ 2 );\"><div class=\"fusion-layout-column fusion_builder_column fusion-builder-column-0 fusion_builder_column_1_1 1_1 fusion-flex-column\"><div class=\"fusion-column-wrapper fusion-flex-justify-content-flex-start fusion-content-layout-column\" style=\"background-position:left top;background-repeat:no-repeat;-webkit-background-size:cover;-moz-background-size:cover;-o-background-size:cover;background-size:cover;padding: 0px 0px 0px 0px;\"><div class=\"fusion-text fusion-text-1\"><p>\u0160pen\u00e1t: Rostlina m\u00e1 kr\u00e1tk\u00e9 vegeta\u010dn\u00ed obdob\u00ed 38-40 dn\u00ed. Je velmi odoln\u00fd v\u016f\u010di chladu a m\u016f\u017ee se p\u0159ezimovat. Je to rychle rostouc\u00ed, du\u017enat\u00e1 odr\u016fda s velk\u00fdmi tmav\u011b zelen\u00fdmi listy, kter\u00e1 se dob\u0159e zdom\u00e1c\u0148uje. Vhodn\u00e1 pro jarn\u00ed i podzimn\u00ed v\u00fdsev. M\u00e1 st\u0159edn\u00ed n\u00e1roky na vodu. Vy\u017eaduje m\u00e9n\u011b vody p\u0159i v\u00fdsevu na m\u00edst\u011b a v\u00edce p\u0159i v\u00fdsevu v sazenic\u00edch.<\/p>\n<p>P\u011bstov\u00e1n\u00ed v\u00fdsevn\u00edm p\u00e1skem<br \/>\n1. Na kypr\u00e9 p\u016fd\u011b ud\u011blejte br\u00e1zdu s hloubkou 1-1,5 cm.<br \/>\n2. P\u00e1sek rozebran\u00fd po perforaci vlo\u017ete do br\u00e1zdy, kone\u010dky p\u00e1sku vtla\u010dte do zem\u011b, aby ho v\u00edtr neodv\u00e1l.<br \/>\n3. Je\u0161t\u011b otev\u0159enou br\u00e1zdu bohat\u011b polijte, aby se p\u016fda dob\u0159e zamkla.<br \/>\n4. Zakr\u00fdv\u00e1n\u00ed p\u00e1sku prove\u010fte kyprou p\u016fdou bohatou na humus, a n\u00e1sledn\u011b p\u016fdu trochu popotl\u00e1\u010dajte. Takto p\u0159ipraven\u00fd v\u00fdsev zase polijte a a\u017e do vykl\u00ed\u010den\u00ed udr\u017eujte mokr\u00fd.<\/p>\n<\/div><\/div><style type=\"text\/css\">.fusion-body .fusion-builder-column-0{width:100% !important;margin-top : 0px;margin-bottom : 20px;}.fusion-builder-column-0 > .fusion-column-wrapper {padding-top : 0px !important;padding-right : 0px !important;margin-right : 1.92%;padding-bottom : 0px !important;padding-left : 0px !important;margin-left : 1.92%;}@media only screen and (max-width:1024px) {.fusion-body .fusion-builder-column-0{width:100% !important;order : 0;}.fusion-builder-column-0 > .fusion-column-wrapper {margin-right : 1.92%;margin-left : 1.92%;}}@media only screen and (max-width:640px) {.fusion-body .fusion-builder-column-0{width:100% !important;order : 0;}.fusion-builder-column-0 > .fusion-column-wrapper {margin-right : 1.92%;margin-left : 1.92%;}}<\/style><\/div><\/div><style type=\"text\/css\">.fusion-body .fusion-flex-container.fusion-builder-row-1{ padding-top : 0px;margin-top : 0px;padding-right : 0px;padding-bottom : 0px;margin-bottom : 0px;padding-left : 0px;}<\/style><\/div>\n","protected":false},"excerpt":{"rendered":"<p><br data-mce-bogus=\"1\"><\/p>\n","protected":false},"featured_media":5434,"template":"","meta":{"inline_featured_image":false},"product_brand":[],"product_cat":[129],"product_tag":[],"class_list":{"0":"post-5386","1":"product","2":"type-product","3":"status-publish","4":"has-post-thumbnail","6":"product_cat-magrovet-cs","8":"first","9":"instock","10":"shipping-taxable","11":"product-type-simple"},"yoast_head":"<!-- This site is optimized with the Yoast SEO plugin v24.4 - https:\/\/yoast.com\/wordpress\/plugins\/seo\/ -->\n<title>Matador \u0160pen\u00e1t - Garafarm Trade Kft<\/title>\n<meta name=\"robots\" content=\"index, follow, max-snippet:-1, max-image-preview:large, max-video-preview:-1\" \/>\n<link rel=\"canonical\" href=\"https:\/\/garafarm.hu\/cs\/magrovet-cs\/46019\/\" \/>\n<meta property=\"og:locale\" content=\"cs_CZ\" \/>\n<meta property=\"og:type\" content=\"article\" \/>\n<meta property=\"og:title\" content=\"Matador \u0160pen\u00e1t - Garafarm Trade Kft\" \/>\n<meta property=\"og:url\" content=\"https:\/\/garafarm.hu\/cs\/magrovet-cs\/46019\/\" \/>\n<meta property=\"og:site_name\" content=\"Garafarm Trade Kft\" \/>\n<meta property=\"article:modified_time\" content=\"2025-02-11T06:04:32+00:00\" \/>\n<meta property=\"og:image\" content=\"https:\/\/garafarm.hu\/wp-content\/uploads\/2024\/08\/Matador_spenot_magszalag_front.jpg\" \/>\n\t<meta property=\"og:image:width\" content=\"905\" \/>\n\t<meta property=\"og:image:height\" content=\"1291\" \/>\n\t<meta property=\"og:image:type\" content=\"image\/jpeg\" \/>\n<meta name=\"twitter:card\" content=\"summary_large_image\" \/>\n<script type=\"application\/ld+json\" class=\"yoast-schema-graph\">{\"@context\":\"https:\/\/schema.org\",\"@graph\":[{\"@type\":\"WebPage\",\"@id\":\"https:\/\/garafarm.hu\/cs\/magrovet-cs\/46019\/\",\"url\":\"https:\/\/garafarm.hu\/cs\/magrovet-cs\/46019\/\",\"name\":\"Matador \u0160pen\u00e1t - Garafarm Trade Kft\",\"isPartOf\":{\"@id\":\"https:\/\/garafarm.hu\/cs\/#website\"},\"primaryImageOfPage\":{\"@id\":\"https:\/\/garafarm.hu\/cs\/magrovet-cs\/46019\/#primaryimage\"},\"image\":{\"@id\":\"https:\/\/garafarm.hu\/cs\/magrovet-cs\/46019\/#primaryimage\"},\"thumbnailUrl\":\"https:\/\/garafarm.hu\/wp-content\/uploads\/2024\/08\/Matador_spenot_magszalag_front.jpg\",\"datePublished\":\"2024-08-05T17:46:27+00:00\",\"dateModified\":\"2025-02-11T06:04:32+00:00\",\"breadcrumb\":{\"@id\":\"https:\/\/garafarm.hu\/cs\/magrovet-cs\/46019\/#breadcrumb\"},\"inLanguage\":\"cs\",\"potentialAction\":[{\"@type\":\"ReadAction\",\"target\":[\"https:\/\/garafarm.hu\/cs\/magrovet-cs\/46019\/\"]}]},{\"@type\":\"ImageObject\",\"inLanguage\":\"cs\",\"@id\":\"https:\/\/garafarm.hu\/cs\/magrovet-cs\/46019\/#primaryimage\",\"url\":\"https:\/\/garafarm.hu\/wp-content\/uploads\/2024\/08\/Matador_spenot_magszalag_front.jpg\",\"contentUrl\":\"https:\/\/garafarm.hu\/wp-content\/uploads\/2024\/08\/Matador_spenot_magszalag_front.jpg\",\"width\":905,\"height\":1291},{\"@type\":\"BreadcrumbList\",\"@id\":\"https:\/\/garafarm.hu\/cs\/magrovet-cs\/46019\/#breadcrumb\",\"itemListElement\":[{\"@type\":\"ListItem\",\"position\":1,\"name\":\"Kezd\u0151lap\",\"item\":\"https:\/\/garafarm.hu\/cs\/\"},{\"@type\":\"ListItem\",\"position\":2,\"name\":\"Shop\",\"item\":\"https:\/\/garafarm.hu\/shop\/\"},{\"@type\":\"ListItem\",\"position\":3,\"name\":\"Matador \u0160pen\u00e1t\"}]},{\"@type\":\"WebSite\",\"@id\":\"https:\/\/garafarm.hu\/cs\/#website\",\"url\":\"https:\/\/garafarm.hu\/cs\/\",\"name\":\"Garafarm Trade Kft\",\"description\":\"Tasakos vet\u0151magel\u0151\u00e1ll\u00edt\u00e1s \u00e9s -forgalmaz\u00e1s Magyarorsz\u00e1gon.\",\"publisher\":{\"@id\":\"https:\/\/garafarm.hu\/cs\/#organization\"},\"potentialAction\":[{\"@type\":\"SearchAction\",\"target\":{\"@type\":\"EntryPoint\",\"urlTemplate\":\"https:\/\/garafarm.hu\/cs\/?s={search_term_string}\"},\"query-input\":{\"@type\":\"PropertyValueSpecification\",\"valueRequired\":true,\"valueName\":\"search_term_string\"}}],\"inLanguage\":\"cs\"},{\"@type\":\"Organization\",\"@id\":\"https:\/\/garafarm.hu\/cs\/#organization\",\"name\":\"Garafarm Trade Kft.\",\"url\":\"https:\/\/garafarm.hu\/cs\/\",\"logo\":{\"@type\":\"ImageObject\",\"inLanguage\":\"cs\",\"@id\":\"https:\/\/garafarm.hu\/cs\/#\/schema\/logo\/image\/\",\"url\":\"https:\/\/garafarm.hu\/wp-content\/uploads\/2021\/12\/garafarm_header_logo_v2.svg\",\"contentUrl\":\"https:\/\/garafarm.hu\/wp-content\/uploads\/2021\/12\/garafarm_header_logo_v2.svg\",\"width\":217,\"height\":65,\"caption\":\"Garafarm Trade Kft.\"},\"image\":{\"@id\":\"https:\/\/garafarm.hu\/cs\/#\/schema\/logo\/image\/\"}}]}<\/script>\n<!-- \/ Yoast SEO plugin. -->","yoast_head_json":{"title":"Matador \u0160pen\u00e1t - Garafarm Trade Kft","robots":{"index":"index","follow":"follow","max-snippet":"max-snippet:-1","max-image-preview":"max-image-preview:large","max-video-preview":"max-video-preview:-1"},"canonical":"https:\/\/garafarm.hu\/cs\/magrovet-cs\/46019\/","og_locale":"cs_CZ","og_type":"article","og_title":"Matador \u0160pen\u00e1t - Garafarm Trade Kft","og_url":"https:\/\/garafarm.hu\/cs\/magrovet-cs\/46019\/","og_site_name":"Garafarm Trade Kft","article_modified_time":"2025-02-11T06:04:32+00:00","og_image":[{"width":905,"height":1291,"url":"https:\/\/garafarm.hu\/wp-content\/uploads\/2024\/08\/Matador_spenot_magszalag_front.jpg","type":"image\/jpeg"}],"twitter_card":"summary_large_image","schema":{"@context":"https:\/\/schema.org","@graph":[{"@type":"WebPage","@id":"https:\/\/garafarm.hu\/cs\/magrovet-cs\/46019\/","url":"https:\/\/garafarm.hu\/cs\/magrovet-cs\/46019\/","name":"Matador \u0160pen\u00e1t - Garafarm Trade Kft","isPartOf":{"@id":"https:\/\/garafarm.hu\/cs\/#website"},"primaryImageOfPage":{"@id":"https:\/\/garafarm.hu\/cs\/magrovet-cs\/46019\/#primaryimage"},"image":{"@id":"https:\/\/garafarm.hu\/cs\/magrovet-cs\/46019\/#primaryimage"},"thumbnailUrl":"https:\/\/garafarm.hu\/wp-content\/uploads\/2024\/08\/Matador_spenot_magszalag_front.jpg","datePublished":"2024-08-05T17:46:27+00:00","dateModified":"2025-02-11T06:04:32+00:00","breadcrumb":{"@id":"https:\/\/garafarm.hu\/cs\/magrovet-cs\/46019\/#breadcrumb"},"inLanguage":"cs","potentialAction":[{"@type":"ReadAction","target":["https:\/\/garafarm.hu\/cs\/magrovet-cs\/46019\/"]}]},{"@type":"ImageObject","inLanguage":"cs","@id":"https:\/\/garafarm.hu\/cs\/magrovet-cs\/46019\/#primaryimage","url":"https:\/\/garafarm.hu\/wp-content\/uploads\/2024\/08\/Matador_spenot_magszalag_front.jpg","contentUrl":"https:\/\/garafarm.hu\/wp-content\/uploads\/2024\/08\/Matador_spenot_magszalag_front.jpg","width":905,"height":1291},{"@type":"BreadcrumbList","@id":"https:\/\/garafarm.hu\/cs\/magrovet-cs\/46019\/#breadcrumb","itemListElement":[{"@type":"ListItem","position":1,"name":"Kezd\u0151lap","item":"https:\/\/garafarm.hu\/cs\/"},{"@type":"ListItem","position":2,"name":"Shop","item":"https:\/\/garafarm.hu\/shop\/"},{"@type":"ListItem","position":3,"name":"Matador \u0160pen\u00e1t"}]},{"@type":"WebSite","@id":"https:\/\/garafarm.hu\/cs\/#website","url":"https:\/\/garafarm.hu\/cs\/","name":"Garafarm Trade Kft","description":"Tasakos vet\u0151magel\u0151\u00e1ll\u00edt\u00e1s \u00e9s -forgalmaz\u00e1s Magyarorsz\u00e1gon.","publisher":{"@id":"https:\/\/garafarm.hu\/cs\/#organization"},"potentialAction":[{"@type":"SearchAction","target":{"@type":"EntryPoint","urlTemplate":"https:\/\/garafarm.hu\/cs\/?s={search_term_string}"},"query-input":{"@type":"PropertyValueSpecification","valueRequired":true,"valueName":"search_term_string"}}],"inLanguage":"cs"},{"@type":"Organization","@id":"https:\/\/garafarm.hu\/cs\/#organization","name":"Garafarm Trade Kft.","url":"https:\/\/garafarm.hu\/cs\/","logo":{"@type":"ImageObject","inLanguage":"cs","@id":"https:\/\/garafarm.hu\/cs\/#\/schema\/logo\/image\/","url":"https:\/\/garafarm.hu\/wp-content\/uploads\/2021\/12\/garafarm_header_logo_v2.svg","contentUrl":"https:\/\/garafarm.hu\/wp-content\/uploads\/2021\/12\/garafarm_header_logo_v2.svg","width":217,"height":65,"caption":"Garafarm Trade Kft."},"image":{"@id":"https:\/\/garafarm.hu\/cs\/#\/schema\/logo\/image\/"}}]}},"_links":{"self":[{"href":"https:\/\/garafarm.hu\/cs\/wp-json\/wp\/v2\/product\/5386","targetHints":{"allow":["GET"]}}],"collection":[{"href":"https:\/\/garafarm.hu\/cs\/wp-json\/wp\/v2\/product"}],"about":[{"href":"https:\/\/garafarm.hu\/cs\/wp-json\/wp\/v2\/types\/product"}],"wp:featuredmedia":[{"embeddable":true,"href":"https:\/\/garafarm.hu\/cs\/wp-json\/wp\/v2\/media\/5434"}],"wp:attachment":[{"href":"https:\/\/garafarm.hu\/cs\/wp-json\/wp\/v2\/media?parent=5386"}],"wp:term":[{"taxonomy":"product_brand","embeddable":true,"href":"https:\/\/garafarm.hu\/cs\/wp-json\/wp\/v2\/product_brand?post=5386"},{"taxonomy":"product_cat","embeddable":true,"href":"https:\/\/garafarm.hu\/cs\/wp-json\/wp\/v2\/product_cat?post=5386"},{"taxonomy":"product_tag","embeddable":true,"href":"https:\/\/garafarm.hu\/cs\/wp-json\/wp\/v2\/product_tag?post=5386"}],"curies":[{"name":"wp","href":"https:\/\/api.w.org\/{rel}","templated":true}]}}