{"id":5622,"date":"2025-02-11T11:56:31","date_gmt":"2025-02-11T09:56:31","guid":{"rendered":"https:\/\/garafarm.hu\/?post_type=product&#038;p=5622"},"modified":"2025-02-11T12:02:55","modified_gmt":"2025-02-11T10:02:55","slug":"borsocsalad-masolat","status":"publish","type":"product","link":"https:\/\/garafarm.hu\/cs\/neza\u0159azen\u00e9\/borsocsalad-masolat\/","title":{"rendered":"Het\u00e9nyi Tri\u00e1sz F1 paprika"},"content":{"rendered":"<div class=\"fusion-fullwidth fullwidth-box fusion-builder-row-1 fusion-flex-container has-pattern-background has-mask-background nonhundred-percent-fullwidth non-hundred-percent-height-scrolling\" style=\"background-color: rgba(255,255,255,0);background-position: center center;background-repeat: no-repeat;border-width: 0px 0px 0px 0px;border-color:#e2e2e2;border-style:solid;\" ><div class=\"fusion-builder-row fusion-row fusion-flex-align-items-flex-start\" style=\"max-width:1248px;margin-left: calc(-4% \/ 2 );margin-right: calc(-4% \/ 2 );\"><div class=\"fusion-layout-column fusion_builder_column fusion-builder-column-0 fusion_builder_column_1_1 1_1 fusion-flex-column\"><div class=\"fusion-column-wrapper fusion-flex-justify-content-flex-start fusion-content-layout-column\" style=\"background-position:left top;background-repeat:no-repeat;-webkit-background-size:cover;-moz-background-size:cover;-o-background-size:cover;background-size:cover;padding: 0px 0px 0px 0px;\"><div class=\"fusion-text fusion-text-1\"><p><b>Het\u00e9nyi Tri\u00e1sz F1\u00a0 \u2013 Er\u0151s Pista Cs\u00edp\u0151s F\u0171szerpaprika Vet\u0151mag<\/b><\/p>\n<p><span style=\"font-weight: 400;\">Fedezd fel a Het\u00e9nyi Tri\u00e1sz F1 f\u0171szerpaprika k\u00fcl\u00f6nleges vil\u00e1g\u00e1t, amely a cs\u00edp\u0151s \u00edzek szerelmeseinek igazi kincse! Ez a folyamatosan n\u00f6v\u0151, szabadf\u00f6ldi fajt\u00e1j\u00fa paprika t\u00f6k\u00e9letes v\u00e1laszt\u00e1s mindazok sz\u00e1m\u00e1ra, akik szeretn\u00e9k feldobni \u00e9teleiket egy kis cs\u00edp\u0151ss\u00e9ggel. Az Er\u0151s Pista n\u00e9pszer\u0171s\u00e9ge nem v\u00e9letlen: \u00edzletes, intenz\u00edv \u00edzvil\u00e1ga \u00e9s sz\u00e9p megjelen\u00e9se r\u00e9v\u00e9n nemcsak a konyh\u00e1ban, hanem a kertek d\u00edsz\u00edt\u00e9s\u00e9re is alkalmas.<\/span><\/p>\n<p><span style=\"font-weight: 400;\">Jellemz\u0151k:<\/span><\/p>\n<p><span style=\"font-weight: 400;\">A Het\u00e9nyi Tri\u00e1sz F1 paprika bogy\u00f3i cs\u00fcng\u0151 form\u00e1j\u00faak, \u00e9s kiv\u00e9telesen cs\u00edp\u0151s \u00edz\u0171ek, amelyeket 16-18 g-os t\u00f6meg jellemez. Ez a fajta rendk\u00edv\u00fcl ellen\u00e1ll\u00f3 a leggyakoribb n\u00f6v\u00e9nyi betegs\u00e9gekkel szemben, \u00edgy a termeszt\u0151i biztosak lehetnek abban, hogy a term\u00e9s kiv\u00e1l\u00f3 min\u0151s\u00e9g\u0171 lesz. Az Er\u0151s Pista k\u00e9sz\u00edt\u00e9s\u00e9re kifejlesztett paprika t\u00f6k\u00e9letes alapanyagot biztos\u00edt az \u00edzletes, karakteres f\u0171szerp\u00fcr\u00e9khez \u00e9s sz\u00e1r\u00edtva \u0151rlem\u00e9nyk\u00e9nt is remek\u00fcl meg\u00e1llja a hely\u00e9t.<\/span><\/p>\n<p><span style=\"font-weight: 400;\">Feldolgoz\u00e1si lehet\u0151s\u00e9gek:<\/span><\/p>\n<p><span style=\"font-weight: 400;\">A Het\u00e9nyi Tri\u00e1sz F1 f\u0171szerpaprika nemcsak frissen felhaszn\u00e1lhat\u00f3, hanem remek\u00fcl alkalmas k\u00fcl\u00f6nb\u00f6z\u0151 feldolgoz\u00e1si m\u00f3dszerekhez is. Az Er\u0151s Pista elk\u00e9sz\u00edt\u00e9s\u00e9hez elengedhetetlen, hiszen \u00edze \u00e9s cs\u00edp\u0151ss\u00e9ge r\u00e9v\u00e9n a legfinomabb f\u0171szerp\u00fcr\u00e9k alapj\u00e1t k\u00e9pezi. Sz\u00e1r\u00edtva \u00e9s \u0151r\u00f6lve pedig intenz\u00edv, gazdag arom\u00e1j\u00fa f\u0171szerpaprik\u00e1t kapunk, amely feldobja az \u00e9telek \u00edz\u00e9t, legyen sz\u00f3 levesekr\u0151l, p\u00f6rk\u00f6ltekr\u0151l vagy k\u00fcl\u00f6nf\u00e9le m\u00e1rt\u00e1sokr\u00f3l.<\/span><\/p>\n<p><span style=\"font-weight: 400;\">N\u00f6v\u00e9nytart\u00e1s:<\/span><\/p>\n<p><span style=\"font-weight: 400;\">A Het\u00e9nyi Tri\u00e1sz F1 paprika k\u00f6nnyen nevelhet\u0151, k\u00fcl\u00f6n\u00f6sen szabadf\u00f6ldi k\u00f6r\u00fclm\u00e9nyek k\u00f6z\u00f6tt. A megfelel\u0151 talajel\u0151k\u00e9sz\u00edt\u00e9s \u00e9s gondoz\u00e1s mellett a n\u00f6v\u00e9nyek gyorsan fejl\u0151dnek, \u00e9s gazdag term\u00e9st k\u00edn\u00e1lnak. A cs\u00edp\u0151s paprika ide\u00e1lis k\u00f6r\u00fclm\u00e9nyek k\u00f6z\u00f6tt egyenletesen \u00e9rik be, \u00edgy a gazd\u00e1k b\u0151s\u00e9ges term\u00e9sre sz\u00e1m\u00edthatnak.<\/span><\/p>\n<p><span style=\"font-weight: 400;\">Mi\u00e9rt v\u00e1laszd a Het\u00e9nyi Tri\u00e1sz F1 f\u0171szerpaprik\u00e1t?<\/span><\/p>\n<p><span style=\"font-weight: 400;\">&#8211; Kiv\u00e1l\u00f3 \u00edz: Cs\u00edp\u0151s \u00e9s arom\u00e1s, t\u00f6k\u00e9letesen illik a magyar konyh\u00e1ba.<\/span><\/p>\n<p><span style=\"font-weight: 400;\">&#8211; Betegs\u00e9gekkel szembeni ellen\u00e1ll\u00e1s: A n\u00f6v\u00e9nyek er\u0151sek, ellen\u00e1llnak a gyakori betegs\u00e9geknek.<\/span><\/p>\n<p><span style=\"font-weight: 400;\">&#8211; Sokoldal\u00fas\u00e1g: Frissen, sz\u00e1r\u00edtva \u00e9s \u0151r\u00f6lve is felhaszn\u00e1lhat\u00f3, sz\u00e1mos \u00e9tel \u00edzes\u00edt\u00e9s\u00e9re alkalmas.<\/span><\/p>\n<p><span style=\"font-weight: 400;\">&#8211; Szabadf\u00f6ldi termeszt\u00e9s: Ide\u00e1lis v\u00e1laszt\u00e1s kert\u00e9szek \u00e9s h\u00e1zi felhaszn\u00e1l\u00f3k sz\u00e1m\u00e1ra egyar\u00e1nt.<\/span><\/p>\n<p><span style=\"font-weight: 400;\">Fedezd fel a Het\u00e9nyi Tri\u00e1sz F1 f\u0171szerpaprika adta lehet\u0151s\u00e9geket, \u00e9s tedd sz\u00ednesebb\u00e9 \u00e9teleidet a cs\u00edp\u0151s \u00edzek vil\u00e1g\u00e1val!\u00a0<\/span><\/p>\n<\/div><\/div><style type=\"text\/css\">.fusion-body .fusion-builder-column-0{width:100% !important;margin-top : 0px;margin-bottom : 20px;}.fusion-builder-column-0 > .fusion-column-wrapper {padding-top : 0px !important;padding-right : 0px !important;margin-right : 1.92%;padding-bottom : 0px !important;padding-left : 0px !important;margin-left : 1.92%;}@media only screen and (max-width:1024px) {.fusion-body .fusion-builder-column-0{width:100% !important;order : 0;}.fusion-builder-column-0 > .fusion-column-wrapper {margin-right : 1.92%;margin-left : 1.92%;}}@media only screen and (max-width:640px) {.fusion-body .fusion-builder-column-0{width:100% !important;order : 0;}.fusion-builder-column-0 > .fusion-column-wrapper {margin-right : 1.92%;margin-left : 1.92%;}}<\/style><\/div><\/div><style type=\"text\/css\">.fusion-body .fusion-flex-container.fusion-builder-row-1{ padding-top : 0px;margin-top : 0px;padding-right : 0px;padding-bottom : 0px;margin-bottom : 0px;padding-left : 0px;}<\/style><\/div>\n","protected":false},"excerpt":{"rendered":"<p><br data-mce-bogus=\"1\"><\/p>\n","protected":false},"featured_media":5625,"template":"","meta":{"inline_featured_image":false},"product_brand":[],"product_cat":[],"product_tag":[],"class_list":{"0":"post-5622","1":"product","2":"type-product","3":"status-publish","4":"has-post-thumbnail","7":"first","8":"instock","9":"shipping-taxable","10":"product-type-simple"},"yoast_head":"<!-- This site is optimized with the Yoast SEO plugin v24.4 - https:\/\/yoast.com\/wordpress\/plugins\/seo\/ -->\n<title>Het\u00e9nyi Tri\u00e1sz F1 paprika - Garafarm Trade Kft<\/title>\n<meta name=\"robots\" content=\"index, follow, max-snippet:-1, max-image-preview:large, max-video-preview:-1\" \/>\n<link rel=\"canonical\" href=\"https:\/\/garafarm.hu\/cs\/neza\u0159azen\u00e9\/borsocsalad-masolat\/\" \/>\n<meta property=\"og:locale\" content=\"cs_CZ\" \/>\n<meta property=\"og:type\" content=\"article\" \/>\n<meta property=\"og:title\" content=\"Het\u00e9nyi Tri\u00e1sz F1 paprika - Garafarm Trade Kft\" \/>\n<meta property=\"og:url\" content=\"https:\/\/garafarm.hu\/cs\/neza\u0159azen\u00e9\/borsocsalad-masolat\/\" \/>\n<meta property=\"og:site_name\" content=\"Garafarm Trade Kft\" \/>\n<meta property=\"article:modified_time\" content=\"2025-02-11T10:02:55+00:00\" \/>\n<meta property=\"og:image\" content=\"https:\/\/garafarm.hu\/wp-content\/uploads\/2025\/02\/Eros-Pista-Hetenyi-Triasz-F1-e.jpg\" \/>\n\t<meta property=\"og:image:width\" content=\"811\" \/>\n\t<meta property=\"og:image:height\" content=\"1311\" \/>\n\t<meta property=\"og:image:type\" content=\"image\/jpeg\" \/>\n<meta name=\"twitter:card\" content=\"summary_large_image\" \/>\n<script type=\"application\/ld+json\" class=\"yoast-schema-graph\">{\"@context\":\"https:\/\/schema.org\",\"@graph\":[{\"@type\":\"WebPage\",\"@id\":\"https:\/\/garafarm.hu\/cs\/neza\u0159azen\u00e9\/borsocsalad-masolat\/\",\"url\":\"https:\/\/garafarm.hu\/cs\/neza\u0159azen\u00e9\/borsocsalad-masolat\/\",\"name\":\"Het\u00e9nyi Tri\u00e1sz F1 paprika - Garafarm Trade Kft\",\"isPartOf\":{\"@id\":\"https:\/\/garafarm.hu\/cs\/#website\"},\"primaryImageOfPage\":{\"@id\":\"https:\/\/garafarm.hu\/cs\/neza\u0159azen\u00e9\/borsocsalad-masolat\/#primaryimage\"},\"image\":{\"@id\":\"https:\/\/garafarm.hu\/cs\/neza\u0159azen\u00e9\/borsocsalad-masolat\/#primaryimage\"},\"thumbnailUrl\":\"https:\/\/garafarm.hu\/wp-content\/uploads\/2025\/02\/Eros-Pista-Hetenyi-Triasz-F1-e.jpg\",\"datePublished\":\"2025-02-11T09:56:31+00:00\",\"dateModified\":\"2025-02-11T10:02:55+00:00\",\"breadcrumb\":{\"@id\":\"https:\/\/garafarm.hu\/cs\/neza\u0159azen\u00e9\/borsocsalad-masolat\/#breadcrumb\"},\"inLanguage\":\"cs\",\"potentialAction\":[{\"@type\":\"ReadAction\",\"target\":[\"https:\/\/garafarm.hu\/cs\/neza\u0159azen\u00e9\/borsocsalad-masolat\/\"]}]},{\"@type\":\"ImageObject\",\"inLanguage\":\"cs\",\"@id\":\"https:\/\/garafarm.hu\/cs\/neza\u0159azen\u00e9\/borsocsalad-masolat\/#primaryimage\",\"url\":\"https:\/\/garafarm.hu\/wp-content\/uploads\/2025\/02\/Eros-Pista-Hetenyi-Triasz-F1-e.jpg\",\"contentUrl\":\"https:\/\/garafarm.hu\/wp-content\/uploads\/2025\/02\/Eros-Pista-Hetenyi-Triasz-F1-e.jpg\",\"width\":811,\"height\":1311},{\"@type\":\"BreadcrumbList\",\"@id\":\"https:\/\/garafarm.hu\/cs\/neza\u0159azen\u00e9\/borsocsalad-masolat\/#breadcrumb\",\"itemListElement\":[{\"@type\":\"ListItem\",\"position\":1,\"name\":\"Kezd\u0151lap\",\"item\":\"https:\/\/garafarm.hu\/cs\/\"},{\"@type\":\"ListItem\",\"position\":2,\"name\":\"Shop\",\"item\":\"https:\/\/garafarm.hu\/shop\/\"},{\"@type\":\"ListItem\",\"position\":3,\"name\":\"Het\u00e9nyi Tri\u00e1sz F1 paprika\"}]},{\"@type\":\"WebSite\",\"@id\":\"https:\/\/garafarm.hu\/cs\/#website\",\"url\":\"https:\/\/garafarm.hu\/cs\/\",\"name\":\"Garafarm Trade Kft\",\"description\":\"Tasakos vet\u0151magel\u0151\u00e1ll\u00edt\u00e1s \u00e9s -forgalmaz\u00e1s Magyarorsz\u00e1gon.\",\"publisher\":{\"@id\":\"https:\/\/garafarm.hu\/cs\/#organization\"},\"potentialAction\":[{\"@type\":\"SearchAction\",\"target\":{\"@type\":\"EntryPoint\",\"urlTemplate\":\"https:\/\/garafarm.hu\/cs\/?s={search_term_string}\"},\"query-input\":{\"@type\":\"PropertyValueSpecification\",\"valueRequired\":true,\"valueName\":\"search_term_string\"}}],\"inLanguage\":\"cs\"},{\"@type\":\"Organization\",\"@id\":\"https:\/\/garafarm.hu\/cs\/#organization\",\"name\":\"Garafarm Trade Kft.\",\"url\":\"https:\/\/garafarm.hu\/cs\/\",\"logo\":{\"@type\":\"ImageObject\",\"inLanguage\":\"cs\",\"@id\":\"https:\/\/garafarm.hu\/cs\/#\/schema\/logo\/image\/\",\"url\":\"https:\/\/garafarm.hu\/wp-content\/uploads\/2021\/12\/garafarm_header_logo_v2.svg\",\"contentUrl\":\"https:\/\/garafarm.hu\/wp-content\/uploads\/2021\/12\/garafarm_header_logo_v2.svg\",\"width\":217,\"height\":65,\"caption\":\"Garafarm Trade Kft.\"},\"image\":{\"@id\":\"https:\/\/garafarm.hu\/cs\/#\/schema\/logo\/image\/\"}}]}<\/script>\n<!-- \/ Yoast SEO plugin. -->","yoast_head_json":{"title":"Het\u00e9nyi Tri\u00e1sz F1 paprika - Garafarm Trade Kft","robots":{"index":"index","follow":"follow","max-snippet":"max-snippet:-1","max-image-preview":"max-image-preview:large","max-video-preview":"max-video-preview:-1"},"canonical":"https:\/\/garafarm.hu\/cs\/neza\u0159azen\u00e9\/borsocsalad-masolat\/","og_locale":"cs_CZ","og_type":"article","og_title":"Het\u00e9nyi Tri\u00e1sz F1 paprika - Garafarm Trade Kft","og_url":"https:\/\/garafarm.hu\/cs\/neza\u0159azen\u00e9\/borsocsalad-masolat\/","og_site_name":"Garafarm Trade Kft","article_modified_time":"2025-02-11T10:02:55+00:00","og_image":[{"width":811,"height":1311,"url":"https:\/\/garafarm.hu\/wp-content\/uploads\/2025\/02\/Eros-Pista-Hetenyi-Triasz-F1-e.jpg","type":"image\/jpeg"}],"twitter_card":"summary_large_image","schema":{"@context":"https:\/\/schema.org","@graph":[{"@type":"WebPage","@id":"https:\/\/garafarm.hu\/cs\/neza\u0159azen\u00e9\/borsocsalad-masolat\/","url":"https:\/\/garafarm.hu\/cs\/neza\u0159azen\u00e9\/borsocsalad-masolat\/","name":"Het\u00e9nyi Tri\u00e1sz F1 paprika - Garafarm Trade Kft","isPartOf":{"@id":"https:\/\/garafarm.hu\/cs\/#website"},"primaryImageOfPage":{"@id":"https:\/\/garafarm.hu\/cs\/neza\u0159azen\u00e9\/borsocsalad-masolat\/#primaryimage"},"image":{"@id":"https:\/\/garafarm.hu\/cs\/neza\u0159azen\u00e9\/borsocsalad-masolat\/#primaryimage"},"thumbnailUrl":"https:\/\/garafarm.hu\/wp-content\/uploads\/2025\/02\/Eros-Pista-Hetenyi-Triasz-F1-e.jpg","datePublished":"2025-02-11T09:56:31+00:00","dateModified":"2025-02-11T10:02:55+00:00","breadcrumb":{"@id":"https:\/\/garafarm.hu\/cs\/neza\u0159azen\u00e9\/borsocsalad-masolat\/#breadcrumb"},"inLanguage":"cs","potentialAction":[{"@type":"ReadAction","target":["https:\/\/garafarm.hu\/cs\/neza\u0159azen\u00e9\/borsocsalad-masolat\/"]}]},{"@type":"ImageObject","inLanguage":"cs","@id":"https:\/\/garafarm.hu\/cs\/neza\u0159azen\u00e9\/borsocsalad-masolat\/#primaryimage","url":"https:\/\/garafarm.hu\/wp-content\/uploads\/2025\/02\/Eros-Pista-Hetenyi-Triasz-F1-e.jpg","contentUrl":"https:\/\/garafarm.hu\/wp-content\/uploads\/2025\/02\/Eros-Pista-Hetenyi-Triasz-F1-e.jpg","width":811,"height":1311},{"@type":"BreadcrumbList","@id":"https:\/\/garafarm.hu\/cs\/neza\u0159azen\u00e9\/borsocsalad-masolat\/#breadcrumb","itemListElement":[{"@type":"ListItem","position":1,"name":"Kezd\u0151lap","item":"https:\/\/garafarm.hu\/cs\/"},{"@type":"ListItem","position":2,"name":"Shop","item":"https:\/\/garafarm.hu\/shop\/"},{"@type":"ListItem","position":3,"name":"Het\u00e9nyi Tri\u00e1sz F1 paprika"}]},{"@type":"WebSite","@id":"https:\/\/garafarm.hu\/cs\/#website","url":"https:\/\/garafarm.hu\/cs\/","name":"Garafarm Trade Kft","description":"Tasakos vet\u0151magel\u0151\u00e1ll\u00edt\u00e1s \u00e9s -forgalmaz\u00e1s Magyarorsz\u00e1gon.","publisher":{"@id":"https:\/\/garafarm.hu\/cs\/#organization"},"potentialAction":[{"@type":"SearchAction","target":{"@type":"EntryPoint","urlTemplate":"https:\/\/garafarm.hu\/cs\/?s={search_term_string}"},"query-input":{"@type":"PropertyValueSpecification","valueRequired":true,"valueName":"search_term_string"}}],"inLanguage":"cs"},{"@type":"Organization","@id":"https:\/\/garafarm.hu\/cs\/#organization","name":"Garafarm Trade Kft.","url":"https:\/\/garafarm.hu\/cs\/","logo":{"@type":"ImageObject","inLanguage":"cs","@id":"https:\/\/garafarm.hu\/cs\/#\/schema\/logo\/image\/","url":"https:\/\/garafarm.hu\/wp-content\/uploads\/2021\/12\/garafarm_header_logo_v2.svg","contentUrl":"https:\/\/garafarm.hu\/wp-content\/uploads\/2021\/12\/garafarm_header_logo_v2.svg","width":217,"height":65,"caption":"Garafarm Trade Kft."},"image":{"@id":"https:\/\/garafarm.hu\/cs\/#\/schema\/logo\/image\/"}}]}},"_links":{"self":[{"href":"https:\/\/garafarm.hu\/cs\/wp-json\/wp\/v2\/product\/5622","targetHints":{"allow":["GET"]}}],"collection":[{"href":"https:\/\/garafarm.hu\/cs\/wp-json\/wp\/v2\/product"}],"about":[{"href":"https:\/\/garafarm.hu\/cs\/wp-json\/wp\/v2\/types\/product"}],"wp:featuredmedia":[{"embeddable":true,"href":"https:\/\/garafarm.hu\/cs\/wp-json\/wp\/v2\/media\/5625"}],"wp:attachment":[{"href":"https:\/\/garafarm.hu\/cs\/wp-json\/wp\/v2\/media?parent=5622"}],"wp:term":[{"taxonomy":"product_brand","embeddable":true,"href":"https:\/\/garafarm.hu\/cs\/wp-json\/wp\/v2\/product_brand?post=5622"},{"taxonomy":"product_cat","embeddable":true,"href":"https:\/\/garafarm.hu\/cs\/wp-json\/wp\/v2\/product_cat?post=5622"},{"taxonomy":"product_tag","embeddable":true,"href":"https:\/\/garafarm.hu\/cs\/wp-json\/wp\/v2\/product_tag?post=5622"}],"curies":[{"name":"wp","href":"https:\/\/api.w.org\/{rel}","templated":true}]}}