{"id":3815,"date":"2022-08-10T13:24:07","date_gmt":"2022-08-10T11:24:07","guid":{"rendered":"https:\/\/garafarm.hu\/termek\/bohocvirag\/"},"modified":"2022-12-07T17:32:28","modified_gmt":"2022-12-07T15:32:28","slug":"floarea-maimutei","status":"publish","type":"product","link":"https:\/\/garafarm.hu\/ro\/eco\/floarea-maimutei\/","title":{"rendered":"Floarea maimu\u021bei"},"content":{"rendered":"<div class=\"fusion-fullwidth fullwidth-box fusion-builder-row-1 fusion-flex-container has-pattern-background has-mask-background nonhundred-percent-fullwidth non-hundred-percent-height-scrolling\" style=\"background-color: rgba(255,255,255,0);background-position: center center;background-repeat: no-repeat;border-width: 0px 0px 0px 0px;border-color:#e2e2e2;border-style:solid;\" ><div class=\"fusion-builder-row fusion-row fusion-flex-align-items-flex-start\" style=\"max-width:1248px;margin-left: calc(-4% \/ 2 );margin-right: calc(-4% \/ 2 );\"><div class=\"fusion-layout-column fusion_builder_column fusion-builder-column-0 fusion_builder_column_1_1 1_1 fusion-flex-column\"><div class=\"fusion-column-wrapper fusion-flex-justify-content-flex-start fusion-content-layout-column\" style=\"background-position:left top;background-repeat:no-repeat;-webkit-background-size:cover;-moz-background-size:cover;-o-background-size:cover;background-size:cover;padding: 0px 0px 0px 0px;\"><style type=\"text\/css\">@media only screen and (max-width:1024px) {.fusion-title.fusion-title-1{margin-top:10px!important; margin-right:0px!important;margin-bottom:15px!important;margin-left:0px!important;}}@media only screen and (max-width:640px) {.fusion-title.fusion-title-1{margin-top:10px!important; margin-right:0px!important;margin-bottom:10px!important; margin-left:0px!important;}}<\/style><div class=\"fusion-title title fusion-title-1 fusion-sep-none fusion-title-text fusion-title-size-three\" style=\"font-size:45px;margin-top:10px;margin-right:0px;margin-bottom:15px;margin-left:0px;\"><h3 class=\"title-heading-left fusion-responsive-typography-calculated\" style=\"font-family:&quot;Amatic SC&quot;;font-weight:700;margin:0;font-size:1em;color:var(--awb-color6);--fontSize:45;line-height:1.33;\">Floarea maimu\u021bei<\/h3><\/div><ul class=\"fusion-checklist fusion-checklist-1\" style=\"font-size:16px;line-height:27.2px;\"><li style=\"background-color:rgba(255,255,255,0);\" class=\"fusion-li-item\"><span style=\"height:27.2px;width:27.2px;margin-right:11.2px;\" class=\"icon-wrapper circle-no\"><i class=\"fusion-li-icon fa-chevron-right fas\" style=\"color:var(--awb-custom13);\" aria-hidden=\"true\"><\/i><\/span><div class=\"fusion-li-item-content\" style=\"margin-left:38.4px;color:#4a4e57;\">\n<p>Mimulus x hybrida<\/p>\n<\/div><\/li><li style=\"background-color:rgba(255,255,255,0);\" class=\"fusion-li-item\"><span style=\"height:27.2px;width:27.2px;margin-right:11.2px;\" class=\"icon-wrapper circle-no\"><i class=\"fusion-li-icon fa-chevron-right fas\" style=\"color:var(--awb-custom13);\" aria-hidden=\"true\"><\/i><\/span><div class=\"fusion-li-item-content\" style=\"margin-left:38.4px;color:#4a4e57;\">\n<p>Magic F1 Total mix<\/p>\n<\/div><\/li><li style=\"background-color:rgba(255,255,255,0);\" class=\"fusion-li-item\"><span style=\"height:27.2px;width:27.2px;margin-right:11.2px;\" class=\"icon-wrapper circle-no\"><i class=\"fusion-li-icon fa-chevron-right fas\" style=\"color:var(--awb-custom13);\" aria-hidden=\"true\"><\/i><\/span><div class=\"fusion-li-item-content\" style=\"margin-left:38.4px;color:#4a4e57;\">\n<p>Bucat\u0103: 15<\/p>\n<\/div><\/li><li style=\"background-color:rgba(255,255,255,0);\" class=\"fusion-li-item\"><span style=\"height:27.2px;width:27.2px;margin-right:11.2px;\" class=\"icon-wrapper circle-no\"><i class=\"fusion-li-icon fa-chevron-right fas\" style=\"color:var(--awb-custom13);\" aria-hidden=\"true\"><\/i><\/span><div class=\"fusion-li-item-content\" style=\"margin-left:38.4px;color:#4a4e57;\">\n<span class=\"fusion-popover popover-1\" data-animation=\"1\" data-class=\"popover-1\" data-container=\"popover-1\" data-content=\" \u00cen cazul plantelor noastre care au semin\u021be mici, oferim clien\u021bilor no\u0219tri semin\u021be tip pilule. Prin acest procedeu, semin\u021bele primesc un \u00eenveli\u0219 special, care le m\u0103re\u0219te dimensiunea, astfel \u00eenc\u00e2t s\u0103 poat\u0103 fi \u00eens\u0103m\u00e2n\u021bate mai u\u0219or, iar ca urmare, germina\u021bia \u0219i dezvoltarea vor fi mai uniforme. Acest aditiv se dizolv\u0103 sub influen\u021ba umidit\u0103\u021bii, a\u0219a c\u0103 trebuie acordat\u0103 o aten\u021bie deosebit\u0103 solului umed deja atunci c\u00e2nd semin\u021bele sunt \u00eempr\u0103\u0219tiate, iar udarea continu\u0103 este, de asemenea, esen\u021bial\u0103 dup\u0103 aceea.\" data-delay=\"50\" data-placement=\"top\" data-title=\"Peletizat\" data-toggle=\"popover\" data-trigger=\"hover\"><style type=\"text\/css\">.popover.popover-1 { border-color:#ddd; }.popover.popover-1 .popover-title{background-color:#ffffff;color:#333333;border-color:#ddd;}.popover.popover-1 .popover-content{background-color:#ffffff;color:#333333;}.popover.popover-1.top .arrow{border-top-color:#ddd;}.popover.popover-1.top .arrow:after{border-top-color:#ffffff;}<\/style>Peletizat: <i class=\"fb-icon-element-1 fb-icon-element fontawesome-icon fa-check fas circle-no fusion-text-flow\" style=\"font-size:16px;margin-right:8px;\"><\/i><style>i.fb-icon-element.fontawesome-icon.fb-icon-element-1{ color: var(--awb-color6);}i.fb-icon-element.fontawesome-icon.fb-icon-element-1:hover { color: var(--awb-color6);}<\/style><i class=\"fb-icon-element-2 fb-icon-element fontawesome-icon fa-info-circle fas circle-no fusion-text-flow\" style=\"font-size:16px;margin-right:10px;\"><\/i><style>i.fb-icon-element.fontawesome-icon.fb-icon-element-2{ color: var(--awb-color6);}i.fb-icon-element.fontawesome-icon.fb-icon-element-2:hover { color: var(--awb-color6);}<\/style><\/span>\n<\/div><\/li><\/ul><div class=\"fusion-separator fusion-full-width-sep\" style=\"align-self: center;margin-left: auto;margin-right: auto;margin-top:20px;width:100%;\"><\/div><div class=\"fusion-text fusion-text-1 fusion-text-no-margin\" style=\"color:var(--awb-color5);font-family:&quot;Montserrat&quot;;font-weight:400;margin-top:0px;margin-bottom:0px;\"><p>Este o plant\u0103 anual\u0103, originar\u0103 din America de Nord. Semin\u021bele pot fi sem\u0103nate \u00eentre aprilie \u0219i mai \u0219i au nevoie de cel pu\u021bin 20-25\u00b0C pentru a germina. Sem\u0103natul trebuie acoperit cu o folie transparent\u0103 sau o sticl\u0103 pentru a preveni uscarea. La plantare, trebuie s\u0103 a\u0219tepta\u021bi s\u0103 treac\u0103 temperaturile sc\u0103zute, deoarece este deosebit de sensibil\u0103 la \u00eenghe\u021b. Cre\u0219te \u00een tufi\u0219uri \u0219i poate atinge o \u00een\u0103l\u021bime de 20-25 de centimetri. Florile uscate trebuie \u00eendep\u0103rtate pentru a \u00eencuraja planta s\u0103 \u00eenfloreasc\u0103 din nou. \u00cei plac locurile semiumbrite. Necesarul s\u0103u de ap\u0103 este mare, a\u0219a c\u0103 are nevoie de un p\u0103m\u00e2nt \u00eembog\u0103\u021bit, bine drenat, permeabil. Pute\u021bi admira florile mari, decorative ale plantei din luna mai p\u00e2n\u0103 \u00een septembrie. Este alegere excelent\u0103 pentru paturi de flori mixte sau cutii de balcon. \u00cengrijirea necorespunz\u0103toare poate sl\u0103bi planta, astfel poate fi atacat\u0103 de acarieni, afide \u0219i f\u0103inarea. Frunzele florii sunt comestibile, gustul este pu\u021bin amar, poate completa salatele.<\/p>\n<\/div><\/div><style type=\"text\/css\">.fusion-body .fusion-builder-column-0{width:100% !important;margin-top : 0px;margin-bottom : 0px;}.fusion-builder-column-0 > .fusion-column-wrapper {padding-top : 0px !important;padding-right : 0px !important;margin-right : 1.92%;padding-bottom : 0px !important;padding-left : 0px !important;margin-left : 1.92%;}@media only screen and (max-width:1024px) {.fusion-body .fusion-builder-column-0{width:100% !important;order : 0;}.fusion-builder-column-0 > .fusion-column-wrapper {margin-right : 1.92%;margin-left : 1.92%;}}@media only screen and (max-width:640px) {.fusion-body .fusion-builder-column-0{width:100% !important;order : 0;}.fusion-builder-column-0 > .fusion-column-wrapper {margin-right : 1.92%;margin-left : 1.92%;}}<\/style><\/div><\/div><style type=\"text\/css\">.fusion-body .fusion-flex-container.fusion-builder-row-1{ padding-top : 0px;margin-top : 0px;padding-right : 0px;padding-bottom : 0px;margin-bottom : 0px;padding-left : 0px;}<\/style><\/div>\n","protected":false},"excerpt":{"rendered":"<p>Este o plant\u0103 anual\u0103, originar\u0103 din America de Nord. Semin\u021bele pot fi sem\u0103nate \u00eentre aprilie \u0219i mai \u0219i au nevoie de cel pu\u021bin 20-25\u00b0C pentru a germina. Sem\u0103natul trebuie acoperit cu o folie transparent\u0103 sau o sticl\u0103 pentru a preveni uscarea.<\/p>\n","protected":false},"featured_media":3517,"template":"","meta":{"inline_featured_image":false},"product_brand":[],"product_cat":[113],"product_tag":[],"class_list":{"0":"post-3815","1":"product","2":"type-product","3":"status-publish","4":"has-post-thumbnail","6":"product_cat-eco","8":"first","9":"instock","10":"shipping-taxable","11":"product-type-simple"},"yoast_head":"<!-- This site is optimized with the Yoast SEO plugin v24.4 - https:\/\/yoast.com\/wordpress\/plugins\/seo\/ -->\n<title>Floarea maimu\u021bei - Garafarm Trade Kft<\/title>\n<meta name=\"robots\" content=\"index, follow, max-snippet:-1, max-image-preview:large, max-video-preview:-1\" \/>\n<link rel=\"canonical\" href=\"https:\/\/garafarm.hu\/ro\/eco\/floarea-maimutei\/\" \/>\n<meta property=\"og:locale\" content=\"ro_RO\" \/>\n<meta property=\"og:type\" content=\"article\" \/>\n<meta property=\"og:title\" content=\"Floarea maimu\u021bei - Garafarm Trade Kft\" \/>\n<meta property=\"og:description\" content=\"Este o plant\u0103 anual\u0103, originar\u0103 din America de Nord. Semin\u021bele pot fi sem\u0103nate \u00eentre aprilie \u0219i mai \u0219i au nevoie de cel pu\u021bin 20-25\u00b0C pentru a germina. Sem\u0103natul trebuie acoperit cu o folie transparent\u0103 sau o sticl\u0103 pentru a preveni uscarea.\" \/>\n<meta property=\"og:url\" content=\"https:\/\/garafarm.hu\/ro\/eco\/floarea-maimutei\/\" \/>\n<meta property=\"og:site_name\" content=\"Garafarm Trade Kft\" \/>\n<meta property=\"article:modified_time\" content=\"2022-12-07T15:32:28+00:00\" \/>\n<meta property=\"og:image\" content=\"https:\/\/garafarm.hu\/wp-content\/uploads\/2022\/08\/garafarm_eco_bohocvirag_termekkep.jpg\" \/>\n\t<meta property=\"og:image:width\" content=\"1355\" \/>\n\t<meta property=\"og:image:height\" content=\"1893\" \/>\n\t<meta property=\"og:image:type\" content=\"image\/jpeg\" \/>\n<meta name=\"twitter:card\" content=\"summary_large_image\" \/>\n<script type=\"application\/ld+json\" class=\"yoast-schema-graph\">{\"@context\":\"https:\/\/schema.org\",\"@graph\":[{\"@type\":\"WebPage\",\"@id\":\"https:\/\/garafarm.hu\/ro\/eco\/floarea-maimutei\/\",\"url\":\"https:\/\/garafarm.hu\/ro\/eco\/floarea-maimutei\/\",\"name\":\"Floarea maimu\u021bei - Garafarm Trade Kft\",\"isPartOf\":{\"@id\":\"https:\/\/garafarm.hu\/ro\/#website\"},\"primaryImageOfPage\":{\"@id\":\"https:\/\/garafarm.hu\/ro\/eco\/floarea-maimutei\/#primaryimage\"},\"image\":{\"@id\":\"https:\/\/garafarm.hu\/ro\/eco\/floarea-maimutei\/#primaryimage\"},\"thumbnailUrl\":\"https:\/\/garafarm.hu\/wp-content\/uploads\/2022\/08\/garafarm_eco_bohocvirag_termekkep.jpg\",\"datePublished\":\"2022-08-10T11:24:07+00:00\",\"dateModified\":\"2022-12-07T15:32:28+00:00\",\"breadcrumb\":{\"@id\":\"https:\/\/garafarm.hu\/ro\/eco\/floarea-maimutei\/#breadcrumb\"},\"inLanguage\":\"ro-RO\",\"potentialAction\":[{\"@type\":\"ReadAction\",\"target\":[\"https:\/\/garafarm.hu\/ro\/eco\/floarea-maimutei\/\"]}]},{\"@type\":\"ImageObject\",\"inLanguage\":\"ro-RO\",\"@id\":\"https:\/\/garafarm.hu\/ro\/eco\/floarea-maimutei\/#primaryimage\",\"url\":\"https:\/\/garafarm.hu\/wp-content\/uploads\/2022\/08\/garafarm_eco_bohocvirag_termekkep.jpg\",\"contentUrl\":\"https:\/\/garafarm.hu\/wp-content\/uploads\/2022\/08\/garafarm_eco_bohocvirag_termekkep.jpg\",\"width\":1355,\"height\":1893},{\"@type\":\"BreadcrumbList\",\"@id\":\"https:\/\/garafarm.hu\/ro\/eco\/floarea-maimutei\/#breadcrumb\",\"itemListElement\":[{\"@type\":\"ListItem\",\"position\":1,\"name\":\"Kezd\u0151lap\",\"item\":\"https:\/\/garafarm.hu\/ro\/\"},{\"@type\":\"ListItem\",\"position\":2,\"name\":\"Shop\",\"item\":\"https:\/\/garafarm.hu\/shop\/\"},{\"@type\":\"ListItem\",\"position\":3,\"name\":\"Floarea maimu\u021bei\"}]},{\"@type\":\"WebSite\",\"@id\":\"https:\/\/garafarm.hu\/ro\/#website\",\"url\":\"https:\/\/garafarm.hu\/ro\/\",\"name\":\"Garafarm Trade Kft\",\"description\":\"Tasakos vet\u0151magel\u0151\u00e1ll\u00edt\u00e1s \u00e9s -forgalmaz\u00e1s Magyarorsz\u00e1gon.\",\"publisher\":{\"@id\":\"https:\/\/garafarm.hu\/ro\/#organization\"},\"potentialAction\":[{\"@type\":\"SearchAction\",\"target\":{\"@type\":\"EntryPoint\",\"urlTemplate\":\"https:\/\/garafarm.hu\/ro\/?s={search_term_string}\"},\"query-input\":{\"@type\":\"PropertyValueSpecification\",\"valueRequired\":true,\"valueName\":\"search_term_string\"}}],\"inLanguage\":\"ro-RO\"},{\"@type\":\"Organization\",\"@id\":\"https:\/\/garafarm.hu\/ro\/#organization\",\"name\":\"Garafarm Trade Kft.\",\"url\":\"https:\/\/garafarm.hu\/ro\/\",\"logo\":{\"@type\":\"ImageObject\",\"inLanguage\":\"ro-RO\",\"@id\":\"https:\/\/garafarm.hu\/ro\/#\/schema\/logo\/image\/\",\"url\":\"https:\/\/garafarm.hu\/wp-content\/uploads\/2021\/12\/garafarm_header_logo_v2.svg\",\"contentUrl\":\"https:\/\/garafarm.hu\/wp-content\/uploads\/2021\/12\/garafarm_header_logo_v2.svg\",\"width\":217,\"height\":65,\"caption\":\"Garafarm Trade Kft.\"},\"image\":{\"@id\":\"https:\/\/garafarm.hu\/ro\/#\/schema\/logo\/image\/\"}}]}<\/script>\n<!-- \/ Yoast SEO plugin. -->","yoast_head_json":{"title":"Floarea maimu\u021bei - Garafarm Trade Kft","robots":{"index":"index","follow":"follow","max-snippet":"max-snippet:-1","max-image-preview":"max-image-preview:large","max-video-preview":"max-video-preview:-1"},"canonical":"https:\/\/garafarm.hu\/ro\/eco\/floarea-maimutei\/","og_locale":"ro_RO","og_type":"article","og_title":"Floarea maimu\u021bei - Garafarm Trade Kft","og_description":"Este o plant\u0103 anual\u0103, originar\u0103 din America de Nord. Semin\u021bele pot fi sem\u0103nate \u00eentre aprilie \u0219i mai \u0219i au nevoie de cel pu\u021bin 20-25\u00b0C pentru a germina. Sem\u0103natul trebuie acoperit cu o folie transparent\u0103 sau o sticl\u0103 pentru a preveni uscarea.","og_url":"https:\/\/garafarm.hu\/ro\/eco\/floarea-maimutei\/","og_site_name":"Garafarm Trade Kft","article_modified_time":"2022-12-07T15:32:28+00:00","og_image":[{"width":1355,"height":1893,"url":"https:\/\/garafarm.hu\/wp-content\/uploads\/2022\/08\/garafarm_eco_bohocvirag_termekkep.jpg","type":"image\/jpeg"}],"twitter_card":"summary_large_image","schema":{"@context":"https:\/\/schema.org","@graph":[{"@type":"WebPage","@id":"https:\/\/garafarm.hu\/ro\/eco\/floarea-maimutei\/","url":"https:\/\/garafarm.hu\/ro\/eco\/floarea-maimutei\/","name":"Floarea maimu\u021bei - Garafarm Trade Kft","isPartOf":{"@id":"https:\/\/garafarm.hu\/ro\/#website"},"primaryImageOfPage":{"@id":"https:\/\/garafarm.hu\/ro\/eco\/floarea-maimutei\/#primaryimage"},"image":{"@id":"https:\/\/garafarm.hu\/ro\/eco\/floarea-maimutei\/#primaryimage"},"thumbnailUrl":"https:\/\/garafarm.hu\/wp-content\/uploads\/2022\/08\/garafarm_eco_bohocvirag_termekkep.jpg","datePublished":"2022-08-10T11:24:07+00:00","dateModified":"2022-12-07T15:32:28+00:00","breadcrumb":{"@id":"https:\/\/garafarm.hu\/ro\/eco\/floarea-maimutei\/#breadcrumb"},"inLanguage":"ro-RO","potentialAction":[{"@type":"ReadAction","target":["https:\/\/garafarm.hu\/ro\/eco\/floarea-maimutei\/"]}]},{"@type":"ImageObject","inLanguage":"ro-RO","@id":"https:\/\/garafarm.hu\/ro\/eco\/floarea-maimutei\/#primaryimage","url":"https:\/\/garafarm.hu\/wp-content\/uploads\/2022\/08\/garafarm_eco_bohocvirag_termekkep.jpg","contentUrl":"https:\/\/garafarm.hu\/wp-content\/uploads\/2022\/08\/garafarm_eco_bohocvirag_termekkep.jpg","width":1355,"height":1893},{"@type":"BreadcrumbList","@id":"https:\/\/garafarm.hu\/ro\/eco\/floarea-maimutei\/#breadcrumb","itemListElement":[{"@type":"ListItem","position":1,"name":"Kezd\u0151lap","item":"https:\/\/garafarm.hu\/ro\/"},{"@type":"ListItem","position":2,"name":"Shop","item":"https:\/\/garafarm.hu\/shop\/"},{"@type":"ListItem","position":3,"name":"Floarea maimu\u021bei"}]},{"@type":"WebSite","@id":"https:\/\/garafarm.hu\/ro\/#website","url":"https:\/\/garafarm.hu\/ro\/","name":"Garafarm Trade Kft","description":"Tasakos vet\u0151magel\u0151\u00e1ll\u00edt\u00e1s \u00e9s -forgalmaz\u00e1s Magyarorsz\u00e1gon.","publisher":{"@id":"https:\/\/garafarm.hu\/ro\/#organization"},"potentialAction":[{"@type":"SearchAction","target":{"@type":"EntryPoint","urlTemplate":"https:\/\/garafarm.hu\/ro\/?s={search_term_string}"},"query-input":{"@type":"PropertyValueSpecification","valueRequired":true,"valueName":"search_term_string"}}],"inLanguage":"ro-RO"},{"@type":"Organization","@id":"https:\/\/garafarm.hu\/ro\/#organization","name":"Garafarm Trade Kft.","url":"https:\/\/garafarm.hu\/ro\/","logo":{"@type":"ImageObject","inLanguage":"ro-RO","@id":"https:\/\/garafarm.hu\/ro\/#\/schema\/logo\/image\/","url":"https:\/\/garafarm.hu\/wp-content\/uploads\/2021\/12\/garafarm_header_logo_v2.svg","contentUrl":"https:\/\/garafarm.hu\/wp-content\/uploads\/2021\/12\/garafarm_header_logo_v2.svg","width":217,"height":65,"caption":"Garafarm Trade Kft."},"image":{"@id":"https:\/\/garafarm.hu\/ro\/#\/schema\/logo\/image\/"}}]}},"_links":{"self":[{"href":"https:\/\/garafarm.hu\/ro\/wp-json\/wp\/v2\/product\/3815","targetHints":{"allow":["GET"]}}],"collection":[{"href":"https:\/\/garafarm.hu\/ro\/wp-json\/wp\/v2\/product"}],"about":[{"href":"https:\/\/garafarm.hu\/ro\/wp-json\/wp\/v2\/types\/product"}],"wp:featuredmedia":[{"embeddable":true,"href":"https:\/\/garafarm.hu\/ro\/wp-json\/wp\/v2\/media\/3517"}],"wp:attachment":[{"href":"https:\/\/garafarm.hu\/ro\/wp-json\/wp\/v2\/media?parent=3815"}],"wp:term":[{"taxonomy":"product_brand","embeddable":true,"href":"https:\/\/garafarm.hu\/ro\/wp-json\/wp\/v2\/product_brand?post=3815"},{"taxonomy":"product_cat","embeddable":true,"href":"https:\/\/garafarm.hu\/ro\/wp-json\/wp\/v2\/product_cat?post=3815"},{"taxonomy":"product_tag","embeddable":true,"href":"https:\/\/garafarm.hu\/ro\/wp-json\/wp\/v2\/product_tag?post=3815"}],"curies":[{"name":"wp","href":"https:\/\/api.w.org\/{rel}","templated":true}]}}