{"id":4332,"date":"2023-11-07T17:40:14","date_gmt":"2023-11-07T15:40:14","guid":{"rendered":"https:\/\/garafarm.hu\/?post_type=product&#038;p=4332"},"modified":"2023-11-07T17:42:57","modified_gmt":"2023-11-07T15:42:57","slug":"44011","status":"publish","type":"product","link":"https:\/\/garafarm.hu\/ro\/magrovet-ro\/44011\/","title":{"rendered":"San Remo Busuioc"},"content":{"rendered":"<div class=\"fusion-fullwidth fullwidth-box fusion-builder-row-1 fusion-flex-container has-pattern-background has-mask-background nonhundred-percent-fullwidth non-hundred-percent-height-scrolling\" style=\"background-color: rgba(255,255,255,0);background-position: center center;background-repeat: no-repeat;border-width: 0px 0px 0px 0px;border-color:#e2e2e2;border-style:solid;\" ><div class=\"fusion-builder-row fusion-row fusion-flex-align-items-flex-start\" style=\"max-width:1248px;margin-left: calc(-4% \/ 2 );margin-right: calc(-4% \/ 2 );\"><div class=\"fusion-layout-column fusion_builder_column fusion-builder-column-0 fusion_builder_column_1_1 1_1 fusion-flex-column\"><div class=\"fusion-column-wrapper fusion-flex-justify-content-flex-start fusion-content-layout-column\" style=\"background-position:left top;background-repeat:no-repeat;-webkit-background-size:cover;-moz-background-size:cover;-o-background-size:cover;background-size:cover;padding: 0px 0px 0px 0px;\"><div class=\"fusion-text fusion-text-1\"><p>Busuioc: Parfumul \u00een gr\u0103dina cu mirodenii. Plantele \u00eenalte ofer\u0103 foliaj abundent pe tot parcursul verii p\u00e2n\u0103 \u00een zilele r\u0103coroase de toamn\u0103. Plant\u0103 puternic\u0103, rezistent\u0103 la boli \u0219i tolereaz\u0103 bine vremea rece. Frunzele de culoare verde \u00eenchis, sunt aromate \u0219i gustoase. Prefer\u0103 locurile semiumbrite. Perioada de sem\u0103nat de la sf\u00e2r\u0219itul prim\u0103verii p\u00e2n\u0103 la mijlocul verii. Sem\u0103na\u021bi semin\u021bele la 1 cm ad\u00e2ncime \u015fi la 2 cm distan\u021b\u0103. Proasp\u0103t, este excelent \u00een pesto, pizza \u0219i preparate din pe\u0219te, dar atunci c\u00e2nd este uscat, poate fi folosit \u0219i ca condiment pentru multe alte re\u021bete.<\/p>\n<\/div><\/div><style type=\"text\/css\">.fusion-body .fusion-builder-column-0{width:100% !important;margin-top : 0px;margin-bottom : 20px;}.fusion-builder-column-0 > .fusion-column-wrapper {padding-top : 0px !important;padding-right : 0px !important;margin-right : 1.92%;padding-bottom : 0px !important;padding-left : 0px !important;margin-left : 1.92%;}@media only screen and (max-width:1024px) {.fusion-body .fusion-builder-column-0{width:100% !important;order : 0;}.fusion-builder-column-0 > .fusion-column-wrapper {margin-right : 1.92%;margin-left : 1.92%;}}@media only screen and (max-width:640px) {.fusion-body .fusion-builder-column-0{width:100% !important;order : 0;}.fusion-builder-column-0 > .fusion-column-wrapper {margin-right : 1.92%;margin-left : 1.92%;}}<\/style><\/div><\/div><style type=\"text\/css\">.fusion-body .fusion-flex-container.fusion-builder-row-1{ padding-top : 0px;margin-top : 0px;padding-right : 0px;padding-bottom : 0px;margin-bottom : 0px;padding-left : 0px;}<\/style><\/div>\n","protected":false},"excerpt":{"rendered":"","protected":false},"featured_media":4617,"template":"","meta":{"inline_featured_image":false},"product_brand":[],"product_cat":[130],"product_tag":[],"class_list":{"0":"post-4332","1":"product","2":"type-product","3":"status-publish","4":"has-post-thumbnail","6":"product_cat-magrovet-ro","8":"first","9":"instock","10":"shipping-taxable","11":"product-type-simple"},"yoast_head":"<!-- This site is optimized with the Yoast SEO plugin v24.4 - https:\/\/yoast.com\/wordpress\/plugins\/seo\/ -->\n<title>San Remo Busuioc - Garafarm Trade Kft<\/title>\n<meta name=\"robots\" content=\"index, follow, max-snippet:-1, max-image-preview:large, max-video-preview:-1\" \/>\n<link rel=\"canonical\" href=\"https:\/\/garafarm.hu\/ro\/magrovet-ro\/44011\/\" \/>\n<meta property=\"og:locale\" content=\"ro_RO\" \/>\n<meta property=\"og:type\" content=\"article\" \/>\n<meta property=\"og:title\" content=\"San Remo Busuioc - Garafarm Trade Kft\" \/>\n<meta property=\"og:url\" content=\"https:\/\/garafarm.hu\/ro\/magrovet-ro\/44011\/\" \/>\n<meta property=\"og:site_name\" content=\"Garafarm Trade Kft\" \/>\n<meta property=\"article:modified_time\" content=\"2023-11-07T15:42:57+00:00\" \/>\n<meta property=\"og:image\" content=\"https:\/\/garafarm.hu\/wp-content\/uploads\/2023\/10\/44011_san_remo_bazsalikom_e.jpg\" \/>\n\t<meta property=\"og:image:width\" content=\"905\" \/>\n\t<meta property=\"og:image:height\" content=\"1293\" \/>\n\t<meta property=\"og:image:type\" content=\"image\/jpeg\" \/>\n<meta name=\"twitter:card\" content=\"summary_large_image\" \/>\n<script type=\"application\/ld+json\" class=\"yoast-schema-graph\">{\"@context\":\"https:\/\/schema.org\",\"@graph\":[{\"@type\":\"WebPage\",\"@id\":\"https:\/\/garafarm.hu\/ro\/magrovet-ro\/44011\/\",\"url\":\"https:\/\/garafarm.hu\/ro\/magrovet-ro\/44011\/\",\"name\":\"San Remo Busuioc - Garafarm Trade Kft\",\"isPartOf\":{\"@id\":\"https:\/\/garafarm.hu\/ro\/#website\"},\"primaryImageOfPage\":{\"@id\":\"https:\/\/garafarm.hu\/ro\/magrovet-ro\/44011\/#primaryimage\"},\"image\":{\"@id\":\"https:\/\/garafarm.hu\/ro\/magrovet-ro\/44011\/#primaryimage\"},\"thumbnailUrl\":\"https:\/\/garafarm.hu\/wp-content\/uploads\/2023\/10\/44011_san_remo_bazsalikom_e.jpg\",\"datePublished\":\"2023-11-07T15:40:14+00:00\",\"dateModified\":\"2023-11-07T15:42:57+00:00\",\"breadcrumb\":{\"@id\":\"https:\/\/garafarm.hu\/ro\/magrovet-ro\/44011\/#breadcrumb\"},\"inLanguage\":\"ro-RO\",\"potentialAction\":[{\"@type\":\"ReadAction\",\"target\":[\"https:\/\/garafarm.hu\/ro\/magrovet-ro\/44011\/\"]}]},{\"@type\":\"ImageObject\",\"inLanguage\":\"ro-RO\",\"@id\":\"https:\/\/garafarm.hu\/ro\/magrovet-ro\/44011\/#primaryimage\",\"url\":\"https:\/\/garafarm.hu\/wp-content\/uploads\/2023\/10\/44011_san_remo_bazsalikom_e.jpg\",\"contentUrl\":\"https:\/\/garafarm.hu\/wp-content\/uploads\/2023\/10\/44011_san_remo_bazsalikom_e.jpg\",\"width\":905,\"height\":1293},{\"@type\":\"BreadcrumbList\",\"@id\":\"https:\/\/garafarm.hu\/ro\/magrovet-ro\/44011\/#breadcrumb\",\"itemListElement\":[{\"@type\":\"ListItem\",\"position\":1,\"name\":\"Kezd\u0151lap\",\"item\":\"https:\/\/garafarm.hu\/ro\/\"},{\"@type\":\"ListItem\",\"position\":2,\"name\":\"Shop\",\"item\":\"https:\/\/garafarm.hu\/shop\/\"},{\"@type\":\"ListItem\",\"position\":3,\"name\":\"San Remo Busuioc\"}]},{\"@type\":\"WebSite\",\"@id\":\"https:\/\/garafarm.hu\/ro\/#website\",\"url\":\"https:\/\/garafarm.hu\/ro\/\",\"name\":\"Garafarm Trade Kft\",\"description\":\"Tasakos vet\u0151magel\u0151\u00e1ll\u00edt\u00e1s \u00e9s -forgalmaz\u00e1s Magyarorsz\u00e1gon.\",\"publisher\":{\"@id\":\"https:\/\/garafarm.hu\/ro\/#organization\"},\"potentialAction\":[{\"@type\":\"SearchAction\",\"target\":{\"@type\":\"EntryPoint\",\"urlTemplate\":\"https:\/\/garafarm.hu\/ro\/?s={search_term_string}\"},\"query-input\":{\"@type\":\"PropertyValueSpecification\",\"valueRequired\":true,\"valueName\":\"search_term_string\"}}],\"inLanguage\":\"ro-RO\"},{\"@type\":\"Organization\",\"@id\":\"https:\/\/garafarm.hu\/ro\/#organization\",\"name\":\"Garafarm Trade Kft.\",\"url\":\"https:\/\/garafarm.hu\/ro\/\",\"logo\":{\"@type\":\"ImageObject\",\"inLanguage\":\"ro-RO\",\"@id\":\"https:\/\/garafarm.hu\/ro\/#\/schema\/logo\/image\/\",\"url\":\"https:\/\/garafarm.hu\/wp-content\/uploads\/2021\/12\/garafarm_header_logo_v2.svg\",\"contentUrl\":\"https:\/\/garafarm.hu\/wp-content\/uploads\/2021\/12\/garafarm_header_logo_v2.svg\",\"width\":217,\"height\":65,\"caption\":\"Garafarm Trade Kft.\"},\"image\":{\"@id\":\"https:\/\/garafarm.hu\/ro\/#\/schema\/logo\/image\/\"}}]}<\/script>\n<!-- \/ Yoast SEO plugin. -->","yoast_head_json":{"title":"San Remo Busuioc - Garafarm Trade Kft","robots":{"index":"index","follow":"follow","max-snippet":"max-snippet:-1","max-image-preview":"max-image-preview:large","max-video-preview":"max-video-preview:-1"},"canonical":"https:\/\/garafarm.hu\/ro\/magrovet-ro\/44011\/","og_locale":"ro_RO","og_type":"article","og_title":"San Remo Busuioc - Garafarm Trade Kft","og_url":"https:\/\/garafarm.hu\/ro\/magrovet-ro\/44011\/","og_site_name":"Garafarm Trade Kft","article_modified_time":"2023-11-07T15:42:57+00:00","og_image":[{"width":905,"height":1293,"url":"https:\/\/garafarm.hu\/wp-content\/uploads\/2023\/10\/44011_san_remo_bazsalikom_e.jpg","type":"image\/jpeg"}],"twitter_card":"summary_large_image","schema":{"@context":"https:\/\/schema.org","@graph":[{"@type":"WebPage","@id":"https:\/\/garafarm.hu\/ro\/magrovet-ro\/44011\/","url":"https:\/\/garafarm.hu\/ro\/magrovet-ro\/44011\/","name":"San Remo Busuioc - Garafarm Trade Kft","isPartOf":{"@id":"https:\/\/garafarm.hu\/ro\/#website"},"primaryImageOfPage":{"@id":"https:\/\/garafarm.hu\/ro\/magrovet-ro\/44011\/#primaryimage"},"image":{"@id":"https:\/\/garafarm.hu\/ro\/magrovet-ro\/44011\/#primaryimage"},"thumbnailUrl":"https:\/\/garafarm.hu\/wp-content\/uploads\/2023\/10\/44011_san_remo_bazsalikom_e.jpg","datePublished":"2023-11-07T15:40:14+00:00","dateModified":"2023-11-07T15:42:57+00:00","breadcrumb":{"@id":"https:\/\/garafarm.hu\/ro\/magrovet-ro\/44011\/#breadcrumb"},"inLanguage":"ro-RO","potentialAction":[{"@type":"ReadAction","target":["https:\/\/garafarm.hu\/ro\/magrovet-ro\/44011\/"]}]},{"@type":"ImageObject","inLanguage":"ro-RO","@id":"https:\/\/garafarm.hu\/ro\/magrovet-ro\/44011\/#primaryimage","url":"https:\/\/garafarm.hu\/wp-content\/uploads\/2023\/10\/44011_san_remo_bazsalikom_e.jpg","contentUrl":"https:\/\/garafarm.hu\/wp-content\/uploads\/2023\/10\/44011_san_remo_bazsalikom_e.jpg","width":905,"height":1293},{"@type":"BreadcrumbList","@id":"https:\/\/garafarm.hu\/ro\/magrovet-ro\/44011\/#breadcrumb","itemListElement":[{"@type":"ListItem","position":1,"name":"Kezd\u0151lap","item":"https:\/\/garafarm.hu\/ro\/"},{"@type":"ListItem","position":2,"name":"Shop","item":"https:\/\/garafarm.hu\/shop\/"},{"@type":"ListItem","position":3,"name":"San Remo Busuioc"}]},{"@type":"WebSite","@id":"https:\/\/garafarm.hu\/ro\/#website","url":"https:\/\/garafarm.hu\/ro\/","name":"Garafarm Trade Kft","description":"Tasakos vet\u0151magel\u0151\u00e1ll\u00edt\u00e1s \u00e9s -forgalmaz\u00e1s Magyarorsz\u00e1gon.","publisher":{"@id":"https:\/\/garafarm.hu\/ro\/#organization"},"potentialAction":[{"@type":"SearchAction","target":{"@type":"EntryPoint","urlTemplate":"https:\/\/garafarm.hu\/ro\/?s={search_term_string}"},"query-input":{"@type":"PropertyValueSpecification","valueRequired":true,"valueName":"search_term_string"}}],"inLanguage":"ro-RO"},{"@type":"Organization","@id":"https:\/\/garafarm.hu\/ro\/#organization","name":"Garafarm Trade Kft.","url":"https:\/\/garafarm.hu\/ro\/","logo":{"@type":"ImageObject","inLanguage":"ro-RO","@id":"https:\/\/garafarm.hu\/ro\/#\/schema\/logo\/image\/","url":"https:\/\/garafarm.hu\/wp-content\/uploads\/2021\/12\/garafarm_header_logo_v2.svg","contentUrl":"https:\/\/garafarm.hu\/wp-content\/uploads\/2021\/12\/garafarm_header_logo_v2.svg","width":217,"height":65,"caption":"Garafarm Trade Kft."},"image":{"@id":"https:\/\/garafarm.hu\/ro\/#\/schema\/logo\/image\/"}}]}},"_links":{"self":[{"href":"https:\/\/garafarm.hu\/ro\/wp-json\/wp\/v2\/product\/4332","targetHints":{"allow":["GET"]}}],"collection":[{"href":"https:\/\/garafarm.hu\/ro\/wp-json\/wp\/v2\/product"}],"about":[{"href":"https:\/\/garafarm.hu\/ro\/wp-json\/wp\/v2\/types\/product"}],"wp:featuredmedia":[{"embeddable":true,"href":"https:\/\/garafarm.hu\/ro\/wp-json\/wp\/v2\/media\/4617"}],"wp:attachment":[{"href":"https:\/\/garafarm.hu\/ro\/wp-json\/wp\/v2\/media?parent=4332"}],"wp:term":[{"taxonomy":"product_brand","embeddable":true,"href":"https:\/\/garafarm.hu\/ro\/wp-json\/wp\/v2\/product_brand?post=4332"},{"taxonomy":"product_cat","embeddable":true,"href":"https:\/\/garafarm.hu\/ro\/wp-json\/wp\/v2\/product_cat?post=4332"},{"taxonomy":"product_tag","embeddable":true,"href":"https:\/\/garafarm.hu\/ro\/wp-json\/wp\/v2\/product_tag?post=4332"}],"curies":[{"name":"wp","href":"https:\/\/api.w.org\/{rel}","templated":true}]}}