{"id":5635,"date":"2025-02-11T12:04:07","date_gmt":"2025-02-11T10:04:07","guid":{"rendered":"https:\/\/garafarm.hu\/?post_type=product&#038;p=5635"},"modified":"2025-02-11T12:09:04","modified_gmt":"2025-02-11T10:09:04","slug":"hetenyi-triasz-f1-paprika-masolat","status":"publish","type":"product","link":"https:\/\/garafarm.hu\/ro\/eco\/hetenyi-triasz-f1-paprika-masolat\/","title":{"rendered":"Gar-Alginit talajjav\u00edt\u00f3"},"content":{"rendered":"<div class=\"fusion-fullwidth fullwidth-box fusion-builder-row-1 fusion-flex-container has-pattern-background has-mask-background nonhundred-percent-fullwidth non-hundred-percent-height-scrolling\" style=\"background-color: rgba(255,255,255,0);background-position: center center;background-repeat: no-repeat;border-width: 0px 0px 0px 0px;border-color:#e2e2e2;border-style:solid;\" ><div class=\"fusion-builder-row fusion-row fusion-flex-align-items-flex-start\" style=\"max-width:1248px;margin-left: calc(-4% \/ 2 );margin-right: calc(-4% \/ 2 );\"><div class=\"fusion-layout-column fusion_builder_column fusion-builder-column-0 fusion_builder_column_1_1 1_1 fusion-flex-column\"><div class=\"fusion-column-wrapper fusion-flex-justify-content-flex-start fusion-content-layout-column\" style=\"background-position:left top;background-repeat:no-repeat;-webkit-background-size:cover;-moz-background-size:cover;-o-background-size:cover;background-size:cover;padding: 0px 0px 0px 0px;\"><div class=\"fusion-text fusion-text-1\"><p><b>GAR-ALGINIT<\/b><\/p>\n<p><b>100%-ban\u00a0 alginit tartalm\u00fa, term\u00e9szetes, talajjav\u00edt\u00f3 \u00e1sv\u00e1nyi anyag<\/b><\/p>\n<p><span style=\"font-weight: 400;\">Jellemz\u0151i:<\/span><\/p>\n<ul>\n<li style=\"font-weight: 400;\" aria-level=\"1\"><span style=\"font-weight: 400;\">magas szervesanyag tartalom, 52 f\u00e9le makro- \u00e9s mikroelem,\u00a0<\/span><\/li>\n<li style=\"font-weight: 400;\" aria-level=\"1\"><span style=\"font-weight: 400;\">kiegyens\u00falyozott v\u00edzut\u00e1np\u00f3tl\u00e1s k\u00e9pess\u00e9ge,<\/span><\/li>\n<li style=\"font-weight: 400;\" aria-level=\"1\"><span style=\"font-weight: 400;\">n\u0151 a n\u00f6v\u00e9ny ellen\u00e1ll\u00f3 k\u00e9pess\u00e9ge.<\/span><\/li>\n<\/ul>\n<p><span style=\"font-weight: 400;\">Felfedez\u00e9s\u00e9nek sz\u00ednhelye a K\u00e1rp\u00e1t-medence, ezen bel\u00fcl Magyarorsz\u00e1g (pl. Nagyv\u00e1zsony), ahol kitermel\u00e9se jelenleg is folyik, k\u00f6zvetlen\u00fcl a felsz\u00edn alatt tal\u00e1lhat\u00f3, k\u00fclsz\u00edni b\u00e1ny\u00e1sz\u00e1ssal ker\u00fcl a felsz\u00ednre. Az alginit k\u0151zet tulajdonk\u00e9ppen fosszilis iszap. Alapja egy alga biomassz\u00e1b\u00f3l \u00e9s agyagg\u00e1 elm\u00e1llott vulk\u00e1ni porb\u00f3l, tuf\u00e1b\u00f3l \u00e1ll\u00f3 k\u0151zet.\u00a0 Az alginit mesters\u00e9gesen el\u0151\u00e1ll\u00edthatatlan.<\/span><\/p>\n<p><span style=\"font-weight: 400;\">A Gar-alginit alga eredet\u0171 komplex hat\u00e1s\u00fa talajjav\u00edt\u00f3, amely magas humusz- \u00e9s \u00e1sv\u00e1nyianyag-tartalm\u00fa term\u00e9szetes anyag.\u00a0 Gyors\u00edtja a n\u00f6v\u00e9nyek fejl\u0151d\u00e9s\u00e9t, n\u00f6veli a betegs\u00e9gekkel szembeni ellen\u00e1ll\u00f3-k\u00e9pess\u00e9get \u00e9s megk\u00f6ti a n\u00f6v\u00e9nyek sz\u00e1m\u00e1ra sz\u00fcks\u00e9ges v\u00edzmennyis\u00e9get, amely minden n\u00f6v\u00e9nykult\u00far\u00e1ban biztons\u00e1gos termeszt\u00e9st eredm\u00e9nyez.<\/span><\/p>\n<p><span style=\"font-weight: 400;\">A Gar-alginit egyik nagyon fontos tulajdons\u00e1ga, hogy megk\u00f6ti az es\u0151, \u00e9s \u00f6nt\u00f6z\u0151vizet, amit r\u00f6vid ideig elt\u00e1rol. A Gar-alginit csapad\u00e9kmentes id\u0151szakban fokozatosan \u00e1tadja a megk\u00f6t\u00f6tt vizet a n\u00f6v\u00e9nyek sz\u00e1m\u00e1ra.<\/span><\/p>\n<p><span style=\"font-weight: 400;\">Szerves \u00e9s szervetlen anyagokban rendk\u00edv\u00fcl gazdag. Alkalmaz\u00e1s\u00e1val egyetlen int\u00e9zked\u00e9ssel megoldhat\u00f3k azok a feladatok, amelyeket kor\u00e1bban k\u00e9miai-, fizikai talajjav\u00edt\u00e1ssal, szerves anyag ut\u00e1np\u00f3tl\u00e1ssal oldottak meg.<\/span><span style=\"font-weight: 400;\"><br \/>\n<\/span><span style=\"font-weight: 400;\">Tartalmaz nitrog\u00e9nt, foszfort, k\u00e1liumot, kalciumot, magn\u00e9ziumot, humuszt. Jelent\u0151s a mang\u00e1n, r\u00e9z, cink, vas, b\u00f3r, molibd\u00e9n tartalma. K\u00e9mhat\u00e1sa enyh\u00e9n l\u00fagos.<\/span><\/p>\n<p><span style=\"font-weight: 400;\">Felhaszn\u00e1lhat\u00f3:\u00a0<\/span><\/p>\n<p><b>P\u00e1zsit:<\/b><\/p>\n<p><span style=\"font-weight: 400;\">D\u00fasabb \u00e9s z\u00f6ldebb f\u0171<\/span><\/p>\n<p><b>Gy\u00fcm\u00f6lcs \u00e9s sz\u0151l\u0151<\/b><\/p>\n<p><span style=\"font-weight: 400;\">Kor\u00e1bbi \u00e9r\u00e9s, zamatosabb gy\u00fcm\u00f6lcs<\/span><\/p>\n<p><b>Z\u00f6lds\u00e9gek:<\/b><\/p>\n<p><span style=\"font-weight: 400;\">Jobb min\u0151s\u00e9g, b\u0151vebb term\u00e9s<\/span><\/p>\n<p><b>Vir\u00e1gok, szoban\u00f6v\u00e9nyek<\/b><b>:<\/b><\/p>\n<p><span style=\"font-weight: 400;\">\u00dcde lev\u00e9lzet, pomp\u00e1s vir\u00e1gz\u00e1s<\/span><\/p>\n<p><b>Nett\u00f3 t\u00f6meg:\u00a0 <\/b> <b>2 kg\u00a0<\/b><\/p>\n<p><b>A csomag tartalm\u00e1t 50 l vir\u00e1gf\u00f6ld bekever\u00e9s\u00e9hez aj\u00e1nljuk.<\/b><\/p>\n<\/div><\/div><style type=\"text\/css\">.fusion-body .fusion-builder-column-0{width:100% !important;margin-top : 0px;margin-bottom : 20px;}.fusion-builder-column-0 > .fusion-column-wrapper {padding-top : 0px !important;padding-right : 0px !important;margin-right : 1.92%;padding-bottom : 0px !important;padding-left : 0px !important;margin-left : 1.92%;}@media only screen and (max-width:1024px) {.fusion-body .fusion-builder-column-0{width:100% !important;order : 0;}.fusion-builder-column-0 > .fusion-column-wrapper {margin-right : 1.92%;margin-left : 1.92%;}}@media only screen and (max-width:640px) {.fusion-body .fusion-builder-column-0{width:100% !important;order : 0;}.fusion-builder-column-0 > .fusion-column-wrapper {margin-right : 1.92%;margin-left : 1.92%;}}<\/style><\/div><\/div><style type=\"text\/css\">.fusion-body .fusion-flex-container.fusion-builder-row-1{ padding-top : 0px;margin-top : 0px;padding-right : 0px;padding-bottom : 0px;margin-bottom : 0px;padding-left : 0px;}<\/style><\/div>\n","protected":false},"excerpt":{"rendered":"","protected":false},"featured_media":5638,"template":"","meta":{"inline_featured_image":false},"product_brand":[],"product_cat":[113],"product_tag":[],"class_list":{"0":"post-5635","1":"product","2":"type-product","3":"status-publish","4":"has-post-thumbnail","6":"product_cat-eco","8":"first","9":"instock","10":"shipping-taxable","11":"product-type-simple"},"yoast_head":"<!-- This site is optimized with the Yoast SEO plugin v24.4 - https:\/\/yoast.com\/wordpress\/plugins\/seo\/ -->\n<title>Gar-Alginit talajjav\u00edt\u00f3 - Garafarm Trade Kft<\/title>\n<meta name=\"robots\" content=\"index, follow, max-snippet:-1, max-image-preview:large, max-video-preview:-1\" \/>\n<link rel=\"canonical\" href=\"https:\/\/garafarm.hu\/ro\/eco\/hetenyi-triasz-f1-paprika-masolat\/\" \/>\n<meta property=\"og:locale\" content=\"ro_RO\" \/>\n<meta property=\"og:type\" content=\"article\" \/>\n<meta property=\"og:title\" content=\"Gar-Alginit talajjav\u00edt\u00f3 - Garafarm Trade Kft\" \/>\n<meta property=\"og:url\" content=\"https:\/\/garafarm.hu\/ro\/eco\/hetenyi-triasz-f1-paprika-masolat\/\" \/>\n<meta property=\"og:site_name\" content=\"Garafarm Trade Kft\" \/>\n<meta property=\"article:modified_time\" content=\"2025-02-11T10:09:04+00:00\" \/>\n<meta property=\"og:image\" content=\"https:\/\/garafarm.hu\/wp-content\/uploads\/2025\/02\/Gar-Alginit-IMG_20240116_125911.jpg\" \/>\n\t<meta property=\"og:image:width\" content=\"1446\" \/>\n\t<meta property=\"og:image:height\" content=\"1920\" \/>\n\t<meta property=\"og:image:type\" content=\"image\/jpeg\" \/>\n<meta name=\"twitter:card\" content=\"summary_large_image\" \/>\n<script type=\"application\/ld+json\" class=\"yoast-schema-graph\">{\"@context\":\"https:\/\/schema.org\",\"@graph\":[{\"@type\":\"WebPage\",\"@id\":\"https:\/\/garafarm.hu\/ro\/eco\/hetenyi-triasz-f1-paprika-masolat\/\",\"url\":\"https:\/\/garafarm.hu\/ro\/eco\/hetenyi-triasz-f1-paprika-masolat\/\",\"name\":\"Gar-Alginit talajjav\u00edt\u00f3 - Garafarm Trade Kft\",\"isPartOf\":{\"@id\":\"https:\/\/garafarm.hu\/ro\/#website\"},\"primaryImageOfPage\":{\"@id\":\"https:\/\/garafarm.hu\/ro\/eco\/hetenyi-triasz-f1-paprika-masolat\/#primaryimage\"},\"image\":{\"@id\":\"https:\/\/garafarm.hu\/ro\/eco\/hetenyi-triasz-f1-paprika-masolat\/#primaryimage\"},\"thumbnailUrl\":\"https:\/\/garafarm.hu\/wp-content\/uploads\/2025\/02\/Gar-Alginit-IMG_20240116_125911.jpg\",\"datePublished\":\"2025-02-11T10:04:07+00:00\",\"dateModified\":\"2025-02-11T10:09:04+00:00\",\"breadcrumb\":{\"@id\":\"https:\/\/garafarm.hu\/ro\/eco\/hetenyi-triasz-f1-paprika-masolat\/#breadcrumb\"},\"inLanguage\":\"ro-RO\",\"potentialAction\":[{\"@type\":\"ReadAction\",\"target\":[\"https:\/\/garafarm.hu\/ro\/eco\/hetenyi-triasz-f1-paprika-masolat\/\"]}]},{\"@type\":\"ImageObject\",\"inLanguage\":\"ro-RO\",\"@id\":\"https:\/\/garafarm.hu\/ro\/eco\/hetenyi-triasz-f1-paprika-masolat\/#primaryimage\",\"url\":\"https:\/\/garafarm.hu\/wp-content\/uploads\/2025\/02\/Gar-Alginit-IMG_20240116_125911.jpg\",\"contentUrl\":\"https:\/\/garafarm.hu\/wp-content\/uploads\/2025\/02\/Gar-Alginit-IMG_20240116_125911.jpg\",\"width\":1446,\"height\":1920},{\"@type\":\"BreadcrumbList\",\"@id\":\"https:\/\/garafarm.hu\/ro\/eco\/hetenyi-triasz-f1-paprika-masolat\/#breadcrumb\",\"itemListElement\":[{\"@type\":\"ListItem\",\"position\":1,\"name\":\"Kezd\u0151lap\",\"item\":\"https:\/\/garafarm.hu\/ro\/\"},{\"@type\":\"ListItem\",\"position\":2,\"name\":\"Shop\",\"item\":\"https:\/\/garafarm.hu\/shop\/\"},{\"@type\":\"ListItem\",\"position\":3,\"name\":\"Gar-Alginit talajjav\u00edt\u00f3\"}]},{\"@type\":\"WebSite\",\"@id\":\"https:\/\/garafarm.hu\/ro\/#website\",\"url\":\"https:\/\/garafarm.hu\/ro\/\",\"name\":\"Garafarm Trade Kft\",\"description\":\"Tasakos vet\u0151magel\u0151\u00e1ll\u00edt\u00e1s \u00e9s -forgalmaz\u00e1s Magyarorsz\u00e1gon.\",\"publisher\":{\"@id\":\"https:\/\/garafarm.hu\/ro\/#organization\"},\"potentialAction\":[{\"@type\":\"SearchAction\",\"target\":{\"@type\":\"EntryPoint\",\"urlTemplate\":\"https:\/\/garafarm.hu\/ro\/?s={search_term_string}\"},\"query-input\":{\"@type\":\"PropertyValueSpecification\",\"valueRequired\":true,\"valueName\":\"search_term_string\"}}],\"inLanguage\":\"ro-RO\"},{\"@type\":\"Organization\",\"@id\":\"https:\/\/garafarm.hu\/ro\/#organization\",\"name\":\"Garafarm Trade Kft.\",\"url\":\"https:\/\/garafarm.hu\/ro\/\",\"logo\":{\"@type\":\"ImageObject\",\"inLanguage\":\"ro-RO\",\"@id\":\"https:\/\/garafarm.hu\/ro\/#\/schema\/logo\/image\/\",\"url\":\"https:\/\/garafarm.hu\/wp-content\/uploads\/2021\/12\/garafarm_header_logo_v2.svg\",\"contentUrl\":\"https:\/\/garafarm.hu\/wp-content\/uploads\/2021\/12\/garafarm_header_logo_v2.svg\",\"width\":217,\"height\":65,\"caption\":\"Garafarm Trade Kft.\"},\"image\":{\"@id\":\"https:\/\/garafarm.hu\/ro\/#\/schema\/logo\/image\/\"}}]}<\/script>\n<!-- \/ Yoast SEO plugin. -->","yoast_head_json":{"title":"Gar-Alginit talajjav\u00edt\u00f3 - Garafarm Trade Kft","robots":{"index":"index","follow":"follow","max-snippet":"max-snippet:-1","max-image-preview":"max-image-preview:large","max-video-preview":"max-video-preview:-1"},"canonical":"https:\/\/garafarm.hu\/ro\/eco\/hetenyi-triasz-f1-paprika-masolat\/","og_locale":"ro_RO","og_type":"article","og_title":"Gar-Alginit talajjav\u00edt\u00f3 - Garafarm Trade Kft","og_url":"https:\/\/garafarm.hu\/ro\/eco\/hetenyi-triasz-f1-paprika-masolat\/","og_site_name":"Garafarm Trade Kft","article_modified_time":"2025-02-11T10:09:04+00:00","og_image":[{"width":1446,"height":1920,"url":"https:\/\/garafarm.hu\/wp-content\/uploads\/2025\/02\/Gar-Alginit-IMG_20240116_125911.jpg","type":"image\/jpeg"}],"twitter_card":"summary_large_image","schema":{"@context":"https:\/\/schema.org","@graph":[{"@type":"WebPage","@id":"https:\/\/garafarm.hu\/ro\/eco\/hetenyi-triasz-f1-paprika-masolat\/","url":"https:\/\/garafarm.hu\/ro\/eco\/hetenyi-triasz-f1-paprika-masolat\/","name":"Gar-Alginit talajjav\u00edt\u00f3 - Garafarm Trade Kft","isPartOf":{"@id":"https:\/\/garafarm.hu\/ro\/#website"},"primaryImageOfPage":{"@id":"https:\/\/garafarm.hu\/ro\/eco\/hetenyi-triasz-f1-paprika-masolat\/#primaryimage"},"image":{"@id":"https:\/\/garafarm.hu\/ro\/eco\/hetenyi-triasz-f1-paprika-masolat\/#primaryimage"},"thumbnailUrl":"https:\/\/garafarm.hu\/wp-content\/uploads\/2025\/02\/Gar-Alginit-IMG_20240116_125911.jpg","datePublished":"2025-02-11T10:04:07+00:00","dateModified":"2025-02-11T10:09:04+00:00","breadcrumb":{"@id":"https:\/\/garafarm.hu\/ro\/eco\/hetenyi-triasz-f1-paprika-masolat\/#breadcrumb"},"inLanguage":"ro-RO","potentialAction":[{"@type":"ReadAction","target":["https:\/\/garafarm.hu\/ro\/eco\/hetenyi-triasz-f1-paprika-masolat\/"]}]},{"@type":"ImageObject","inLanguage":"ro-RO","@id":"https:\/\/garafarm.hu\/ro\/eco\/hetenyi-triasz-f1-paprika-masolat\/#primaryimage","url":"https:\/\/garafarm.hu\/wp-content\/uploads\/2025\/02\/Gar-Alginit-IMG_20240116_125911.jpg","contentUrl":"https:\/\/garafarm.hu\/wp-content\/uploads\/2025\/02\/Gar-Alginit-IMG_20240116_125911.jpg","width":1446,"height":1920},{"@type":"BreadcrumbList","@id":"https:\/\/garafarm.hu\/ro\/eco\/hetenyi-triasz-f1-paprika-masolat\/#breadcrumb","itemListElement":[{"@type":"ListItem","position":1,"name":"Kezd\u0151lap","item":"https:\/\/garafarm.hu\/ro\/"},{"@type":"ListItem","position":2,"name":"Shop","item":"https:\/\/garafarm.hu\/shop\/"},{"@type":"ListItem","position":3,"name":"Gar-Alginit talajjav\u00edt\u00f3"}]},{"@type":"WebSite","@id":"https:\/\/garafarm.hu\/ro\/#website","url":"https:\/\/garafarm.hu\/ro\/","name":"Garafarm Trade Kft","description":"Tasakos vet\u0151magel\u0151\u00e1ll\u00edt\u00e1s \u00e9s -forgalmaz\u00e1s Magyarorsz\u00e1gon.","publisher":{"@id":"https:\/\/garafarm.hu\/ro\/#organization"},"potentialAction":[{"@type":"SearchAction","target":{"@type":"EntryPoint","urlTemplate":"https:\/\/garafarm.hu\/ro\/?s={search_term_string}"},"query-input":{"@type":"PropertyValueSpecification","valueRequired":true,"valueName":"search_term_string"}}],"inLanguage":"ro-RO"},{"@type":"Organization","@id":"https:\/\/garafarm.hu\/ro\/#organization","name":"Garafarm Trade Kft.","url":"https:\/\/garafarm.hu\/ro\/","logo":{"@type":"ImageObject","inLanguage":"ro-RO","@id":"https:\/\/garafarm.hu\/ro\/#\/schema\/logo\/image\/","url":"https:\/\/garafarm.hu\/wp-content\/uploads\/2021\/12\/garafarm_header_logo_v2.svg","contentUrl":"https:\/\/garafarm.hu\/wp-content\/uploads\/2021\/12\/garafarm_header_logo_v2.svg","width":217,"height":65,"caption":"Garafarm Trade Kft."},"image":{"@id":"https:\/\/garafarm.hu\/ro\/#\/schema\/logo\/image\/"}}]}},"_links":{"self":[{"href":"https:\/\/garafarm.hu\/ro\/wp-json\/wp\/v2\/product\/5635","targetHints":{"allow":["GET"]}}],"collection":[{"href":"https:\/\/garafarm.hu\/ro\/wp-json\/wp\/v2\/product"}],"about":[{"href":"https:\/\/garafarm.hu\/ro\/wp-json\/wp\/v2\/types\/product"}],"wp:featuredmedia":[{"embeddable":true,"href":"https:\/\/garafarm.hu\/ro\/wp-json\/wp\/v2\/media\/5638"}],"wp:attachment":[{"href":"https:\/\/garafarm.hu\/ro\/wp-json\/wp\/v2\/media?parent=5635"}],"wp:term":[{"taxonomy":"product_brand","embeddable":true,"href":"https:\/\/garafarm.hu\/ro\/wp-json\/wp\/v2\/product_brand?post=5635"},{"taxonomy":"product_cat","embeddable":true,"href":"https:\/\/garafarm.hu\/ro\/wp-json\/wp\/v2\/product_cat?post=5635"},{"taxonomy":"product_tag","embeddable":true,"href":"https:\/\/garafarm.hu\/ro\/wp-json\/wp\/v2\/product_tag?post=5635"}],"curies":[{"name":"wp","href":"https:\/\/api.w.org\/{rel}","templated":true}]}}