{"id":3816,"date":"2022-08-10T13:24:07","date_gmt":"2022-08-10T11:24:07","guid":{"rendered":"https:\/\/garafarm.hu\/termek\/bohocvirag\/"},"modified":"2022-12-07T17:33:08","modified_gmt":"2022-12-07T15:33:08","slug":"carodejka","status":"publish","type":"product","link":"https:\/\/garafarm.hu\/sk\/eko\/carodejka\/","title":{"rendered":"\u010carodejka"},"content":{"rendered":"<div class=\"fusion-fullwidth fullwidth-box fusion-builder-row-1 fusion-flex-container has-pattern-background has-mask-background nonhundred-percent-fullwidth non-hundred-percent-height-scrolling\" style=\"background-color: rgba(255,255,255,0);background-position: center center;background-repeat: no-repeat;border-width: 0px 0px 0px 0px;border-color:#e2e2e2;border-style:solid;\" ><div class=\"fusion-builder-row fusion-row fusion-flex-align-items-flex-start\" style=\"max-width:1248px;margin-left: calc(-4% \/ 2 );margin-right: calc(-4% \/ 2 );\"><div class=\"fusion-layout-column fusion_builder_column fusion-builder-column-0 fusion_builder_column_1_1 1_1 fusion-flex-column\"><div class=\"fusion-column-wrapper fusion-flex-justify-content-flex-start fusion-content-layout-column\" style=\"background-position:left top;background-repeat:no-repeat;-webkit-background-size:cover;-moz-background-size:cover;-o-background-size:cover;background-size:cover;padding: 0px 0px 0px 0px;\"><style type=\"text\/css\">@media only screen and (max-width:1024px) {.fusion-title.fusion-title-1{margin-top:10px!important; margin-right:0px!important;margin-bottom:15px!important;margin-left:0px!important;}}@media only screen and (max-width:640px) {.fusion-title.fusion-title-1{margin-top:10px!important; margin-right:0px!important;margin-bottom:10px!important; margin-left:0px!important;}}<\/style><div class=\"fusion-title title fusion-title-1 fusion-sep-none fusion-title-text fusion-title-size-three\" style=\"font-size:45px;margin-top:10px;margin-right:0px;margin-bottom:15px;margin-left:0px;\"><h3 class=\"title-heading-left fusion-responsive-typography-calculated\" style=\"font-family:&quot;Amatic SC&quot;;font-weight:700;margin:0;font-size:1em;color:var(--awb-color6);--fontSize:45;line-height:1.33;\">\u010carodejka<\/h3><\/div><ul class=\"fusion-checklist fusion-checklist-1\" style=\"font-size:16px;line-height:27.2px;\"><li style=\"background-color:rgba(255,255,255,0);\" class=\"fusion-li-item\"><span style=\"height:27.2px;width:27.2px;margin-right:11.2px;\" class=\"icon-wrapper circle-no\"><i class=\"fusion-li-icon fa-chevron-right fas\" style=\"color:var(--awb-custom13);\" aria-hidden=\"true\"><\/i><\/span><div class=\"fusion-li-item-content\" style=\"margin-left:38.4px;color:#4a4e57;\">\n<p>Mimulus x hybrida<\/p>\n<\/div><\/li><li style=\"background-color:rgba(255,255,255,0);\" class=\"fusion-li-item\"><span style=\"height:27.2px;width:27.2px;margin-right:11.2px;\" class=\"icon-wrapper circle-no\"><i class=\"fusion-li-icon fa-chevron-right fas\" style=\"color:var(--awb-custom13);\" aria-hidden=\"true\"><\/i><\/span><div class=\"fusion-li-item-content\" style=\"margin-left:38.4px;color:#4a4e57;\">\n<p>Magic F1 Total mix<\/p>\n<\/div><\/li><li style=\"background-color:rgba(255,255,255,0);\" class=\"fusion-li-item\"><span style=\"height:27.2px;width:27.2px;margin-right:11.2px;\" class=\"icon-wrapper circle-no\"><i class=\"fusion-li-icon fa-chevron-right fas\" style=\"color:var(--awb-custom13);\" aria-hidden=\"true\"><\/i><\/span><div class=\"fusion-li-item-content\" style=\"margin-left:38.4px;color:#4a4e57;\">\n<p>Kus: 15<\/p>\n<\/div><\/li><li style=\"background-color:rgba(255,255,255,0);\" class=\"fusion-li-item\"><span style=\"height:27.2px;width:27.2px;margin-right:11.2px;\" class=\"icon-wrapper circle-no\"><i class=\"fusion-li-icon fa-chevron-right fas\" style=\"color:var(--awb-custom13);\" aria-hidden=\"true\"><\/i><\/span><div class=\"fusion-li-item-content\" style=\"margin-left:38.4px;color:#4a4e57;\">\n<span class=\"fusion-popover popover-1\" data-animation=\"1\" data-class=\"popover-1\" data-container=\"popover-1\" data-content=\"V pr\u00edpade rastl\u00edn s drobn\u00fdmi semienkami pon\u00fakame z\u00e1kazn\u00edkom granulovan\u00e9 osiv\u00e1. T\u00fdmto procesom sa semen\u00e1 obalia \u0161peci\u00e1lnym materi\u00e1lom, \u010d\u00edm sa rozmery zv\u00e4\u010d\u0161ia, jednoduch\u0161ie sa vysievaj\u00fa, v d\u00f4sledku \u010doho bud\u00fa rastliny rovnomernej\u0161ie rozmiestnen\u00e9. T\u00e1to pr\u00eddavn\u00e1 l\u00e1tka sa vplyvom vlhkosti rozpust\u00ed, preto treba venova\u0165 zv\u00fd\u0161en\u00fa pozornos\u0165 zavla\u017eovaniu p\u00f4dy u\u017e pri v\u00fdseve, ale st\u00e1le polievanie je potrebn\u00e9 aj nesk\u00f4r.\" data-delay=\"50\" data-placement=\"top\" data-title=\"Peletovan\u00e9\" data-toggle=\"popover\" data-trigger=\"hover\"><style type=\"text\/css\">.popover.popover-1 { border-color:#ddd; }.popover.popover-1 .popover-title{background-color:#ffffff;color:#333333;border-color:#ddd;}.popover.popover-1 .popover-content{background-color:#ffffff;color:#333333;}.popover.popover-1.top .arrow{border-top-color:#ddd;}.popover.popover-1.top .arrow:after{border-top-color:#ffffff;}<\/style>Peletovan\u00e9: <i class=\"fb-icon-element-1 fb-icon-element fontawesome-icon fa-check fas circle-no fusion-text-flow\" style=\"font-size:16px;margin-right:8px;\"><\/i><style>i.fb-icon-element.fontawesome-icon.fb-icon-element-1{ color: var(--awb-color6);}i.fb-icon-element.fontawesome-icon.fb-icon-element-1:hover { color: var(--awb-color6);}<\/style><i class=\"fb-icon-element-2 fb-icon-element fontawesome-icon fa-info-circle fas circle-no fusion-text-flow\" style=\"font-size:16px;margin-right:10px;\"><\/i><style>i.fb-icon-element.fontawesome-icon.fb-icon-element-2{ color: var(--awb-color6);}i.fb-icon-element.fontawesome-icon.fb-icon-element-2:hover { color: var(--awb-color6);}<\/style><\/span>\n<\/div><\/li><\/ul><div class=\"fusion-separator fusion-full-width-sep\" style=\"align-self: center;margin-left: auto;margin-right: auto;margin-top:20px;width:100%;\"><\/div><div class=\"fusion-text fusion-text-1 fusion-text-no-margin\" style=\"color:var(--awb-color5);font-family:&quot;Montserrat&quot;;font-weight:400;margin-top:0px;margin-bottom:0px;\"><p>\u010carodejka je jednoro\u010dn\u00e1 kvetina poch\u00e1dzaj\u00faca zo Severnej Ameriky. Vysieva sa v apr\u00edli a\u017e m\u00e1ji, pre kl\u00ed\u010denie potrebuje teplotu 20-25 stup\u0148ov. V\u00fdsev je potrebn\u00e9 prikry\u0165 prieh\u013eadn\u00fdm kryt\u00edm (napr. f\u00f3lia, sklen\u00e1 tabu\u013ea), aby sa zabr\u00e1nilo vysychaniu.<br \/>\nVys\u00e1dza sa po pominut\u00ed m\u00ednusov\u00fdch tepl\u00f4t, lebo je mimoriadne citliv\u00e1 na mr\u00e1z.<br \/>\nBohato sa odno\u017euje, dorast\u00e1 do v\u00fd\u0161ky 20-25 centimetrov. Zaschnut\u00e9 kvety treba odstr\u00e1ni\u0165, \u010d\u00edm sa podpor\u00ed \u010fal\u0161ie kvitnutie. Ob\u013eubuje stanovi\u0161tia v polotieni. M\u00e1 vysok\u00fd n\u00e1rok na vodu, preto aj v pr\u00edpade vysadenia do priepustnej p\u00f4dy sa treba postara\u0165 o dostato\u010dn\u00e9 zalievanie, a tie\u017e o to, aby ost\u00e1vala p\u00f4da pod rastlinou v\u017edy mokr\u00e1.<br \/>\nVyslovene dekorat\u00edvne kvety, ktor\u00e9 s\u00fa v porovnan\u00ed s rastlinou ve\u013ek\u00e9, m\u00f4\u017eeme obdivova\u0165 od m\u00e1ja do septembra. Je to v\u00fdborn\u00e1 vo\u013eba do zmie\u0161an\u00fdch kvetinov\u00fdch z\u00e1honov aj do balk\u00f3nov\u00fdch kvetin\u00e1\u010dov.<br \/>\nV pr\u00edpade nedostato\u010dnej starostlivosti rastlina chradne, m\u00f4\u017eu ju napadn\u00fa\u0165 rozto\u010de, vo\u0161ky, alebo aj m\u00fa\u010dnatka.<br \/>\nListy \u010darodejky s\u00fa jedl\u00e9, s\u00fa trochu horkast\u00e9, s\u00fa vhodn\u00e9 do \u0161al\u00e1tov.<\/p>\n<\/div><\/div><style type=\"text\/css\">.fusion-body .fusion-builder-column-0{width:100% !important;margin-top : 0px;margin-bottom : 0px;}.fusion-builder-column-0 > .fusion-column-wrapper {padding-top : 0px !important;padding-right : 0px !important;margin-right : 1.92%;padding-bottom : 0px !important;padding-left : 0px !important;margin-left : 1.92%;}@media only screen and (max-width:1024px) {.fusion-body .fusion-builder-column-0{width:100% !important;order : 0;}.fusion-builder-column-0 > .fusion-column-wrapper {margin-right : 1.92%;margin-left : 1.92%;}}@media only screen and (max-width:640px) {.fusion-body .fusion-builder-column-0{width:100% !important;order : 0;}.fusion-builder-column-0 > .fusion-column-wrapper {margin-right : 1.92%;margin-left : 1.92%;}}<\/style><\/div><\/div><style type=\"text\/css\">.fusion-body .fusion-flex-container.fusion-builder-row-1{ padding-top : 0px;margin-top : 0px;padding-right : 0px;padding-bottom : 0px;margin-bottom : 0px;padding-left : 0px;}<\/style><\/div>\n","protected":false},"excerpt":{"rendered":"<p>\u010carodejka je jednoro\u010dn\u00e1 kvetina poch\u00e1dzaj\u00faca zo Severnej Ameriky. Vysieva sa v apr\u00edli a\u017e m\u00e1ji, pre kl\u00ed\u010denie potrebuje teplotu 20-25 stup\u0148ov. V\u00fdsev je potrebn\u00e9 prikry\u0165 prieh\u013eadn\u00fdm kryt\u00edm (napr. f\u00f3lia, sklen\u00e1 tabu\u013ea), aby sa zabr\u00e1nilo vysychaniu.<\/p>\n","protected":false},"featured_media":3518,"template":"","meta":{"inline_featured_image":false},"product_brand":[],"product_cat":[114],"product_tag":[],"class_list":{"0":"post-3816","1":"product","2":"type-product","3":"status-publish","4":"has-post-thumbnail","6":"product_cat-eko","8":"first","9":"instock","10":"shipping-taxable","11":"product-type-simple"},"yoast_head":"<!-- This site is optimized with the Yoast SEO plugin v24.4 - https:\/\/yoast.com\/wordpress\/plugins\/seo\/ -->\n<title>\u010carodejka - Garafarm Trade Kft<\/title>\n<meta name=\"robots\" content=\"index, follow, max-snippet:-1, max-image-preview:large, max-video-preview:-1\" \/>\n<link rel=\"canonical\" href=\"https:\/\/garafarm.hu\/sk\/eko\/carodejka\/\" \/>\n<meta property=\"og:locale\" content=\"sk_SK\" \/>\n<meta property=\"og:type\" content=\"article\" \/>\n<meta property=\"og:title\" content=\"\u010carodejka - Garafarm Trade Kft\" \/>\n<meta property=\"og:description\" content=\"\u010carodejka je jednoro\u010dn\u00e1 kvetina poch\u00e1dzaj\u00faca zo Severnej Ameriky. Vysieva sa v apr\u00edli a\u017e m\u00e1ji, pre kl\u00ed\u010denie potrebuje teplotu 20-25 stup\u0148ov. V\u00fdsev je potrebn\u00e9 prikry\u0165 prieh\u013eadn\u00fdm kryt\u00edm (napr. f\u00f3lia, sklen\u00e1 tabu\u013ea), aby sa zabr\u00e1nilo vysychaniu.\" \/>\n<meta property=\"og:url\" content=\"https:\/\/garafarm.hu\/sk\/eko\/carodejka\/\" \/>\n<meta property=\"og:site_name\" content=\"Garafarm Trade Kft\" \/>\n<meta property=\"article:modified_time\" content=\"2022-12-07T15:33:08+00:00\" \/>\n<meta property=\"og:image\" content=\"https:\/\/garafarm.hu\/wp-content\/uploads\/2022\/08\/garafarm_eco_bohocvirag_termekkep.jpg\" \/>\n\t<meta property=\"og:image:width\" content=\"1355\" \/>\n\t<meta property=\"og:image:height\" content=\"1893\" \/>\n\t<meta property=\"og:image:type\" content=\"image\/jpeg\" \/>\n<meta name=\"twitter:card\" content=\"summary_large_image\" \/>\n<script type=\"application\/ld+json\" class=\"yoast-schema-graph\">{\"@context\":\"https:\/\/schema.org\",\"@graph\":[{\"@type\":\"WebPage\",\"@id\":\"https:\/\/garafarm.hu\/sk\/eko\/carodejka\/\",\"url\":\"https:\/\/garafarm.hu\/sk\/eko\/carodejka\/\",\"name\":\"\u010carodejka - Garafarm Trade Kft\",\"isPartOf\":{\"@id\":\"https:\/\/garafarm.hu\/sk\/#website\"},\"primaryImageOfPage\":{\"@id\":\"https:\/\/garafarm.hu\/sk\/eko\/carodejka\/#primaryimage\"},\"image\":{\"@id\":\"https:\/\/garafarm.hu\/sk\/eko\/carodejka\/#primaryimage\"},\"thumbnailUrl\":\"https:\/\/garafarm.hu\/wp-content\/uploads\/2022\/08\/garafarm_eco_bohocvirag_termekkep.jpg\",\"datePublished\":\"2022-08-10T11:24:07+00:00\",\"dateModified\":\"2022-12-07T15:33:08+00:00\",\"breadcrumb\":{\"@id\":\"https:\/\/garafarm.hu\/sk\/eko\/carodejka\/#breadcrumb\"},\"inLanguage\":\"sk-SK\",\"potentialAction\":[{\"@type\":\"ReadAction\",\"target\":[\"https:\/\/garafarm.hu\/sk\/eko\/carodejka\/\"]}]},{\"@type\":\"ImageObject\",\"inLanguage\":\"sk-SK\",\"@id\":\"https:\/\/garafarm.hu\/sk\/eko\/carodejka\/#primaryimage\",\"url\":\"https:\/\/garafarm.hu\/wp-content\/uploads\/2022\/08\/garafarm_eco_bohocvirag_termekkep.jpg\",\"contentUrl\":\"https:\/\/garafarm.hu\/wp-content\/uploads\/2022\/08\/garafarm_eco_bohocvirag_termekkep.jpg\",\"width\":1355,\"height\":1893},{\"@type\":\"BreadcrumbList\",\"@id\":\"https:\/\/garafarm.hu\/sk\/eko\/carodejka\/#breadcrumb\",\"itemListElement\":[{\"@type\":\"ListItem\",\"position\":1,\"name\":\"Kezd\u0151lap\",\"item\":\"https:\/\/garafarm.hu\/sk\/\"},{\"@type\":\"ListItem\",\"position\":2,\"name\":\"\u00dczlet\",\"item\":\"https:\/\/garafarm.hu\/shop\/\"},{\"@type\":\"ListItem\",\"position\":3,\"name\":\"\u010carodejka\"}]},{\"@type\":\"WebSite\",\"@id\":\"https:\/\/garafarm.hu\/sk\/#website\",\"url\":\"https:\/\/garafarm.hu\/sk\/\",\"name\":\"Garafarm Trade Kft\",\"description\":\"Tasakos vet\u0151magel\u0151\u00e1ll\u00edt\u00e1s \u00e9s -forgalmaz\u00e1s Magyarorsz\u00e1gon.\",\"publisher\":{\"@id\":\"https:\/\/garafarm.hu\/sk\/#organization\"},\"potentialAction\":[{\"@type\":\"SearchAction\",\"target\":{\"@type\":\"EntryPoint\",\"urlTemplate\":\"https:\/\/garafarm.hu\/sk\/?s={search_term_string}\"},\"query-input\":{\"@type\":\"PropertyValueSpecification\",\"valueRequired\":true,\"valueName\":\"search_term_string\"}}],\"inLanguage\":\"sk-SK\"},{\"@type\":\"Organization\",\"@id\":\"https:\/\/garafarm.hu\/sk\/#organization\",\"name\":\"Garafarm Trade Kft.\",\"url\":\"https:\/\/garafarm.hu\/sk\/\",\"logo\":{\"@type\":\"ImageObject\",\"inLanguage\":\"sk-SK\",\"@id\":\"https:\/\/garafarm.hu\/sk\/#\/schema\/logo\/image\/\",\"url\":\"https:\/\/garafarm.hu\/wp-content\/uploads\/2021\/12\/garafarm_header_logo_v2.svg\",\"contentUrl\":\"https:\/\/garafarm.hu\/wp-content\/uploads\/2021\/12\/garafarm_header_logo_v2.svg\",\"width\":217,\"height\":65,\"caption\":\"Garafarm Trade Kft.\"},\"image\":{\"@id\":\"https:\/\/garafarm.hu\/sk\/#\/schema\/logo\/image\/\"}}]}<\/script>\n<!-- \/ Yoast SEO plugin. -->","yoast_head_json":{"title":"\u010carodejka - Garafarm Trade Kft","robots":{"index":"index","follow":"follow","max-snippet":"max-snippet:-1","max-image-preview":"max-image-preview:large","max-video-preview":"max-video-preview:-1"},"canonical":"https:\/\/garafarm.hu\/sk\/eko\/carodejka\/","og_locale":"sk_SK","og_type":"article","og_title":"\u010carodejka - Garafarm Trade Kft","og_description":"\u010carodejka je jednoro\u010dn\u00e1 kvetina poch\u00e1dzaj\u00faca zo Severnej Ameriky. Vysieva sa v apr\u00edli a\u017e m\u00e1ji, pre kl\u00ed\u010denie potrebuje teplotu 20-25 stup\u0148ov. V\u00fdsev je potrebn\u00e9 prikry\u0165 prieh\u013eadn\u00fdm kryt\u00edm (napr. f\u00f3lia, sklen\u00e1 tabu\u013ea), aby sa zabr\u00e1nilo vysychaniu.","og_url":"https:\/\/garafarm.hu\/sk\/eko\/carodejka\/","og_site_name":"Garafarm Trade Kft","article_modified_time":"2022-12-07T15:33:08+00:00","og_image":[{"width":1355,"height":1893,"url":"https:\/\/garafarm.hu\/wp-content\/uploads\/2022\/08\/garafarm_eco_bohocvirag_termekkep.jpg","type":"image\/jpeg"}],"twitter_card":"summary_large_image","schema":{"@context":"https:\/\/schema.org","@graph":[{"@type":"WebPage","@id":"https:\/\/garafarm.hu\/sk\/eko\/carodejka\/","url":"https:\/\/garafarm.hu\/sk\/eko\/carodejka\/","name":"\u010carodejka - Garafarm Trade Kft","isPartOf":{"@id":"https:\/\/garafarm.hu\/sk\/#website"},"primaryImageOfPage":{"@id":"https:\/\/garafarm.hu\/sk\/eko\/carodejka\/#primaryimage"},"image":{"@id":"https:\/\/garafarm.hu\/sk\/eko\/carodejka\/#primaryimage"},"thumbnailUrl":"https:\/\/garafarm.hu\/wp-content\/uploads\/2022\/08\/garafarm_eco_bohocvirag_termekkep.jpg","datePublished":"2022-08-10T11:24:07+00:00","dateModified":"2022-12-07T15:33:08+00:00","breadcrumb":{"@id":"https:\/\/garafarm.hu\/sk\/eko\/carodejka\/#breadcrumb"},"inLanguage":"sk-SK","potentialAction":[{"@type":"ReadAction","target":["https:\/\/garafarm.hu\/sk\/eko\/carodejka\/"]}]},{"@type":"ImageObject","inLanguage":"sk-SK","@id":"https:\/\/garafarm.hu\/sk\/eko\/carodejka\/#primaryimage","url":"https:\/\/garafarm.hu\/wp-content\/uploads\/2022\/08\/garafarm_eco_bohocvirag_termekkep.jpg","contentUrl":"https:\/\/garafarm.hu\/wp-content\/uploads\/2022\/08\/garafarm_eco_bohocvirag_termekkep.jpg","width":1355,"height":1893},{"@type":"BreadcrumbList","@id":"https:\/\/garafarm.hu\/sk\/eko\/carodejka\/#breadcrumb","itemListElement":[{"@type":"ListItem","position":1,"name":"Kezd\u0151lap","item":"https:\/\/garafarm.hu\/sk\/"},{"@type":"ListItem","position":2,"name":"\u00dczlet","item":"https:\/\/garafarm.hu\/shop\/"},{"@type":"ListItem","position":3,"name":"\u010carodejka"}]},{"@type":"WebSite","@id":"https:\/\/garafarm.hu\/sk\/#website","url":"https:\/\/garafarm.hu\/sk\/","name":"Garafarm Trade Kft","description":"Tasakos vet\u0151magel\u0151\u00e1ll\u00edt\u00e1s \u00e9s -forgalmaz\u00e1s Magyarorsz\u00e1gon.","publisher":{"@id":"https:\/\/garafarm.hu\/sk\/#organization"},"potentialAction":[{"@type":"SearchAction","target":{"@type":"EntryPoint","urlTemplate":"https:\/\/garafarm.hu\/sk\/?s={search_term_string}"},"query-input":{"@type":"PropertyValueSpecification","valueRequired":true,"valueName":"search_term_string"}}],"inLanguage":"sk-SK"},{"@type":"Organization","@id":"https:\/\/garafarm.hu\/sk\/#organization","name":"Garafarm Trade Kft.","url":"https:\/\/garafarm.hu\/sk\/","logo":{"@type":"ImageObject","inLanguage":"sk-SK","@id":"https:\/\/garafarm.hu\/sk\/#\/schema\/logo\/image\/","url":"https:\/\/garafarm.hu\/wp-content\/uploads\/2021\/12\/garafarm_header_logo_v2.svg","contentUrl":"https:\/\/garafarm.hu\/wp-content\/uploads\/2021\/12\/garafarm_header_logo_v2.svg","width":217,"height":65,"caption":"Garafarm Trade Kft."},"image":{"@id":"https:\/\/garafarm.hu\/sk\/#\/schema\/logo\/image\/"}}]}},"_links":{"self":[{"href":"https:\/\/garafarm.hu\/sk\/wp-json\/wp\/v2\/product\/3816","targetHints":{"allow":["GET"]}}],"collection":[{"href":"https:\/\/garafarm.hu\/sk\/wp-json\/wp\/v2\/product"}],"about":[{"href":"https:\/\/garafarm.hu\/sk\/wp-json\/wp\/v2\/types\/product"}],"wp:featuredmedia":[{"embeddable":true,"href":"https:\/\/garafarm.hu\/sk\/wp-json\/wp\/v2\/media\/3518"}],"wp:attachment":[{"href":"https:\/\/garafarm.hu\/sk\/wp-json\/wp\/v2\/media?parent=3816"}],"wp:term":[{"taxonomy":"product_brand","embeddable":true,"href":"https:\/\/garafarm.hu\/sk\/wp-json\/wp\/v2\/product_brand?post=3816"},{"taxonomy":"product_cat","embeddable":true,"href":"https:\/\/garafarm.hu\/sk\/wp-json\/wp\/v2\/product_cat?post=3816"},{"taxonomy":"product_tag","embeddable":true,"href":"https:\/\/garafarm.hu\/sk\/wp-json\/wp\/v2\/product_tag?post=3816"}],"curies":[{"name":"wp","href":"https:\/\/api.w.org\/{rel}","templated":true}]}}