{"id":3823,"date":"2022-09-02T15:49:30","date_gmt":"2022-09-02T13:49:30","guid":{"rendered":"https:\/\/garafarm.hu\/termek\/kavyl-chvostikovy\/"},"modified":"2022-12-07T17:29:18","modified_gmt":"2022-12-07T15:29:18","slug":"kavyl-chvostikovy","status":"publish","type":"product","link":"https:\/\/garafarm.hu\/sk\/eko\/kavyl-chvostikovy\/","title":{"rendered":"Kavy\u013e chvost\u00edkov\u00fd"},"content":{"rendered":"<div class=\"fusion-fullwidth fullwidth-box fusion-builder-row-1 fusion-flex-container has-pattern-background has-mask-background nonhundred-percent-fullwidth non-hundred-percent-height-scrolling\" style=\"background-color: rgba(255,255,255,0);background-position: center center;background-repeat: no-repeat;border-width: 0px 0px 0px 0px;border-color:#e2e2e2;border-style:solid;\" ><div class=\"fusion-builder-row fusion-row fusion-flex-align-items-flex-start\" style=\"max-width:1248px;margin-left: calc(-4% \/ 2 );margin-right: calc(-4% \/ 2 );\"><div class=\"fusion-layout-column fusion_builder_column fusion-builder-column-0 fusion_builder_column_1_1 1_1 fusion-flex-column\"><div class=\"fusion-column-wrapper fusion-flex-justify-content-flex-start fusion-content-layout-column\" style=\"background-position:left top;background-repeat:no-repeat;-webkit-background-size:cover;-moz-background-size:cover;-o-background-size:cover;background-size:cover;padding: 0px 0px 0px 0px;\"><style type=\"text\/css\">@media only screen and (max-width:1024px) {.fusion-title.fusion-title-1{margin-top:10px!important; margin-right:0px!important;margin-bottom:15px!important;margin-left:0px!important;}}@media only screen and (max-width:640px) {.fusion-title.fusion-title-1{margin-top:10px!important; margin-right:0px!important;margin-bottom:10px!important; margin-left:0px!important;}}<\/style><div class=\"fusion-title title fusion-title-1 fusion-sep-none fusion-title-text fusion-title-size-three\" style=\"font-size:45px;margin-top:10px;margin-right:0px;margin-bottom:15px;margin-left:0px;\"><h3 class=\"title-heading-left fusion-responsive-typography-calculated\" style=\"font-family:&quot;Amatic SC&quot;;font-weight:700;margin:0;font-size:1em;color:var(--awb-color6);--fontSize:45;line-height:1.33;\">Kavy\u013e chvost\u00edkov\u00fd<\/h3><\/div><ul class=\"fusion-checklist fusion-checklist-1\" style=\"font-size:16px;line-height:27.2px;\"><li style=\"background-color:rgba(255,255,255,0);\" class=\"fusion-li-item\"><span style=\"height:27.2px;width:27.2px;margin-right:11.2px;\" class=\"icon-wrapper circle-no\"><i class=\"fusion-li-icon fa-chevron-right fas\" style=\"color:var(--awb-custom13);\" aria-hidden=\"true\"><\/i><\/span><div class=\"fusion-li-item-content\" style=\"margin-left:38.4px;color:#4a4e57;\">\n<p>Stipa tenuissima<\/p>\n<\/div><\/li><li style=\"background-color:rgba(255,255,255,0);\" class=\"fusion-li-item\"><span style=\"height:27.2px;width:27.2px;margin-right:11.2px;\" class=\"icon-wrapper circle-no\"><i class=\"fusion-li-icon fa-chevron-right fas\" style=\"color:var(--awb-custom13);\" aria-hidden=\"true\"><\/i><\/span><div class=\"fusion-li-item-content\" style=\"margin-left:38.4px;color:#4a4e57;\">\n<p>Pony Tails light Green<\/p>\n<\/div><\/li><li style=\"background-color:rgba(255,255,255,0);\" class=\"fusion-li-item\"><span style=\"height:27.2px;width:27.2px;margin-right:11.2px;\" class=\"icon-wrapper circle-no\"><i class=\"fusion-li-icon fa-chevron-right fas\" style=\"color:var(--awb-custom13);\" aria-hidden=\"true\"><\/i><\/span><div class=\"fusion-li-item-content\" style=\"margin-left:38.4px;color:#4a4e57;\">\n<p>Kus: 10<\/p>\n<\/div><\/li><li style=\"background-color:rgba(255,255,255,0);\" class=\"fusion-li-item\"><span style=\"height:27.2px;width:27.2px;margin-right:11.2px;\" class=\"icon-wrapper circle-no\"><i class=\"fusion-li-icon fa-chevron-right fas\" style=\"color:var(--awb-custom13);\" aria-hidden=\"true\"><\/i><\/span><div class=\"fusion-li-item-content\" style=\"margin-left:38.4px;color:#4a4e57;\">\n<span class=\"fusion-popover popover-1\" data-animation=\"1\" data-class=\"popover-1\" data-container=\"popover-1\" data-content=\"V pr\u00edpade rastl\u00edn s drobn\u00fdmi semienkami pon\u00fakame z\u00e1kazn\u00edkom granulovan\u00e9 osiv\u00e1. T\u00fdmto procesom sa semen\u00e1 obalia \u0161peci\u00e1lnym materi\u00e1lom, \u010d\u00edm sa rozmery zv\u00e4\u010d\u0161ia, jednoduch\u0161ie sa vysievaj\u00fa, v d\u00f4sledku \u010doho bud\u00fa rastliny rovnomernej\u0161ie rozmiestnen\u00e9. T\u00e1to pr\u00eddavn\u00e1 l\u00e1tka sa vplyvom vlhkosti rozpust\u00ed, preto treba venova\u0165 zv\u00fd\u0161en\u00fa pozornos\u0165 zavla\u017eovaniu p\u00f4dy u\u017e pri v\u00fdseve, ale st\u00e1le polievanie je potrebn\u00e9 aj nesk\u00f4r.\" data-delay=\"50\" data-placement=\"top\" data-title=\"Peletovan\u00e9\" data-toggle=\"popover\" data-trigger=\"hover\"><style type=\"text\/css\">.popover.popover-1 { border-color:#ddd; }.popover.popover-1 .popover-title{background-color:#ffffff;color:#333333;border-color:#ddd;}.popover.popover-1 .popover-content{background-color:#ffffff;color:#333333;}.popover.popover-1.top .arrow{border-top-color:#ddd;}.popover.popover-1.top .arrow:after{border-top-color:#ffffff;}<\/style>Peletovan\u00e9: <i class=\"fb-icon-element-1 fb-icon-element fontawesome-icon fa-check fas circle-no fusion-text-flow\" style=\"font-size:16px;margin-right:8px;\"><\/i><style>i.fb-icon-element.fontawesome-icon.fb-icon-element-1{ color: var(--awb-color6);}i.fb-icon-element.fontawesome-icon.fb-icon-element-1:hover { color: var(--awb-color6);}<\/style><i class=\"fb-icon-element-2 fb-icon-element fontawesome-icon fa-info-circle fas circle-no fusion-text-flow\" style=\"font-size:16px;margin-right:10px;\"><\/i><style>i.fb-icon-element.fontawesome-icon.fb-icon-element-2{ color: var(--awb-color6);}i.fb-icon-element.fontawesome-icon.fb-icon-element-2:hover { color: var(--awb-color6);}<\/style><\/span>\n<\/div><\/li><\/ul><div class=\"fusion-separator fusion-full-width-sep\" style=\"align-self: center;margin-left: auto;margin-right: auto;margin-top:20px;width:100%;\"><\/div><div class=\"fusion-text fusion-text-1 fusion-text-no-margin\" style=\"color:var(--awb-color5);font-family:&quot;Montserrat&quot;;font-weight:400;margin-top:0px;margin-bottom:0px;\"><p>Kavy\u013e je trval\u00e1 lipnicovit\u00e1 rastlina, p\u00f4vodn\u00fd druh Strednej a V\u00fdchodnej Eur\u00f3py. Pre kl\u00ed\u010denie semien potrebuje teplotu 18-20 stup\u0148ov, vysieva sa v marci. V\u00fdsev je potrebn\u00e9 prikry\u0165 prieh\u013eadn\u00fdm kryt\u00edm (napr. f\u00f3lia, sklen\u00e1 tabu\u013ea), aby sa zabr\u00e1nilo vysychaniu.<\/p>\n<p>Priesady sa v apr\u00edli vys\u00e1dzaj\u00fa do \u010drepn\u00edkov. V\u00fdsadba mlad\u00fdch rastl\u00edn sa uskuto\u010dn\u00ed v m\u00e1ji, a to na such\u00e9, svahovit\u00e9 stanovi\u0161te (do skaliek) do pieso\u010dnatej nev\u00e1penatej p\u00f4dy. Dobre zn\u00e1\u0161a sucho, zalieva sa iba pr\u00edle\u017eitostne. Jeho ozdobn\u00fa hodnotu poskytuj\u00fa ku\u010derav\u00e9 kvetenstv\u00e1 podobn\u00e9 periu. Kavy\u013e dorast\u00e1 do v\u00fd\u0161ky 50-60 centimetrov. Kvetenstvo a listy sa po\u010das zimy zachovaj\u00fa a na jar, po pominut\u00ed mrazov zastrihn\u00fa vo v\u00fd\u0161ke 20-30 cm. Kvetenstv\u00e1 m\u00f4\u017eeme obdivova\u0165 od m\u00e1ja do j\u00fala. Vys\u00e1dza sa do svahov a skaliek, hod\u00ed sa na uvo\u013enenie kvetinov\u00fdch z\u00e1honov, ale kr\u00e1sne vynikne aj v skupin\u00e1ch. Vo\u010di chorob\u00e1m a \u0161kodcom je odoln\u00fd. Rastlina nie je jedovat\u00e1, ale nie je ani jedl\u00e1.<\/p>\n<\/div><\/div><style type=\"text\/css\">.fusion-body .fusion-builder-column-0{width:100% !important;margin-top : 0px;margin-bottom : 0px;}.fusion-builder-column-0 > .fusion-column-wrapper {padding-top : 0px !important;padding-right : 0px !important;margin-right : 1.92%;padding-bottom : 0px !important;padding-left : 0px !important;margin-left : 1.92%;}@media only screen and (max-width:1024px) {.fusion-body .fusion-builder-column-0{width:100% !important;order : 0;}.fusion-builder-column-0 > .fusion-column-wrapper {margin-right : 1.92%;margin-left : 1.92%;}}@media only screen and (max-width:640px) {.fusion-body .fusion-builder-column-0{width:100% !important;order : 0;}.fusion-builder-column-0 > .fusion-column-wrapper {margin-right : 1.92%;margin-left : 1.92%;}}<\/style><\/div><\/div><style type=\"text\/css\">.fusion-body .fusion-flex-container.fusion-builder-row-1{ padding-top : 0px;margin-top : 0px;padding-right : 0px;padding-bottom : 0px;margin-bottom : 0px;padding-left : 0px;}<\/style><\/div>\n","protected":false},"excerpt":{"rendered":"<p>Kavy\u013e je trval\u00e1 lipnicovit\u00e1 rastlina, p\u00f4vodn\u00fd druh Strednej a V\u00fdchodnej Eur\u00f3py. Pre kl\u00ed\u010denie semien potrebuje teplotu 18-20 stup\u0148ov, vysieva sa v marci.<\/p>\n","protected":false},"featured_media":3630,"template":"","meta":{"inline_featured_image":false},"product_brand":[],"product_cat":[114],"product_tag":[],"class_list":{"0":"post-3823","1":"product","2":"type-product","3":"status-publish","4":"has-post-thumbnail","6":"product_cat-eko","8":"first","9":"instock","10":"shipping-taxable","11":"product-type-simple"},"yoast_head":"<!-- This site is optimized with the Yoast SEO plugin v24.4 - https:\/\/yoast.com\/wordpress\/plugins\/seo\/ -->\n<title>Kavy\u013e chvost\u00edkov\u00fd - Garafarm Trade Kft<\/title>\n<meta name=\"robots\" content=\"index, follow, max-snippet:-1, max-image-preview:large, max-video-preview:-1\" \/>\n<link rel=\"canonical\" href=\"https:\/\/garafarm.hu\/sk\/eko\/kavyl-chvostikovy\/\" \/>\n<meta property=\"og:locale\" content=\"sk_SK\" \/>\n<meta property=\"og:type\" content=\"article\" \/>\n<meta property=\"og:title\" content=\"Kavy\u013e chvost\u00edkov\u00fd - Garafarm Trade Kft\" \/>\n<meta property=\"og:description\" content=\"Kavy\u013e je trval\u00e1 lipnicovit\u00e1 rastlina, p\u00f4vodn\u00fd druh Strednej a V\u00fdchodnej Eur\u00f3py. Pre kl\u00ed\u010denie semien potrebuje teplotu 18-20 stup\u0148ov, vysieva sa v marci.\" \/>\n<meta property=\"og:url\" content=\"https:\/\/garafarm.hu\/sk\/eko\/kavyl-chvostikovy\/\" \/>\n<meta property=\"og:site_name\" content=\"Garafarm Trade Kft\" \/>\n<meta property=\"article:modified_time\" content=\"2022-12-07T15:29:18+00:00\" \/>\n<meta property=\"og:image\" content=\"https:\/\/garafarm.hu\/wp-content\/uploads\/2022\/09\/csinos_a__rvala__nyhaj.jpg\" \/>\n\t<meta property=\"og:image:width\" content=\"1200\" \/>\n\t<meta property=\"og:image:height\" content=\"1674\" \/>\n\t<meta property=\"og:image:type\" content=\"image\/jpeg\" \/>\n<meta name=\"twitter:card\" content=\"summary_large_image\" \/>\n<script type=\"application\/ld+json\" class=\"yoast-schema-graph\">{\"@context\":\"https:\/\/schema.org\",\"@graph\":[{\"@type\":\"WebPage\",\"@id\":\"https:\/\/garafarm.hu\/sk\/eko\/kavyl-chvostikovy\/\",\"url\":\"https:\/\/garafarm.hu\/sk\/eko\/kavyl-chvostikovy\/\",\"name\":\"Kavy\u013e chvost\u00edkov\u00fd - Garafarm Trade Kft\",\"isPartOf\":{\"@id\":\"https:\/\/garafarm.hu\/sk\/#website\"},\"primaryImageOfPage\":{\"@id\":\"https:\/\/garafarm.hu\/sk\/eko\/kavyl-chvostikovy\/#primaryimage\"},\"image\":{\"@id\":\"https:\/\/garafarm.hu\/sk\/eko\/kavyl-chvostikovy\/#primaryimage\"},\"thumbnailUrl\":\"https:\/\/garafarm.hu\/wp-content\/uploads\/2022\/09\/csinos_a__rvala__nyhaj.jpg\",\"datePublished\":\"2022-09-02T13:49:30+00:00\",\"dateModified\":\"2022-12-07T15:29:18+00:00\",\"breadcrumb\":{\"@id\":\"https:\/\/garafarm.hu\/sk\/eko\/kavyl-chvostikovy\/#breadcrumb\"},\"inLanguage\":\"sk-SK\",\"potentialAction\":[{\"@type\":\"ReadAction\",\"target\":[\"https:\/\/garafarm.hu\/sk\/eko\/kavyl-chvostikovy\/\"]}]},{\"@type\":\"ImageObject\",\"inLanguage\":\"sk-SK\",\"@id\":\"https:\/\/garafarm.hu\/sk\/eko\/kavyl-chvostikovy\/#primaryimage\",\"url\":\"https:\/\/garafarm.hu\/wp-content\/uploads\/2022\/09\/csinos_a__rvala__nyhaj.jpg\",\"contentUrl\":\"https:\/\/garafarm.hu\/wp-content\/uploads\/2022\/09\/csinos_a__rvala__nyhaj.jpg\",\"width\":1200,\"height\":1674},{\"@type\":\"BreadcrumbList\",\"@id\":\"https:\/\/garafarm.hu\/sk\/eko\/kavyl-chvostikovy\/#breadcrumb\",\"itemListElement\":[{\"@type\":\"ListItem\",\"position\":1,\"name\":\"Kezd\u0151lap\",\"item\":\"https:\/\/garafarm.hu\/sk\/\"},{\"@type\":\"ListItem\",\"position\":2,\"name\":\"\u00dczlet\",\"item\":\"https:\/\/garafarm.hu\/shop\/\"},{\"@type\":\"ListItem\",\"position\":3,\"name\":\"Kavy\u013e chvost\u00edkov\u00fd\"}]},{\"@type\":\"WebSite\",\"@id\":\"https:\/\/garafarm.hu\/sk\/#website\",\"url\":\"https:\/\/garafarm.hu\/sk\/\",\"name\":\"Garafarm Trade Kft\",\"description\":\"Tasakos vet\u0151magel\u0151\u00e1ll\u00edt\u00e1s \u00e9s -forgalmaz\u00e1s Magyarorsz\u00e1gon.\",\"publisher\":{\"@id\":\"https:\/\/garafarm.hu\/sk\/#organization\"},\"potentialAction\":[{\"@type\":\"SearchAction\",\"target\":{\"@type\":\"EntryPoint\",\"urlTemplate\":\"https:\/\/garafarm.hu\/sk\/?s={search_term_string}\"},\"query-input\":{\"@type\":\"PropertyValueSpecification\",\"valueRequired\":true,\"valueName\":\"search_term_string\"}}],\"inLanguage\":\"sk-SK\"},{\"@type\":\"Organization\",\"@id\":\"https:\/\/garafarm.hu\/sk\/#organization\",\"name\":\"Garafarm Trade Kft.\",\"url\":\"https:\/\/garafarm.hu\/sk\/\",\"logo\":{\"@type\":\"ImageObject\",\"inLanguage\":\"sk-SK\",\"@id\":\"https:\/\/garafarm.hu\/sk\/#\/schema\/logo\/image\/\",\"url\":\"https:\/\/garafarm.hu\/wp-content\/uploads\/2021\/12\/garafarm_header_logo_v2.svg\",\"contentUrl\":\"https:\/\/garafarm.hu\/wp-content\/uploads\/2021\/12\/garafarm_header_logo_v2.svg\",\"width\":217,\"height\":65,\"caption\":\"Garafarm Trade Kft.\"},\"image\":{\"@id\":\"https:\/\/garafarm.hu\/sk\/#\/schema\/logo\/image\/\"}}]}<\/script>\n<!-- \/ Yoast SEO plugin. -->","yoast_head_json":{"title":"Kavy\u013e chvost\u00edkov\u00fd - Garafarm Trade Kft","robots":{"index":"index","follow":"follow","max-snippet":"max-snippet:-1","max-image-preview":"max-image-preview:large","max-video-preview":"max-video-preview:-1"},"canonical":"https:\/\/garafarm.hu\/sk\/eko\/kavyl-chvostikovy\/","og_locale":"sk_SK","og_type":"article","og_title":"Kavy\u013e chvost\u00edkov\u00fd - Garafarm Trade Kft","og_description":"Kavy\u013e je trval\u00e1 lipnicovit\u00e1 rastlina, p\u00f4vodn\u00fd druh Strednej a V\u00fdchodnej Eur\u00f3py. Pre kl\u00ed\u010denie semien potrebuje teplotu 18-20 stup\u0148ov, vysieva sa v marci.","og_url":"https:\/\/garafarm.hu\/sk\/eko\/kavyl-chvostikovy\/","og_site_name":"Garafarm Trade Kft","article_modified_time":"2022-12-07T15:29:18+00:00","og_image":[{"width":1200,"height":1674,"url":"https:\/\/garafarm.hu\/wp-content\/uploads\/2022\/09\/csinos_a__rvala__nyhaj.jpg","type":"image\/jpeg"}],"twitter_card":"summary_large_image","schema":{"@context":"https:\/\/schema.org","@graph":[{"@type":"WebPage","@id":"https:\/\/garafarm.hu\/sk\/eko\/kavyl-chvostikovy\/","url":"https:\/\/garafarm.hu\/sk\/eko\/kavyl-chvostikovy\/","name":"Kavy\u013e chvost\u00edkov\u00fd - Garafarm Trade Kft","isPartOf":{"@id":"https:\/\/garafarm.hu\/sk\/#website"},"primaryImageOfPage":{"@id":"https:\/\/garafarm.hu\/sk\/eko\/kavyl-chvostikovy\/#primaryimage"},"image":{"@id":"https:\/\/garafarm.hu\/sk\/eko\/kavyl-chvostikovy\/#primaryimage"},"thumbnailUrl":"https:\/\/garafarm.hu\/wp-content\/uploads\/2022\/09\/csinos_a__rvala__nyhaj.jpg","datePublished":"2022-09-02T13:49:30+00:00","dateModified":"2022-12-07T15:29:18+00:00","breadcrumb":{"@id":"https:\/\/garafarm.hu\/sk\/eko\/kavyl-chvostikovy\/#breadcrumb"},"inLanguage":"sk-SK","potentialAction":[{"@type":"ReadAction","target":["https:\/\/garafarm.hu\/sk\/eko\/kavyl-chvostikovy\/"]}]},{"@type":"ImageObject","inLanguage":"sk-SK","@id":"https:\/\/garafarm.hu\/sk\/eko\/kavyl-chvostikovy\/#primaryimage","url":"https:\/\/garafarm.hu\/wp-content\/uploads\/2022\/09\/csinos_a__rvala__nyhaj.jpg","contentUrl":"https:\/\/garafarm.hu\/wp-content\/uploads\/2022\/09\/csinos_a__rvala__nyhaj.jpg","width":1200,"height":1674},{"@type":"BreadcrumbList","@id":"https:\/\/garafarm.hu\/sk\/eko\/kavyl-chvostikovy\/#breadcrumb","itemListElement":[{"@type":"ListItem","position":1,"name":"Kezd\u0151lap","item":"https:\/\/garafarm.hu\/sk\/"},{"@type":"ListItem","position":2,"name":"\u00dczlet","item":"https:\/\/garafarm.hu\/shop\/"},{"@type":"ListItem","position":3,"name":"Kavy\u013e chvost\u00edkov\u00fd"}]},{"@type":"WebSite","@id":"https:\/\/garafarm.hu\/sk\/#website","url":"https:\/\/garafarm.hu\/sk\/","name":"Garafarm Trade Kft","description":"Tasakos vet\u0151magel\u0151\u00e1ll\u00edt\u00e1s \u00e9s -forgalmaz\u00e1s Magyarorsz\u00e1gon.","publisher":{"@id":"https:\/\/garafarm.hu\/sk\/#organization"},"potentialAction":[{"@type":"SearchAction","target":{"@type":"EntryPoint","urlTemplate":"https:\/\/garafarm.hu\/sk\/?s={search_term_string}"},"query-input":{"@type":"PropertyValueSpecification","valueRequired":true,"valueName":"search_term_string"}}],"inLanguage":"sk-SK"},{"@type":"Organization","@id":"https:\/\/garafarm.hu\/sk\/#organization","name":"Garafarm Trade Kft.","url":"https:\/\/garafarm.hu\/sk\/","logo":{"@type":"ImageObject","inLanguage":"sk-SK","@id":"https:\/\/garafarm.hu\/sk\/#\/schema\/logo\/image\/","url":"https:\/\/garafarm.hu\/wp-content\/uploads\/2021\/12\/garafarm_header_logo_v2.svg","contentUrl":"https:\/\/garafarm.hu\/wp-content\/uploads\/2021\/12\/garafarm_header_logo_v2.svg","width":217,"height":65,"caption":"Garafarm Trade Kft."},"image":{"@id":"https:\/\/garafarm.hu\/sk\/#\/schema\/logo\/image\/"}}]}},"_links":{"self":[{"href":"https:\/\/garafarm.hu\/sk\/wp-json\/wp\/v2\/product\/3823","targetHints":{"allow":["GET"]}}],"collection":[{"href":"https:\/\/garafarm.hu\/sk\/wp-json\/wp\/v2\/product"}],"about":[{"href":"https:\/\/garafarm.hu\/sk\/wp-json\/wp\/v2\/types\/product"}],"wp:featuredmedia":[{"embeddable":true,"href":"https:\/\/garafarm.hu\/sk\/wp-json\/wp\/v2\/media\/3630"}],"wp:attachment":[{"href":"https:\/\/garafarm.hu\/sk\/wp-json\/wp\/v2\/media?parent=3823"}],"wp:term":[{"taxonomy":"product_brand","embeddable":true,"href":"https:\/\/garafarm.hu\/sk\/wp-json\/wp\/v2\/product_brand?post=3823"},{"taxonomy":"product_cat","embeddable":true,"href":"https:\/\/garafarm.hu\/sk\/wp-json\/wp\/v2\/product_cat?post=3823"},{"taxonomy":"product_tag","embeddable":true,"href":"https:\/\/garafarm.hu\/sk\/wp-json\/wp\/v2\/product_tag?post=3823"}],"curies":[{"name":"wp","href":"https:\/\/api.w.org\/{rel}","templated":true}]}}