{"id":3835,"date":"2022-09-02T15:53:45","date_gmt":"2022-09-02T13:53:45","guid":{"rendered":"https:\/\/garafarm.hu\/termek\/levandula-hlavkovita\/"},"modified":"2022-12-07T17:25:42","modified_gmt":"2022-12-07T15:25:42","slug":"levandula-hlavkovita","status":"publish","type":"product","link":"https:\/\/garafarm.hu\/sk\/eko\/levandula-hlavkovita\/","title":{"rendered":"Levandu\u013ea hl\u00e1vkovit\u00e1"},"content":{"rendered":"<div class=\"fusion-fullwidth fullwidth-box fusion-builder-row-1 fusion-flex-container has-pattern-background has-mask-background nonhundred-percent-fullwidth non-hundred-percent-height-scrolling\" style=\"background-color: rgba(255,255,255,0);background-position: center center;background-repeat: no-repeat;border-width: 0px 0px 0px 0px;border-color:#e2e2e2;border-style:solid;\" ><div class=\"fusion-builder-row fusion-row fusion-flex-align-items-flex-start\" style=\"max-width:1248px;margin-left: calc(-4% \/ 2 );margin-right: calc(-4% \/ 2 );\"><div class=\"fusion-layout-column fusion_builder_column fusion-builder-column-0 fusion_builder_column_1_1 1_1 fusion-flex-column\"><div class=\"fusion-column-wrapper fusion-flex-justify-content-flex-start fusion-content-layout-column\" style=\"background-position:left top;background-repeat:no-repeat;-webkit-background-size:cover;-moz-background-size:cover;-o-background-size:cover;background-size:cover;padding: 0px 0px 0px 0px;\"><style type=\"text\/css\">@media only screen and (max-width:1024px) {.fusion-title.fusion-title-1{margin-top:10px!important; margin-right:0px!important;margin-bottom:15px!important;margin-left:0px!important;}}@media only screen and (max-width:640px) {.fusion-title.fusion-title-1{margin-top:10px!important; margin-right:0px!important;margin-bottom:10px!important; margin-left:0px!important;}}<\/style><div class=\"fusion-title title fusion-title-1 fusion-sep-none fusion-title-text fusion-title-size-three\" style=\"font-size:45px;margin-top:10px;margin-right:0px;margin-bottom:15px;margin-left:0px;\"><h3 class=\"title-heading-left fusion-responsive-typography-calculated\" style=\"font-family:&quot;Amatic SC&quot;;font-weight:700;margin:0;font-size:1em;color:var(--awb-color6);--fontSize:45;line-height:1.33;\">Levandu\u013ea hl\u00e1vkovit\u00e1<\/h3><\/div><ul class=\"fusion-checklist fusion-checklist-1\" style=\"font-size:16px;line-height:27.2px;\"><li style=\"background-color:rgba(255,255,255,0);\" class=\"fusion-li-item\"><span style=\"height:27.2px;width:27.2px;margin-right:11.2px;\" class=\"icon-wrapper circle-no\"><i class=\"fusion-li-icon fa-chevron-right fas\" style=\"color:var(--awb-custom13);\" aria-hidden=\"true\"><\/i><\/span><div class=\"fusion-li-item-content\" style=\"margin-left:38.4px;color:#4a4e57;\">\n<p>Lavandula stoechas<\/p>\n<\/div><\/li><li style=\"background-color:rgba(255,255,255,0);\" class=\"fusion-li-item\"><span style=\"height:27.2px;width:27.2px;margin-right:11.2px;\" class=\"icon-wrapper circle-no\"><i class=\"fusion-li-icon fa-chevron-right fas\" style=\"color:var(--awb-custom13);\" aria-hidden=\"true\"><\/i><\/span><div class=\"fusion-li-item-content\" style=\"margin-left:38.4px;color:#4a4e57;\">\n<p>Bandera Deep Rose<\/p>\n<\/div><\/li><li style=\"background-color:rgba(255,255,255,0);\" class=\"fusion-li-item\"><span style=\"height:27.2px;width:27.2px;margin-right:11.2px;\" class=\"icon-wrapper circle-no\"><i class=\"fusion-li-icon fa-chevron-right fas\" style=\"color:var(--awb-custom13);\" aria-hidden=\"true\"><\/i><\/span><div class=\"fusion-li-item-content\" style=\"margin-left:38.4px;color:#4a4e57;\">\n<p>Kus: 10<\/p>\n<\/div><\/li><\/ul><div class=\"fusion-separator fusion-full-width-sep\" style=\"align-self: center;margin-left: auto;margin-right: auto;margin-top:20px;width:100%;\"><\/div><div class=\"fusion-text fusion-text-1 fusion-text-no-margin\" style=\"color:var(--awb-color5);font-family:&quot;Montserrat&quot;;font-weight:400;margin-top:0px;margin-bottom:0px;\"><p>V\u017edyzelen\u00fd ker, poch\u00e1dzaj\u00faca z pobre\u017eia Stredozemn\u00e9ho mora. Pre kl\u00ed\u010denie semien potrebuje teplotu 18-20 stup\u0148ov, ale pred v\u00fdsevom je \u00fa\u010deln\u00e9 semen\u00e1 dr\u017ea\u0165 nieko\u013eko dn\u00ed v chladni\u010dke, vysieva sa v marci. V\u00fdsev je potrebn\u00e9 prikry\u0165 prieh\u013eadn\u00fdm kryt\u00edm (napr. f\u00f3lia, sklen\u00e1 tabu\u013ea), aby sa zabr\u00e1nilo vysychaniu. Priesady sa v apr\u00edli vys\u00e1dzaj\u00fa do \u010drepn\u00edkov.<\/p>\n<p>V\u00fdsadba mlad\u00fdch rastl\u00edn sa uskuto\u010dn\u00ed v m\u00e1ji, ke\u010f pomin\u00fa mrazy. Priesady sa vys\u00e1dzaj\u00fa na slne\u010dn\u00e9 stanovi\u0161te do priepustnej p\u00f4dy. Zalieva sa iba pr\u00edle\u017eitostne, pod\u013ea potreby.<\/p>\n<p>V\u00fd\u0161ka levandule hl\u00e1vkovitej je 40-50 cm.<\/p>\n<p>Jej kvetenstv\u00e1 skr\u00e1\u0161\u013euj\u00fa na\u0161u z\u00e1hradu od j\u00fana do septembra. S\u00edce je ch\u00falostivej\u0161ia ako klasick\u00e1 levandu\u013ea, svojimi zvl\u00e1\u0161tnymi kvetmi v\u0161ak bude ozdobou na\u0161ej z\u00e1hrady. Odkvitnut\u00e9 prv\u00e9 kvetenstv\u00e1 sa oplat\u00ed odstr\u00e1ni\u0165, aby do jesene rozkvitla e\u0161te raz. Svojou strednou v\u00fd\u0161kou sa v\u00fdborne hod\u00ed do kvetinov\u00fdch z\u00e1honov alebo ako n\u00edzky lem chodn\u00edkov.<\/p>\n<p>Je odoln\u00e1 vo\u010di \u0161kodcom, nie je n\u00e1chyln\u00e1 na choroby, ale po n\u00e1stupe chladn\u00fdch dn\u00ed ju treba chr\u00e1ni\u0165 pred mrazom zakryt\u00edm.<\/p>\n<\/div><\/div><style type=\"text\/css\">.fusion-body .fusion-builder-column-0{width:100% !important;margin-top : 0px;margin-bottom : 0px;}.fusion-builder-column-0 > .fusion-column-wrapper {padding-top : 0px !important;padding-right : 0px !important;margin-right : 1.92%;padding-bottom : 0px !important;padding-left : 0px !important;margin-left : 1.92%;}@media only screen and (max-width:1024px) {.fusion-body .fusion-builder-column-0{width:100% !important;order : 0;}.fusion-builder-column-0 > .fusion-column-wrapper {margin-right : 1.92%;margin-left : 1.92%;}}@media only screen and (max-width:640px) {.fusion-body .fusion-builder-column-0{width:100% !important;order : 0;}.fusion-builder-column-0 > .fusion-column-wrapper {margin-right : 1.92%;margin-left : 1.92%;}}<\/style><\/div><\/div><style type=\"text\/css\">.fusion-body .fusion-flex-container.fusion-builder-row-1{ padding-top : 0px;margin-top : 0px;padding-right : 0px;padding-bottom : 0px;margin-bottom : 0px;padding-left : 0px;}<\/style><\/div>\n","protected":false},"excerpt":{"rendered":"<p>Ostrica biela sa roz\u0161\u00edrila z Nov\u00e9ho Z\u00e9landu. Je to n\u00edzka trvalka, ozdobn\u00e1 tr\u00e1va. Pre kl\u00ed\u010denie semien potrebuje teplotu 18-20 stup\u0148ov, vysieva sa v marci. V\u00fdsev je potrebn\u00e9 prikry\u0165 prieh\u013eadn\u00fdm kryt\u00edm (napr. f\u00f3lia, sklen\u00e1 tabu\u013ea), aby sa zabr\u00e1nilo vysychaniu. Priesady sa v apr\u00edli vys\u00e1dzaj\u00fa do \u010drepn\u00edkov.<\/p>\n","protected":false},"featured_media":3645,"template":"","meta":{"inline_featured_image":false},"product_brand":[],"product_cat":[114],"product_tag":[],"class_list":{"0":"post-3835","1":"product","2":"type-product","3":"status-publish","4":"has-post-thumbnail","6":"product_cat-eko","8":"first","9":"instock","10":"shipping-taxable","11":"product-type-simple"},"yoast_head":"<!-- This site is optimized with the Yoast SEO plugin v24.4 - https:\/\/yoast.com\/wordpress\/plugins\/seo\/ -->\n<title>Levandu\u013ea hl\u00e1vkovit\u00e1 - Garafarm Trade Kft<\/title>\n<meta name=\"robots\" content=\"index, follow, max-snippet:-1, max-image-preview:large, max-video-preview:-1\" \/>\n<link rel=\"canonical\" href=\"https:\/\/garafarm.hu\/sk\/eko\/levandula-hlavkovita\/\" \/>\n<meta property=\"og:locale\" content=\"sk_SK\" \/>\n<meta property=\"og:type\" content=\"article\" \/>\n<meta property=\"og:title\" content=\"Levandu\u013ea hl\u00e1vkovit\u00e1 - Garafarm Trade Kft\" \/>\n<meta property=\"og:description\" content=\"Ostrica biela sa roz\u0161\u00edrila z Nov\u00e9ho Z\u00e9landu. Je to n\u00edzka trvalka, ozdobn\u00e1 tr\u00e1va. Pre kl\u00ed\u010denie semien potrebuje teplotu 18-20 stup\u0148ov, vysieva sa v marci. V\u00fdsev je potrebn\u00e9 prikry\u0165 prieh\u013eadn\u00fdm kryt\u00edm (napr. f\u00f3lia, sklen\u00e1 tabu\u013ea), aby sa zabr\u00e1nilo vysychaniu. Priesady sa v apr\u00edli vys\u00e1dzaj\u00fa do \u010drepn\u00edkov.\" \/>\n<meta property=\"og:url\" content=\"https:\/\/garafarm.hu\/sk\/eko\/levandula-hlavkovita\/\" \/>\n<meta property=\"og:site_name\" content=\"Garafarm Trade Kft\" \/>\n<meta property=\"article:modified_time\" content=\"2022-12-07T15:25:42+00:00\" \/>\n<meta property=\"og:image\" content=\"https:\/\/garafarm.hu\/wp-content\/uploads\/2022\/09\/francia_levendula.jpg\" \/>\n\t<meta property=\"og:image:width\" content=\"1200\" \/>\n\t<meta property=\"og:image:height\" content=\"1683\" \/>\n\t<meta property=\"og:image:type\" content=\"image\/jpeg\" \/>\n<meta name=\"twitter:card\" content=\"summary_large_image\" \/>\n<script type=\"application\/ld+json\" class=\"yoast-schema-graph\">{\"@context\":\"https:\/\/schema.org\",\"@graph\":[{\"@type\":\"WebPage\",\"@id\":\"https:\/\/garafarm.hu\/sk\/eko\/levandula-hlavkovita\/\",\"url\":\"https:\/\/garafarm.hu\/sk\/eko\/levandula-hlavkovita\/\",\"name\":\"Levandu\u013ea hl\u00e1vkovit\u00e1 - Garafarm Trade Kft\",\"isPartOf\":{\"@id\":\"https:\/\/garafarm.hu\/sk\/#website\"},\"primaryImageOfPage\":{\"@id\":\"https:\/\/garafarm.hu\/sk\/eko\/levandula-hlavkovita\/#primaryimage\"},\"image\":{\"@id\":\"https:\/\/garafarm.hu\/sk\/eko\/levandula-hlavkovita\/#primaryimage\"},\"thumbnailUrl\":\"https:\/\/garafarm.hu\/wp-content\/uploads\/2022\/09\/francia_levendula.jpg\",\"datePublished\":\"2022-09-02T13:53:45+00:00\",\"dateModified\":\"2022-12-07T15:25:42+00:00\",\"breadcrumb\":{\"@id\":\"https:\/\/garafarm.hu\/sk\/eko\/levandula-hlavkovita\/#breadcrumb\"},\"inLanguage\":\"sk-SK\",\"potentialAction\":[{\"@type\":\"ReadAction\",\"target\":[\"https:\/\/garafarm.hu\/sk\/eko\/levandula-hlavkovita\/\"]}]},{\"@type\":\"ImageObject\",\"inLanguage\":\"sk-SK\",\"@id\":\"https:\/\/garafarm.hu\/sk\/eko\/levandula-hlavkovita\/#primaryimage\",\"url\":\"https:\/\/garafarm.hu\/wp-content\/uploads\/2022\/09\/francia_levendula.jpg\",\"contentUrl\":\"https:\/\/garafarm.hu\/wp-content\/uploads\/2022\/09\/francia_levendula.jpg\",\"width\":1200,\"height\":1683},{\"@type\":\"BreadcrumbList\",\"@id\":\"https:\/\/garafarm.hu\/sk\/eko\/levandula-hlavkovita\/#breadcrumb\",\"itemListElement\":[{\"@type\":\"ListItem\",\"position\":1,\"name\":\"Kezd\u0151lap\",\"item\":\"https:\/\/garafarm.hu\/sk\/\"},{\"@type\":\"ListItem\",\"position\":2,\"name\":\"\u00dczlet\",\"item\":\"https:\/\/garafarm.hu\/shop\/\"},{\"@type\":\"ListItem\",\"position\":3,\"name\":\"Levandu\u013ea hl\u00e1vkovit\u00e1\"}]},{\"@type\":\"WebSite\",\"@id\":\"https:\/\/garafarm.hu\/sk\/#website\",\"url\":\"https:\/\/garafarm.hu\/sk\/\",\"name\":\"Garafarm Trade Kft\",\"description\":\"Tasakos vet\u0151magel\u0151\u00e1ll\u00edt\u00e1s \u00e9s -forgalmaz\u00e1s Magyarorsz\u00e1gon.\",\"publisher\":{\"@id\":\"https:\/\/garafarm.hu\/sk\/#organization\"},\"potentialAction\":[{\"@type\":\"SearchAction\",\"target\":{\"@type\":\"EntryPoint\",\"urlTemplate\":\"https:\/\/garafarm.hu\/sk\/?s={search_term_string}\"},\"query-input\":{\"@type\":\"PropertyValueSpecification\",\"valueRequired\":true,\"valueName\":\"search_term_string\"}}],\"inLanguage\":\"sk-SK\"},{\"@type\":\"Organization\",\"@id\":\"https:\/\/garafarm.hu\/sk\/#organization\",\"name\":\"Garafarm Trade Kft.\",\"url\":\"https:\/\/garafarm.hu\/sk\/\",\"logo\":{\"@type\":\"ImageObject\",\"inLanguage\":\"sk-SK\",\"@id\":\"https:\/\/garafarm.hu\/sk\/#\/schema\/logo\/image\/\",\"url\":\"https:\/\/garafarm.hu\/wp-content\/uploads\/2021\/12\/garafarm_header_logo_v2.svg\",\"contentUrl\":\"https:\/\/garafarm.hu\/wp-content\/uploads\/2021\/12\/garafarm_header_logo_v2.svg\",\"width\":217,\"height\":65,\"caption\":\"Garafarm Trade Kft.\"},\"image\":{\"@id\":\"https:\/\/garafarm.hu\/sk\/#\/schema\/logo\/image\/\"}}]}<\/script>\n<!-- \/ Yoast SEO plugin. -->","yoast_head_json":{"title":"Levandu\u013ea hl\u00e1vkovit\u00e1 - Garafarm Trade Kft","robots":{"index":"index","follow":"follow","max-snippet":"max-snippet:-1","max-image-preview":"max-image-preview:large","max-video-preview":"max-video-preview:-1"},"canonical":"https:\/\/garafarm.hu\/sk\/eko\/levandula-hlavkovita\/","og_locale":"sk_SK","og_type":"article","og_title":"Levandu\u013ea hl\u00e1vkovit\u00e1 - Garafarm Trade Kft","og_description":"Ostrica biela sa roz\u0161\u00edrila z Nov\u00e9ho Z\u00e9landu. Je to n\u00edzka trvalka, ozdobn\u00e1 tr\u00e1va. Pre kl\u00ed\u010denie semien potrebuje teplotu 18-20 stup\u0148ov, vysieva sa v marci. V\u00fdsev je potrebn\u00e9 prikry\u0165 prieh\u013eadn\u00fdm kryt\u00edm (napr. f\u00f3lia, sklen\u00e1 tabu\u013ea), aby sa zabr\u00e1nilo vysychaniu. Priesady sa v apr\u00edli vys\u00e1dzaj\u00fa do \u010drepn\u00edkov.","og_url":"https:\/\/garafarm.hu\/sk\/eko\/levandula-hlavkovita\/","og_site_name":"Garafarm Trade Kft","article_modified_time":"2022-12-07T15:25:42+00:00","og_image":[{"width":1200,"height":1683,"url":"https:\/\/garafarm.hu\/wp-content\/uploads\/2022\/09\/francia_levendula.jpg","type":"image\/jpeg"}],"twitter_card":"summary_large_image","schema":{"@context":"https:\/\/schema.org","@graph":[{"@type":"WebPage","@id":"https:\/\/garafarm.hu\/sk\/eko\/levandula-hlavkovita\/","url":"https:\/\/garafarm.hu\/sk\/eko\/levandula-hlavkovita\/","name":"Levandu\u013ea hl\u00e1vkovit\u00e1 - Garafarm Trade Kft","isPartOf":{"@id":"https:\/\/garafarm.hu\/sk\/#website"},"primaryImageOfPage":{"@id":"https:\/\/garafarm.hu\/sk\/eko\/levandula-hlavkovita\/#primaryimage"},"image":{"@id":"https:\/\/garafarm.hu\/sk\/eko\/levandula-hlavkovita\/#primaryimage"},"thumbnailUrl":"https:\/\/garafarm.hu\/wp-content\/uploads\/2022\/09\/francia_levendula.jpg","datePublished":"2022-09-02T13:53:45+00:00","dateModified":"2022-12-07T15:25:42+00:00","breadcrumb":{"@id":"https:\/\/garafarm.hu\/sk\/eko\/levandula-hlavkovita\/#breadcrumb"},"inLanguage":"sk-SK","potentialAction":[{"@type":"ReadAction","target":["https:\/\/garafarm.hu\/sk\/eko\/levandula-hlavkovita\/"]}]},{"@type":"ImageObject","inLanguage":"sk-SK","@id":"https:\/\/garafarm.hu\/sk\/eko\/levandula-hlavkovita\/#primaryimage","url":"https:\/\/garafarm.hu\/wp-content\/uploads\/2022\/09\/francia_levendula.jpg","contentUrl":"https:\/\/garafarm.hu\/wp-content\/uploads\/2022\/09\/francia_levendula.jpg","width":1200,"height":1683},{"@type":"BreadcrumbList","@id":"https:\/\/garafarm.hu\/sk\/eko\/levandula-hlavkovita\/#breadcrumb","itemListElement":[{"@type":"ListItem","position":1,"name":"Kezd\u0151lap","item":"https:\/\/garafarm.hu\/sk\/"},{"@type":"ListItem","position":2,"name":"\u00dczlet","item":"https:\/\/garafarm.hu\/shop\/"},{"@type":"ListItem","position":3,"name":"Levandu\u013ea hl\u00e1vkovit\u00e1"}]},{"@type":"WebSite","@id":"https:\/\/garafarm.hu\/sk\/#website","url":"https:\/\/garafarm.hu\/sk\/","name":"Garafarm Trade Kft","description":"Tasakos vet\u0151magel\u0151\u00e1ll\u00edt\u00e1s \u00e9s -forgalmaz\u00e1s Magyarorsz\u00e1gon.","publisher":{"@id":"https:\/\/garafarm.hu\/sk\/#organization"},"potentialAction":[{"@type":"SearchAction","target":{"@type":"EntryPoint","urlTemplate":"https:\/\/garafarm.hu\/sk\/?s={search_term_string}"},"query-input":{"@type":"PropertyValueSpecification","valueRequired":true,"valueName":"search_term_string"}}],"inLanguage":"sk-SK"},{"@type":"Organization","@id":"https:\/\/garafarm.hu\/sk\/#organization","name":"Garafarm Trade Kft.","url":"https:\/\/garafarm.hu\/sk\/","logo":{"@type":"ImageObject","inLanguage":"sk-SK","@id":"https:\/\/garafarm.hu\/sk\/#\/schema\/logo\/image\/","url":"https:\/\/garafarm.hu\/wp-content\/uploads\/2021\/12\/garafarm_header_logo_v2.svg","contentUrl":"https:\/\/garafarm.hu\/wp-content\/uploads\/2021\/12\/garafarm_header_logo_v2.svg","width":217,"height":65,"caption":"Garafarm Trade Kft."},"image":{"@id":"https:\/\/garafarm.hu\/sk\/#\/schema\/logo\/image\/"}}]}},"_links":{"self":[{"href":"https:\/\/garafarm.hu\/sk\/wp-json\/wp\/v2\/product\/3835","targetHints":{"allow":["GET"]}}],"collection":[{"href":"https:\/\/garafarm.hu\/sk\/wp-json\/wp\/v2\/product"}],"about":[{"href":"https:\/\/garafarm.hu\/sk\/wp-json\/wp\/v2\/types\/product"}],"wp:featuredmedia":[{"embeddable":true,"href":"https:\/\/garafarm.hu\/sk\/wp-json\/wp\/v2\/media\/3645"}],"wp:attachment":[{"href":"https:\/\/garafarm.hu\/sk\/wp-json\/wp\/v2\/media?parent=3835"}],"wp:term":[{"taxonomy":"product_brand","embeddable":true,"href":"https:\/\/garafarm.hu\/sk\/wp-json\/wp\/v2\/product_brand?post=3835"},{"taxonomy":"product_cat","embeddable":true,"href":"https:\/\/garafarm.hu\/sk\/wp-json\/wp\/v2\/product_cat?post=3835"},{"taxonomy":"product_tag","embeddable":true,"href":"https:\/\/garafarm.hu\/sk\/wp-json\/wp\/v2\/product_tag?post=3835"}],"curies":[{"name":"wp","href":"https:\/\/api.w.org\/{rel}","templated":true}]}}