{"id":4496,"date":"2023-11-09T16:53:03","date_gmt":"2023-11-09T14:53:03","guid":{"rendered":"https:\/\/garafarm.hu\/?post_type=product&#038;p=4496"},"modified":"2023-11-09T16:53:55","modified_gmt":"2023-11-09T14:53:55","slug":"47005","status":"publish","type":"product","link":"https:\/\/garafarm.hu\/sk\/magrovet-sk\/47005\/","title":{"rendered":"Orange Wellington F1 Raj\u010diny"},"content":{"rendered":"<div class=\"fusion-fullwidth fullwidth-box fusion-builder-row-1 fusion-flex-container has-pattern-background has-mask-background nonhundred-percent-fullwidth non-hundred-percent-height-scrolling\" style=\"background-color: rgba(255,255,255,0);background-position: center center;background-repeat: no-repeat;border-width: 0px 0px 0px 0px;border-color:#e2e2e2;border-style:solid;\" ><div class=\"fusion-builder-row fusion-row fusion-flex-align-items-flex-start\" style=\"max-width:1248px;margin-left: calc(-4% \/ 2 );margin-right: calc(-4% \/ 2 );\"><div class=\"fusion-layout-column fusion_builder_column fusion-builder-column-0 fusion_builder_column_1_1 1_1 fusion-flex-column\"><div class=\"fusion-column-wrapper fusion-flex-justify-content-flex-start fusion-content-layout-column\" style=\"background-position:left top;background-repeat:no-repeat;-webkit-background-size:cover;-moz-background-size:cover;-o-background-size:cover;background-size:cover;padding: 0px 0px 0px 0px;\"><div class=\"fusion-text fusion-text-1\"><p>Raj\u010diny: Indeterminovan\u00e1 odroda steakov\u00fdch raj\u010d\u00edn, hmotnos\u0165 oran\u017eov\u00fdch plodov dosahuje a\u017e 350 g. Raj\u010diny maj\u00fa m\u00e1lo semia\u010dok, preto du\u017einat\u00fd plod sa hod\u00ed na grilovanie aj do hamburgerov. Po mrazoch sa daj\u00fa vys\u00e1dza\u0165 aj do vo\u013enej p\u00f4dy. Ob\u013eubuj\u00fa slne\u010dn\u00e9 stanovi\u0161tia s v\u00fd\u017eivnou p\u00f4dou, vy\u017eaduj\u00fa bohat\u00e9 zavla\u017eovanie, je potrebn\u00e9 podopieranie. Oberaj\u00fa sa od leta do jesene.<\/p>\n<\/div><\/div><style type=\"text\/css\">.fusion-body .fusion-builder-column-0{width:100% !important;margin-top : 0px;margin-bottom : 20px;}.fusion-builder-column-0 > .fusion-column-wrapper {padding-top : 0px !important;padding-right : 0px !important;margin-right : 1.92%;padding-bottom : 0px !important;padding-left : 0px !important;margin-left : 1.92%;}@media only screen and (max-width:1024px) {.fusion-body .fusion-builder-column-0{width:100% !important;order : 0;}.fusion-builder-column-0 > .fusion-column-wrapper {margin-right : 1.92%;margin-left : 1.92%;}}@media only screen and (max-width:640px) {.fusion-body .fusion-builder-column-0{width:100% !important;order : 0;}.fusion-builder-column-0 > .fusion-column-wrapper {margin-right : 1.92%;margin-left : 1.92%;}}<\/style><\/div><\/div><style type=\"text\/css\">.fusion-body .fusion-flex-container.fusion-builder-row-1{ padding-top : 0px;margin-top : 0px;padding-right : 0px;padding-bottom : 0px;margin-bottom : 0px;padding-left : 0px;}<\/style><\/div>\n","protected":false},"excerpt":{"rendered":"","protected":false},"featured_media":4770,"template":"","meta":{"inline_featured_image":false},"product_brand":[],"product_cat":[131],"product_tag":[],"class_list":{"0":"post-4496","1":"product","2":"type-product","3":"status-publish","4":"has-post-thumbnail","6":"product_cat-magrovet-sk","8":"first","9":"instock","10":"shipping-taxable","11":"product-type-simple"},"yoast_head":"<!-- This site is optimized with the Yoast SEO plugin v24.4 - https:\/\/yoast.com\/wordpress\/plugins\/seo\/ -->\n<title>Orange Wellington F1 Raj\u010diny - Garafarm Trade Kft<\/title>\n<meta name=\"robots\" content=\"index, follow, max-snippet:-1, max-image-preview:large, max-video-preview:-1\" \/>\n<link rel=\"canonical\" href=\"https:\/\/garafarm.hu\/sk\/magrovet-sk\/47005\/\" \/>\n<meta property=\"og:locale\" content=\"sk_SK\" \/>\n<meta property=\"og:type\" content=\"article\" \/>\n<meta property=\"og:title\" content=\"Orange Wellington F1 Raj\u010diny - Garafarm Trade Kft\" \/>\n<meta property=\"og:url\" content=\"https:\/\/garafarm.hu\/sk\/magrovet-sk\/47005\/\" \/>\n<meta property=\"og:site_name\" content=\"Garafarm Trade Kft\" \/>\n<meta property=\"article:modified_time\" content=\"2023-11-09T14:53:55+00:00\" \/>\n<meta property=\"og:image\" content=\"https:\/\/garafarm.hu\/wp-content\/uploads\/2023\/10\/47005_orange_wellington_f1_paradicsom_e.jpg\" \/>\n\t<meta property=\"og:image:width\" content=\"901\" \/>\n\t<meta property=\"og:image:height\" content=\"1289\" \/>\n\t<meta property=\"og:image:type\" content=\"image\/jpeg\" \/>\n<meta name=\"twitter:card\" content=\"summary_large_image\" \/>\n<script type=\"application\/ld+json\" class=\"yoast-schema-graph\">{\"@context\":\"https:\/\/schema.org\",\"@graph\":[{\"@type\":\"WebPage\",\"@id\":\"https:\/\/garafarm.hu\/sk\/magrovet-sk\/47005\/\",\"url\":\"https:\/\/garafarm.hu\/sk\/magrovet-sk\/47005\/\",\"name\":\"Orange Wellington F1 Raj\u010diny - Garafarm Trade Kft\",\"isPartOf\":{\"@id\":\"https:\/\/garafarm.hu\/sk\/#website\"},\"primaryImageOfPage\":{\"@id\":\"https:\/\/garafarm.hu\/sk\/magrovet-sk\/47005\/#primaryimage\"},\"image\":{\"@id\":\"https:\/\/garafarm.hu\/sk\/magrovet-sk\/47005\/#primaryimage\"},\"thumbnailUrl\":\"https:\/\/garafarm.hu\/wp-content\/uploads\/2023\/10\/47005_orange_wellington_f1_paradicsom_e.jpg\",\"datePublished\":\"2023-11-09T14:53:03+00:00\",\"dateModified\":\"2023-11-09T14:53:55+00:00\",\"breadcrumb\":{\"@id\":\"https:\/\/garafarm.hu\/sk\/magrovet-sk\/47005\/#breadcrumb\"},\"inLanguage\":\"sk-SK\",\"potentialAction\":[{\"@type\":\"ReadAction\",\"target\":[\"https:\/\/garafarm.hu\/sk\/magrovet-sk\/47005\/\"]}]},{\"@type\":\"ImageObject\",\"inLanguage\":\"sk-SK\",\"@id\":\"https:\/\/garafarm.hu\/sk\/magrovet-sk\/47005\/#primaryimage\",\"url\":\"https:\/\/garafarm.hu\/wp-content\/uploads\/2023\/10\/47005_orange_wellington_f1_paradicsom_e.jpg\",\"contentUrl\":\"https:\/\/garafarm.hu\/wp-content\/uploads\/2023\/10\/47005_orange_wellington_f1_paradicsom_e.jpg\",\"width\":901,\"height\":1289},{\"@type\":\"BreadcrumbList\",\"@id\":\"https:\/\/garafarm.hu\/sk\/magrovet-sk\/47005\/#breadcrumb\",\"itemListElement\":[{\"@type\":\"ListItem\",\"position\":1,\"name\":\"Kezd\u0151lap\",\"item\":\"https:\/\/garafarm.hu\/sk\/\"},{\"@type\":\"ListItem\",\"position\":2,\"name\":\"\u00dczlet\",\"item\":\"https:\/\/garafarm.hu\/shop\/\"},{\"@type\":\"ListItem\",\"position\":3,\"name\":\"Orange Wellington F1 Raj\u010diny\"}]},{\"@type\":\"WebSite\",\"@id\":\"https:\/\/garafarm.hu\/sk\/#website\",\"url\":\"https:\/\/garafarm.hu\/sk\/\",\"name\":\"Garafarm Trade Kft\",\"description\":\"Tasakos vet\u0151magel\u0151\u00e1ll\u00edt\u00e1s \u00e9s -forgalmaz\u00e1s Magyarorsz\u00e1gon.\",\"publisher\":{\"@id\":\"https:\/\/garafarm.hu\/sk\/#organization\"},\"potentialAction\":[{\"@type\":\"SearchAction\",\"target\":{\"@type\":\"EntryPoint\",\"urlTemplate\":\"https:\/\/garafarm.hu\/sk\/?s={search_term_string}\"},\"query-input\":{\"@type\":\"PropertyValueSpecification\",\"valueRequired\":true,\"valueName\":\"search_term_string\"}}],\"inLanguage\":\"sk-SK\"},{\"@type\":\"Organization\",\"@id\":\"https:\/\/garafarm.hu\/sk\/#organization\",\"name\":\"Garafarm Trade Kft.\",\"url\":\"https:\/\/garafarm.hu\/sk\/\",\"logo\":{\"@type\":\"ImageObject\",\"inLanguage\":\"sk-SK\",\"@id\":\"https:\/\/garafarm.hu\/sk\/#\/schema\/logo\/image\/\",\"url\":\"https:\/\/garafarm.hu\/wp-content\/uploads\/2021\/12\/garafarm_header_logo_v2.svg\",\"contentUrl\":\"https:\/\/garafarm.hu\/wp-content\/uploads\/2021\/12\/garafarm_header_logo_v2.svg\",\"width\":217,\"height\":65,\"caption\":\"Garafarm Trade Kft.\"},\"image\":{\"@id\":\"https:\/\/garafarm.hu\/sk\/#\/schema\/logo\/image\/\"}}]}<\/script>\n<!-- \/ Yoast SEO plugin. -->","yoast_head_json":{"title":"Orange Wellington F1 Raj\u010diny - Garafarm Trade Kft","robots":{"index":"index","follow":"follow","max-snippet":"max-snippet:-1","max-image-preview":"max-image-preview:large","max-video-preview":"max-video-preview:-1"},"canonical":"https:\/\/garafarm.hu\/sk\/magrovet-sk\/47005\/","og_locale":"sk_SK","og_type":"article","og_title":"Orange Wellington F1 Raj\u010diny - Garafarm Trade Kft","og_url":"https:\/\/garafarm.hu\/sk\/magrovet-sk\/47005\/","og_site_name":"Garafarm Trade Kft","article_modified_time":"2023-11-09T14:53:55+00:00","og_image":[{"width":901,"height":1289,"url":"https:\/\/garafarm.hu\/wp-content\/uploads\/2023\/10\/47005_orange_wellington_f1_paradicsom_e.jpg","type":"image\/jpeg"}],"twitter_card":"summary_large_image","schema":{"@context":"https:\/\/schema.org","@graph":[{"@type":"WebPage","@id":"https:\/\/garafarm.hu\/sk\/magrovet-sk\/47005\/","url":"https:\/\/garafarm.hu\/sk\/magrovet-sk\/47005\/","name":"Orange Wellington F1 Raj\u010diny - Garafarm Trade Kft","isPartOf":{"@id":"https:\/\/garafarm.hu\/sk\/#website"},"primaryImageOfPage":{"@id":"https:\/\/garafarm.hu\/sk\/magrovet-sk\/47005\/#primaryimage"},"image":{"@id":"https:\/\/garafarm.hu\/sk\/magrovet-sk\/47005\/#primaryimage"},"thumbnailUrl":"https:\/\/garafarm.hu\/wp-content\/uploads\/2023\/10\/47005_orange_wellington_f1_paradicsom_e.jpg","datePublished":"2023-11-09T14:53:03+00:00","dateModified":"2023-11-09T14:53:55+00:00","breadcrumb":{"@id":"https:\/\/garafarm.hu\/sk\/magrovet-sk\/47005\/#breadcrumb"},"inLanguage":"sk-SK","potentialAction":[{"@type":"ReadAction","target":["https:\/\/garafarm.hu\/sk\/magrovet-sk\/47005\/"]}]},{"@type":"ImageObject","inLanguage":"sk-SK","@id":"https:\/\/garafarm.hu\/sk\/magrovet-sk\/47005\/#primaryimage","url":"https:\/\/garafarm.hu\/wp-content\/uploads\/2023\/10\/47005_orange_wellington_f1_paradicsom_e.jpg","contentUrl":"https:\/\/garafarm.hu\/wp-content\/uploads\/2023\/10\/47005_orange_wellington_f1_paradicsom_e.jpg","width":901,"height":1289},{"@type":"BreadcrumbList","@id":"https:\/\/garafarm.hu\/sk\/magrovet-sk\/47005\/#breadcrumb","itemListElement":[{"@type":"ListItem","position":1,"name":"Kezd\u0151lap","item":"https:\/\/garafarm.hu\/sk\/"},{"@type":"ListItem","position":2,"name":"\u00dczlet","item":"https:\/\/garafarm.hu\/shop\/"},{"@type":"ListItem","position":3,"name":"Orange Wellington F1 Raj\u010diny"}]},{"@type":"WebSite","@id":"https:\/\/garafarm.hu\/sk\/#website","url":"https:\/\/garafarm.hu\/sk\/","name":"Garafarm Trade Kft","description":"Tasakos vet\u0151magel\u0151\u00e1ll\u00edt\u00e1s \u00e9s -forgalmaz\u00e1s Magyarorsz\u00e1gon.","publisher":{"@id":"https:\/\/garafarm.hu\/sk\/#organization"},"potentialAction":[{"@type":"SearchAction","target":{"@type":"EntryPoint","urlTemplate":"https:\/\/garafarm.hu\/sk\/?s={search_term_string}"},"query-input":{"@type":"PropertyValueSpecification","valueRequired":true,"valueName":"search_term_string"}}],"inLanguage":"sk-SK"},{"@type":"Organization","@id":"https:\/\/garafarm.hu\/sk\/#organization","name":"Garafarm Trade Kft.","url":"https:\/\/garafarm.hu\/sk\/","logo":{"@type":"ImageObject","inLanguage":"sk-SK","@id":"https:\/\/garafarm.hu\/sk\/#\/schema\/logo\/image\/","url":"https:\/\/garafarm.hu\/wp-content\/uploads\/2021\/12\/garafarm_header_logo_v2.svg","contentUrl":"https:\/\/garafarm.hu\/wp-content\/uploads\/2021\/12\/garafarm_header_logo_v2.svg","width":217,"height":65,"caption":"Garafarm Trade Kft."},"image":{"@id":"https:\/\/garafarm.hu\/sk\/#\/schema\/logo\/image\/"}}]}},"_links":{"self":[{"href":"https:\/\/garafarm.hu\/sk\/wp-json\/wp\/v2\/product\/4496","targetHints":{"allow":["GET"]}}],"collection":[{"href":"https:\/\/garafarm.hu\/sk\/wp-json\/wp\/v2\/product"}],"about":[{"href":"https:\/\/garafarm.hu\/sk\/wp-json\/wp\/v2\/types\/product"}],"wp:featuredmedia":[{"embeddable":true,"href":"https:\/\/garafarm.hu\/sk\/wp-json\/wp\/v2\/media\/4770"}],"wp:attachment":[{"href":"https:\/\/garafarm.hu\/sk\/wp-json\/wp\/v2\/media?parent=4496"}],"wp:term":[{"taxonomy":"product_brand","embeddable":true,"href":"https:\/\/garafarm.hu\/sk\/wp-json\/wp\/v2\/product_brand?post=4496"},{"taxonomy":"product_cat","embeddable":true,"href":"https:\/\/garafarm.hu\/sk\/wp-json\/wp\/v2\/product_cat?post=4496"},{"taxonomy":"product_tag","embeddable":true,"href":"https:\/\/garafarm.hu\/sk\/wp-json\/wp\/v2\/product_tag?post=4496"}],"curies":[{"name":"wp","href":"https:\/\/api.w.org\/{rel}","templated":true}]}}