{"id":5343,"date":"2024-08-05T11:30:31","date_gmt":"2024-08-05T09:30:31","guid":{"rendered":"https:\/\/garafarm.hu\/?post_type=product&#038;p=5343"},"modified":"2024-08-05T11:36:01","modified_gmt":"2024-08-05T09:36:01","slug":"44014","status":"publish","type":"product","link":"https:\/\/garafarm.hu\/sk\/magrovet-sk\/44014\/","title":{"rendered":"Rumex krvav\u00fd"},"content":{"rendered":"<div class=\"fusion-fullwidth fullwidth-box fusion-builder-row-1 fusion-flex-container has-pattern-background has-mask-background nonhundred-percent-fullwidth non-hundred-percent-height-scrolling\" style=\"background-color: rgba(255,255,255,0);background-position: center center;background-repeat: no-repeat;border-width: 0px 0px 0px 0px;border-color:#e2e2e2;border-style:solid;\" ><div class=\"fusion-builder-row fusion-row fusion-flex-align-items-flex-start\" style=\"max-width:1248px;margin-left: calc(-4% \/ 2 );margin-right: calc(-4% \/ 2 );\"><div class=\"fusion-layout-column fusion_builder_column fusion-builder-column-0 fusion_builder_column_1_1 1_1 fusion-flex-column\"><div class=\"fusion-column-wrapper fusion-flex-justify-content-flex-start fusion-content-layout-column\" style=\"background-position:left top;background-repeat:no-repeat;-webkit-background-size:cover;-moz-background-size:cover;-o-background-size:cover;background-size:cover;padding: 0px 0px 0px 0px;\"><div class=\"fusion-text fusion-text-1\"><p>Rumex krvav\u00fd: \u0160al\u00e1tov\u00e1 bylina do z\u00e1hrady aj na balk\u00f3n. Kl\u00ed\u010di pri n\u00edzkych teplot\u00e1ch, zimovzdorn\u00fd, najlep\u0161ie sa mu dar\u00ed v polotieni. Listy s\u00fa jemnej\u0161ie ako listy \u0161\u0165ave\u013ea oby\u010dajn\u00e9ho. Kvetn\u00e9 stonky sa musia neust\u00e1le odstra\u0148ova\u0165, aby listy zostali jemn\u00e9. Vynikaj\u00faci ako okrasn\u00e1 rastlina, do \u0161al\u00e1tov a om\u00e1\u010dok.<\/p>\n<\/div><\/div><style type=\"text\/css\">.fusion-body .fusion-builder-column-0{width:100% !important;margin-top : 0px;margin-bottom : 20px;}.fusion-builder-column-0 > .fusion-column-wrapper {padding-top : 0px !important;padding-right : 0px !important;margin-right : 1.92%;padding-bottom : 0px !important;padding-left : 0px !important;margin-left : 1.92%;}@media only screen and (max-width:1024px) {.fusion-body .fusion-builder-column-0{width:100% !important;order : 0;}.fusion-builder-column-0 > .fusion-column-wrapper {margin-right : 1.92%;margin-left : 1.92%;}}@media only screen and (max-width:640px) {.fusion-body .fusion-builder-column-0{width:100% !important;order : 0;}.fusion-builder-column-0 > .fusion-column-wrapper {margin-right : 1.92%;margin-left : 1.92%;}}<\/style><\/div><\/div><style type=\"text\/css\">.fusion-body .fusion-flex-container.fusion-builder-row-1{ padding-top : 0px;margin-top : 0px;padding-right : 0px;padding-bottom : 0px;margin-bottom : 0px;padding-left : 0px;}<\/style><\/div>\n","protected":false},"excerpt":{"rendered":"","protected":false},"featured_media":5521,"template":"","meta":{"inline_featured_image":false},"product_brand":[],"product_cat":[131],"product_tag":[],"class_list":{"0":"post-5343","1":"product","2":"type-product","3":"status-publish","4":"has-post-thumbnail","6":"product_cat-magrovet-sk","8":"first","9":"instock","10":"shipping-taxable","11":"product-type-simple"},"yoast_head":"<!-- This site is optimized with the Yoast SEO plugin v24.4 - https:\/\/yoast.com\/wordpress\/plugins\/seo\/ -->\n<title>Rumex krvav\u00fd - Garafarm Trade Kft<\/title>\n<meta name=\"robots\" content=\"index, follow, max-snippet:-1, max-image-preview:large, max-video-preview:-1\" \/>\n<link rel=\"canonical\" href=\"https:\/\/garafarm.hu\/sk\/magrovet-sk\/44014\/\" \/>\n<meta property=\"og:locale\" content=\"sk_SK\" \/>\n<meta property=\"og:type\" content=\"article\" \/>\n<meta property=\"og:title\" content=\"Rumex krvav\u00fd - Garafarm Trade Kft\" \/>\n<meta property=\"og:url\" content=\"https:\/\/garafarm.hu\/sk\/magrovet-sk\/44014\/\" \/>\n<meta property=\"og:site_name\" content=\"Garafarm Trade Kft\" \/>\n<meta property=\"article:modified_time\" content=\"2024-08-05T09:36:01+00:00\" \/>\n<meta name=\"twitter:card\" content=\"summary_large_image\" \/>\n<script type=\"application\/ld+json\" class=\"yoast-schema-graph\">{\"@context\":\"https:\/\/schema.org\",\"@graph\":[{\"@type\":\"WebPage\",\"@id\":\"https:\/\/garafarm.hu\/sk\/magrovet-sk\/44014\/\",\"url\":\"https:\/\/garafarm.hu\/sk\/magrovet-sk\/44014\/\",\"name\":\"Rumex krvav\u00fd - Garafarm Trade Kft\",\"isPartOf\":{\"@id\":\"https:\/\/garafarm.hu\/sk\/#website\"},\"primaryImageOfPage\":{\"@id\":\"https:\/\/garafarm.hu\/sk\/magrovet-sk\/44014\/#primaryimage\"},\"image\":{\"@id\":\"https:\/\/garafarm.hu\/sk\/magrovet-sk\/44014\/#primaryimage\"},\"thumbnailUrl\":\"https:\/\/garafarm.hu\/wp-content\/uploads\/2024\/08\/Sorrel_red_veined_versoska_front.jpg\",\"datePublished\":\"2024-08-05T09:30:31+00:00\",\"dateModified\":\"2024-08-05T09:36:01+00:00\",\"breadcrumb\":{\"@id\":\"https:\/\/garafarm.hu\/sk\/magrovet-sk\/44014\/#breadcrumb\"},\"inLanguage\":\"sk-SK\",\"potentialAction\":[{\"@type\":\"ReadAction\",\"target\":[\"https:\/\/garafarm.hu\/sk\/magrovet-sk\/44014\/\"]}]},{\"@type\":\"ImageObject\",\"inLanguage\":\"sk-SK\",\"@id\":\"https:\/\/garafarm.hu\/sk\/magrovet-sk\/44014\/#primaryimage\",\"url\":\"https:\/\/garafarm.hu\/wp-content\/uploads\/2024\/08\/Sorrel_red_veined_versoska_front.jpg\",\"contentUrl\":\"https:\/\/garafarm.hu\/wp-content\/uploads\/2024\/08\/Sorrel_red_veined_versoska_front.jpg\",\"width\":909,\"height\":1293},{\"@type\":\"BreadcrumbList\",\"@id\":\"https:\/\/garafarm.hu\/sk\/magrovet-sk\/44014\/#breadcrumb\",\"itemListElement\":[{\"@type\":\"ListItem\",\"position\":1,\"name\":\"Kezd\u0151lap\",\"item\":\"https:\/\/garafarm.hu\/sk\/\"},{\"@type\":\"ListItem\",\"position\":2,\"name\":\"\u00dczlet\",\"item\":\"https:\/\/garafarm.hu\/shop\/\"},{\"@type\":\"ListItem\",\"position\":3,\"name\":\"Rumex krvav\u00fd\"}]},{\"@type\":\"WebSite\",\"@id\":\"https:\/\/garafarm.hu\/sk\/#website\",\"url\":\"https:\/\/garafarm.hu\/sk\/\",\"name\":\"Garafarm Trade Kft\",\"description\":\"Tasakos vet\u0151magel\u0151\u00e1ll\u00edt\u00e1s \u00e9s -forgalmaz\u00e1s Magyarorsz\u00e1gon.\",\"publisher\":{\"@id\":\"https:\/\/garafarm.hu\/sk\/#organization\"},\"potentialAction\":[{\"@type\":\"SearchAction\",\"target\":{\"@type\":\"EntryPoint\",\"urlTemplate\":\"https:\/\/garafarm.hu\/sk\/?s={search_term_string}\"},\"query-input\":{\"@type\":\"PropertyValueSpecification\",\"valueRequired\":true,\"valueName\":\"search_term_string\"}}],\"inLanguage\":\"sk-SK\"},{\"@type\":\"Organization\",\"@id\":\"https:\/\/garafarm.hu\/sk\/#organization\",\"name\":\"Garafarm Trade Kft.\",\"url\":\"https:\/\/garafarm.hu\/sk\/\",\"logo\":{\"@type\":\"ImageObject\",\"inLanguage\":\"sk-SK\",\"@id\":\"https:\/\/garafarm.hu\/sk\/#\/schema\/logo\/image\/\",\"url\":\"https:\/\/garafarm.hu\/wp-content\/uploads\/2021\/12\/garafarm_header_logo_v2.svg\",\"contentUrl\":\"https:\/\/garafarm.hu\/wp-content\/uploads\/2021\/12\/garafarm_header_logo_v2.svg\",\"width\":217,\"height\":65,\"caption\":\"Garafarm Trade Kft.\"},\"image\":{\"@id\":\"https:\/\/garafarm.hu\/sk\/#\/schema\/logo\/image\/\"}}]}<\/script>\n<!-- \/ Yoast SEO plugin. -->","yoast_head_json":{"title":"Rumex krvav\u00fd - Garafarm Trade Kft","robots":{"index":"index","follow":"follow","max-snippet":"max-snippet:-1","max-image-preview":"max-image-preview:large","max-video-preview":"max-video-preview:-1"},"canonical":"https:\/\/garafarm.hu\/sk\/magrovet-sk\/44014\/","og_locale":"sk_SK","og_type":"article","og_title":"Rumex krvav\u00fd - Garafarm Trade Kft","og_url":"https:\/\/garafarm.hu\/sk\/magrovet-sk\/44014\/","og_site_name":"Garafarm Trade Kft","article_modified_time":"2024-08-05T09:36:01+00:00","twitter_card":"summary_large_image","schema":{"@context":"https:\/\/schema.org","@graph":[{"@type":"WebPage","@id":"https:\/\/garafarm.hu\/sk\/magrovet-sk\/44014\/","url":"https:\/\/garafarm.hu\/sk\/magrovet-sk\/44014\/","name":"Rumex krvav\u00fd - Garafarm Trade Kft","isPartOf":{"@id":"https:\/\/garafarm.hu\/sk\/#website"},"primaryImageOfPage":{"@id":"https:\/\/garafarm.hu\/sk\/magrovet-sk\/44014\/#primaryimage"},"image":{"@id":"https:\/\/garafarm.hu\/sk\/magrovet-sk\/44014\/#primaryimage"},"thumbnailUrl":"https:\/\/garafarm.hu\/wp-content\/uploads\/2024\/08\/Sorrel_red_veined_versoska_front.jpg","datePublished":"2024-08-05T09:30:31+00:00","dateModified":"2024-08-05T09:36:01+00:00","breadcrumb":{"@id":"https:\/\/garafarm.hu\/sk\/magrovet-sk\/44014\/#breadcrumb"},"inLanguage":"sk-SK","potentialAction":[{"@type":"ReadAction","target":["https:\/\/garafarm.hu\/sk\/magrovet-sk\/44014\/"]}]},{"@type":"ImageObject","inLanguage":"sk-SK","@id":"https:\/\/garafarm.hu\/sk\/magrovet-sk\/44014\/#primaryimage","url":"https:\/\/garafarm.hu\/wp-content\/uploads\/2024\/08\/Sorrel_red_veined_versoska_front.jpg","contentUrl":"https:\/\/garafarm.hu\/wp-content\/uploads\/2024\/08\/Sorrel_red_veined_versoska_front.jpg","width":909,"height":1293},{"@type":"BreadcrumbList","@id":"https:\/\/garafarm.hu\/sk\/magrovet-sk\/44014\/#breadcrumb","itemListElement":[{"@type":"ListItem","position":1,"name":"Kezd\u0151lap","item":"https:\/\/garafarm.hu\/sk\/"},{"@type":"ListItem","position":2,"name":"\u00dczlet","item":"https:\/\/garafarm.hu\/shop\/"},{"@type":"ListItem","position":3,"name":"Rumex krvav\u00fd"}]},{"@type":"WebSite","@id":"https:\/\/garafarm.hu\/sk\/#website","url":"https:\/\/garafarm.hu\/sk\/","name":"Garafarm Trade Kft","description":"Tasakos vet\u0151magel\u0151\u00e1ll\u00edt\u00e1s \u00e9s -forgalmaz\u00e1s Magyarorsz\u00e1gon.","publisher":{"@id":"https:\/\/garafarm.hu\/sk\/#organization"},"potentialAction":[{"@type":"SearchAction","target":{"@type":"EntryPoint","urlTemplate":"https:\/\/garafarm.hu\/sk\/?s={search_term_string}"},"query-input":{"@type":"PropertyValueSpecification","valueRequired":true,"valueName":"search_term_string"}}],"inLanguage":"sk-SK"},{"@type":"Organization","@id":"https:\/\/garafarm.hu\/sk\/#organization","name":"Garafarm Trade Kft.","url":"https:\/\/garafarm.hu\/sk\/","logo":{"@type":"ImageObject","inLanguage":"sk-SK","@id":"https:\/\/garafarm.hu\/sk\/#\/schema\/logo\/image\/","url":"https:\/\/garafarm.hu\/wp-content\/uploads\/2021\/12\/garafarm_header_logo_v2.svg","contentUrl":"https:\/\/garafarm.hu\/wp-content\/uploads\/2021\/12\/garafarm_header_logo_v2.svg","width":217,"height":65,"caption":"Garafarm Trade Kft."},"image":{"@id":"https:\/\/garafarm.hu\/sk\/#\/schema\/logo\/image\/"}}]}},"_links":{"self":[{"href":"https:\/\/garafarm.hu\/sk\/wp-json\/wp\/v2\/product\/5343","targetHints":{"allow":["GET"]}}],"collection":[{"href":"https:\/\/garafarm.hu\/sk\/wp-json\/wp\/v2\/product"}],"about":[{"href":"https:\/\/garafarm.hu\/sk\/wp-json\/wp\/v2\/types\/product"}],"wp:featuredmedia":[{"embeddable":true,"href":"https:\/\/garafarm.hu\/sk\/wp-json\/wp\/v2\/media\/5521"}],"wp:attachment":[{"href":"https:\/\/garafarm.hu\/sk\/wp-json\/wp\/v2\/media?parent=5343"}],"wp:term":[{"taxonomy":"product_brand","embeddable":true,"href":"https:\/\/garafarm.hu\/sk\/wp-json\/wp\/v2\/product_brand?post=5343"},{"taxonomy":"product_cat","embeddable":true,"href":"https:\/\/garafarm.hu\/sk\/wp-json\/wp\/v2\/product_cat?post=5343"},{"taxonomy":"product_tag","embeddable":true,"href":"https:\/\/garafarm.hu\/sk\/wp-json\/wp\/v2\/product_tag?post=5343"}],"curies":[{"name":"wp","href":"https:\/\/api.w.org\/{rel}","templated":true}]}}