{"id":5609,"date":"2025-02-11T11:50:27","date_gmt":"2025-02-11T09:50:27","guid":{"rendered":"https:\/\/garafarm.hu\/?post_type=product&#038;p=5609"},"modified":"2025-02-11T11:54:47","modified_gmt":"2025-02-11T09:54:47","slug":"rozmarin-masolat-masolat-2","status":"publish","type":"product","link":"https:\/\/garafarm.hu\/sk\/nezaraden\u00e9\/rozmarin-masolat-masolat-2\/","title":{"rendered":"Bors\u00f3csal\u00e1d"},"content":{"rendered":"<div class=\"fusion-fullwidth fullwidth-box fusion-builder-row-1 fusion-flex-container has-pattern-background has-mask-background nonhundred-percent-fullwidth non-hundred-percent-height-scrolling\" style=\"background-color: rgba(255,255,255,0);background-position: center center;background-repeat: no-repeat;border-width: 0px 0px 0px 0px;border-color:#e2e2e2;border-style:solid;\" ><div class=\"fusion-builder-row fusion-row fusion-flex-align-items-flex-start\" style=\"max-width:1248px;margin-left: calc(-4% \/ 2 );margin-right: calc(-4% \/ 2 );\"><div class=\"fusion-layout-column fusion_builder_column fusion-builder-column-0 fusion_builder_column_1_1 1_1 fusion-flex-column\"><div class=\"fusion-column-wrapper fusion-flex-justify-content-flex-start fusion-content-layout-column\" style=\"background-position:left top;background-repeat:no-repeat;-webkit-background-size:cover;-moz-background-size:cover;-o-background-size:cover;background-size:cover;padding: 0px 0px 0px 0px;\"><div class=\"fusion-text fusion-text-1\"><p><b>Vel\u0151bors\u00f3 Csal\u00e1d Fajtasora \u2013 Friss \u00cdzek Minden Napra<\/b><\/p>\n<p><span style=\"font-weight: 400;\">Fedezze fel a vel\u0151bors\u00f3 csal\u00e1dunk k\u00fcl\u00f6nleges fajtasor\u00e1t, amely lehet\u0151v\u00e9 teszi, hogy ak\u00e1r 2-3 h\u00e9ten kereszt\u00fcl folyamatosan friss term\u00e9st sz\u00fcreteljen! A gondosan v\u00e1logatott fajt\u00e1k nemcsak \u00edzletesek, hanem kiv\u00e1l\u00f3an alkalmasak a kertekben val\u00f3 termeszt\u00e9sre is, garant\u00e1lva a gazdag \u00e9s \u00e9des \u00edzeket, amelyeket a csal\u00e1d minden tagja \u00e9lvezni fog.<\/span><\/p>\n<p><span style=\"font-weight: 400;\">A Csal\u00e1d Tagjai:<\/span><\/p>\n<p><span style=\"font-weight: 400;\">1.<\/span><b>Rajnai T\u00f6rpe Bors\u00f3 (100 g) :<\/b><\/p>\n<p><span style=\"font-weight: 400;\">\u00a0\u00a0\u00a0Ez a korai \u00e9r\u00e9s\u0171 fajta rendk\u00edv\u00fcl \u00edzletes \u00e9s zsenge bors\u00f3szemeket hoz. Kis termet\u0171, \u00edgy kisebb kertekbe is k\u00f6nnyen elf\u00e9r, \u00e9s a szed\u00e9s sor\u00e1n a bors\u00f3k k\u00f6nnyen elt\u00e1vol\u00edthat\u00f3k a n\u00f6v\u00e9nyr\u0151l. Ide\u00e1lis v\u00e1laszt\u00e1s, ha gyorsan szeretne \u00edzletes friss bors\u00f3t az asztal\u00e1ra!<\/span><\/p>\n<ol start=\"2\">\n<li><b>Zsuzsi Bors\u00f3 (100 g)\u00a0 :<\/b><\/li>\n<\/ol>\n<p><span style=\"font-weight: 400;\">\u00a0\u00a0\u00a0A Zsuzsi bors\u00f3 a k\u00f6zepes \u00e9r\u00e9scsoportb\u00f3l sz\u00e1rmazik, \u00e9s k\u00fcl\u00f6nlegess\u00e9ge a gazdag \u00edz\u00e9ben rejlik. Zsenge, \u00e9des bors\u00f3szemekkel b\u00fcszk\u00e9lkedik, amelyek t\u00f6k\u00e9letes kieg\u00e9sz\u00edt\u00e9st ny\u00fajtanak sal\u00e1t\u00e1khoz, k\u00f6retekhez vagy ak\u00e1r \u00f6n\u00e1ll\u00f3 \u00e9telk\u00e9nt is.\u00a0<\/span><\/p>\n<ol start=\"3\">\n<li><b>Kelvedon Csod\u00e1ja Bors\u00f3 (100 g)\u00a0 :<\/b><\/li>\n<\/ol>\n<p><span style=\"font-weight: 400;\">\u00a0\u00a0\u00a0A Kelvedon csod\u00e1ja a k\u00e9s\u0151i \u00e9r\u00e9s\u0171 fajt\u00e1k k\u00f6z\u00e9 tartozik, amely a legjobb \u00edzeket k\u00edn\u00e1lja. Hosszabb ideig meg\u0151rzi zsenges\u00e9g\u00e9t, \u00edgy ak\u00e1r a fagyaszt\u00e1sra is alkalmas. Gazdag, \u00e9des \u00edze minden \u00ednycsikland\u00f3 \u00e9telhez t\u00f6k\u00e9letesen illik.\u00a0<\/span><\/p>\n<ol start=\"4\">\n<li><b>Trend Bors\u00f3 (100 g) :<\/b><\/li>\n<\/ol>\n<p><span style=\"font-weight: 400;\">\u00a0\u00a0\u00a0A Trend bors\u00f3 a modern fajt\u00e1k k\u00f6z\u00e9 tartozik, amely gyorsan n\u00f6vekszik, \u00e9s b\u0151s\u00e9ges term\u00e9st hoz. A bors\u00f3szemek \u00e9des \u00edz\u00fckkel \u00e9s roppan\u00f3s \u00e1llagukkal mindenki kedvence lesz. Ide\u00e1lis v\u00e1laszt\u00e1s a csal\u00e1di \u00e9tkez\u00e9sekhez!<\/span><\/p>\n<p><span style=\"font-weight: 400;\">Mi\u00e9rt v\u00e1lassza a Bors\u00f3csal\u00e1dot?\u00a0<\/span><\/p>\n<p><span style=\"font-weight: 400;\">Ez a fajtasor lehet\u0151v\u00e9 teszi, hogy a bors\u00f3termel\u00e9s \u00e9lm\u00e9nye val\u00f3ban tart\u00f3s legyen, hiszen a k\u00fcl\u00f6nb\u00f6z\u0151 \u00e9r\u00e9scsoportoknak k\u00f6sz\u00f6nhet\u0151en folyamatosan \u00e9lvezheti a friss bors\u00f3t. Szerezze be a Vel\u0151bors\u00f3 Csal\u00e1dot, \u00e9s \u00e9lvezze a z\u00f6lds\u00e9gek vil\u00e1g\u00e1t, amely gazdag \u00edzeket \u00e9s t\u00e1pl\u00e1l\u00f3 \u00e9lm\u00e9nyeket k\u00edn\u00e1l az eg\u00e9sz csal\u00e1d sz\u00e1m\u00e1ra!\u00a0<\/span><\/p>\n<\/div><\/div><style type=\"text\/css\">.fusion-body .fusion-builder-column-0{width:100% !important;margin-top : 0px;margin-bottom : 20px;}.fusion-builder-column-0 > .fusion-column-wrapper {padding-top : 0px !important;padding-right : 0px !important;margin-right : 1.92%;padding-bottom : 0px !important;padding-left : 0px !important;margin-left : 1.92%;}@media only screen and (max-width:1024px) {.fusion-body .fusion-builder-column-0{width:100% !important;order : 0;}.fusion-builder-column-0 > .fusion-column-wrapper {margin-right : 1.92%;margin-left : 1.92%;}}@media only screen and (max-width:640px) {.fusion-body .fusion-builder-column-0{width:100% !important;order : 0;}.fusion-builder-column-0 > .fusion-column-wrapper {margin-right : 1.92%;margin-left : 1.92%;}}<\/style><\/div><\/div><style type=\"text\/css\">.fusion-body .fusion-flex-container.fusion-builder-row-1{ padding-top : 0px;margin-top : 0px;padding-right : 0px;padding-bottom : 0px;margin-bottom : 0px;padding-left : 0px;}<\/style><\/div>\n","protected":false},"excerpt":{"rendered":"","protected":false},"featured_media":5619,"template":"","meta":{"inline_featured_image":false},"product_brand":[],"product_cat":[],"product_tag":[],"class_list":{"0":"post-5609","1":"product","2":"type-product","3":"status-publish","4":"has-post-thumbnail","7":"first","8":"instock","9":"shipping-taxable","10":"product-type-simple"},"yoast_head":"<!-- This site is optimized with the Yoast SEO plugin v24.4 - https:\/\/yoast.com\/wordpress\/plugins\/seo\/ -->\n<title>Bors\u00f3csal\u00e1d - Garafarm Trade Kft<\/title>\n<meta name=\"robots\" content=\"index, follow, max-snippet:-1, max-image-preview:large, max-video-preview:-1\" \/>\n<link rel=\"canonical\" href=\"https:\/\/garafarm.hu\/sk\/nezaraden\u00e9\/rozmarin-masolat-masolat-2\/\" \/>\n<meta property=\"og:locale\" content=\"sk_SK\" \/>\n<meta property=\"og:type\" content=\"article\" \/>\n<meta property=\"og:title\" content=\"Bors\u00f3csal\u00e1d - Garafarm Trade Kft\" \/>\n<meta property=\"og:url\" content=\"https:\/\/garafarm.hu\/sk\/nezaraden\u00e9\/rozmarin-masolat-masolat-2\/\" \/>\n<meta property=\"og:site_name\" content=\"Garafarm Trade Kft\" \/>\n<meta property=\"article:modified_time\" content=\"2025-02-11T09:54:47+00:00\" \/>\n<meta property=\"og:image\" content=\"https:\/\/garafarm.hu\/wp-content\/uploads\/2025\/02\/Garafarm-borsocsalad-doboz-4x100g_3D.jpg\" \/>\n\t<meta property=\"og:image:width\" content=\"1920\" \/>\n\t<meta property=\"og:image:height\" content=\"1440\" \/>\n\t<meta property=\"og:image:type\" content=\"image\/jpeg\" \/>\n<meta name=\"twitter:card\" content=\"summary_large_image\" \/>\n<script type=\"application\/ld+json\" class=\"yoast-schema-graph\">{\"@context\":\"https:\/\/schema.org\",\"@graph\":[{\"@type\":\"WebPage\",\"@id\":\"https:\/\/garafarm.hu\/sk\/nezaraden\u00e9\/rozmarin-masolat-masolat-2\/\",\"url\":\"https:\/\/garafarm.hu\/sk\/nezaraden\u00e9\/rozmarin-masolat-masolat-2\/\",\"name\":\"Bors\u00f3csal\u00e1d - Garafarm Trade Kft\",\"isPartOf\":{\"@id\":\"https:\/\/garafarm.hu\/sk\/#website\"},\"primaryImageOfPage\":{\"@id\":\"https:\/\/garafarm.hu\/sk\/nezaraden\u00e9\/rozmarin-masolat-masolat-2\/#primaryimage\"},\"image\":{\"@id\":\"https:\/\/garafarm.hu\/sk\/nezaraden\u00e9\/rozmarin-masolat-masolat-2\/#primaryimage\"},\"thumbnailUrl\":\"https:\/\/garafarm.hu\/wp-content\/uploads\/2025\/02\/Garafarm-borsocsalad-doboz-4x100g_3D.jpg\",\"datePublished\":\"2025-02-11T09:50:27+00:00\",\"dateModified\":\"2025-02-11T09:54:47+00:00\",\"breadcrumb\":{\"@id\":\"https:\/\/garafarm.hu\/sk\/nezaraden\u00e9\/rozmarin-masolat-masolat-2\/#breadcrumb\"},\"inLanguage\":\"sk-SK\",\"potentialAction\":[{\"@type\":\"ReadAction\",\"target\":[\"https:\/\/garafarm.hu\/sk\/nezaraden\u00e9\/rozmarin-masolat-masolat-2\/\"]}]},{\"@type\":\"ImageObject\",\"inLanguage\":\"sk-SK\",\"@id\":\"https:\/\/garafarm.hu\/sk\/nezaraden\u00e9\/rozmarin-masolat-masolat-2\/#primaryimage\",\"url\":\"https:\/\/garafarm.hu\/wp-content\/uploads\/2025\/02\/Garafarm-borsocsalad-doboz-4x100g_3D.jpg\",\"contentUrl\":\"https:\/\/garafarm.hu\/wp-content\/uploads\/2025\/02\/Garafarm-borsocsalad-doboz-4x100g_3D.jpg\",\"width\":1920,\"height\":1440},{\"@type\":\"BreadcrumbList\",\"@id\":\"https:\/\/garafarm.hu\/sk\/nezaraden\u00e9\/rozmarin-masolat-masolat-2\/#breadcrumb\",\"itemListElement\":[{\"@type\":\"ListItem\",\"position\":1,\"name\":\"Kezd\u0151lap\",\"item\":\"https:\/\/garafarm.hu\/sk\/\"},{\"@type\":\"ListItem\",\"position\":2,\"name\":\"\u00dczlet\",\"item\":\"https:\/\/garafarm.hu\/shop\/\"},{\"@type\":\"ListItem\",\"position\":3,\"name\":\"Bors\u00f3csal\u00e1d\"}]},{\"@type\":\"WebSite\",\"@id\":\"https:\/\/garafarm.hu\/sk\/#website\",\"url\":\"https:\/\/garafarm.hu\/sk\/\",\"name\":\"Garafarm Trade Kft\",\"description\":\"Tasakos vet\u0151magel\u0151\u00e1ll\u00edt\u00e1s \u00e9s -forgalmaz\u00e1s Magyarorsz\u00e1gon.\",\"publisher\":{\"@id\":\"https:\/\/garafarm.hu\/sk\/#organization\"},\"potentialAction\":[{\"@type\":\"SearchAction\",\"target\":{\"@type\":\"EntryPoint\",\"urlTemplate\":\"https:\/\/garafarm.hu\/sk\/?s={search_term_string}\"},\"query-input\":{\"@type\":\"PropertyValueSpecification\",\"valueRequired\":true,\"valueName\":\"search_term_string\"}}],\"inLanguage\":\"sk-SK\"},{\"@type\":\"Organization\",\"@id\":\"https:\/\/garafarm.hu\/sk\/#organization\",\"name\":\"Garafarm Trade Kft.\",\"url\":\"https:\/\/garafarm.hu\/sk\/\",\"logo\":{\"@type\":\"ImageObject\",\"inLanguage\":\"sk-SK\",\"@id\":\"https:\/\/garafarm.hu\/sk\/#\/schema\/logo\/image\/\",\"url\":\"https:\/\/garafarm.hu\/wp-content\/uploads\/2021\/12\/garafarm_header_logo_v2.svg\",\"contentUrl\":\"https:\/\/garafarm.hu\/wp-content\/uploads\/2021\/12\/garafarm_header_logo_v2.svg\",\"width\":217,\"height\":65,\"caption\":\"Garafarm Trade Kft.\"},\"image\":{\"@id\":\"https:\/\/garafarm.hu\/sk\/#\/schema\/logo\/image\/\"}}]}<\/script>\n<!-- \/ Yoast SEO plugin. -->","yoast_head_json":{"title":"Bors\u00f3csal\u00e1d - Garafarm Trade Kft","robots":{"index":"index","follow":"follow","max-snippet":"max-snippet:-1","max-image-preview":"max-image-preview:large","max-video-preview":"max-video-preview:-1"},"canonical":"https:\/\/garafarm.hu\/sk\/nezaraden\u00e9\/rozmarin-masolat-masolat-2\/","og_locale":"sk_SK","og_type":"article","og_title":"Bors\u00f3csal\u00e1d - Garafarm Trade Kft","og_url":"https:\/\/garafarm.hu\/sk\/nezaraden\u00e9\/rozmarin-masolat-masolat-2\/","og_site_name":"Garafarm Trade Kft","article_modified_time":"2025-02-11T09:54:47+00:00","og_image":[{"width":1920,"height":1440,"url":"https:\/\/garafarm.hu\/wp-content\/uploads\/2025\/02\/Garafarm-borsocsalad-doboz-4x100g_3D.jpg","type":"image\/jpeg"}],"twitter_card":"summary_large_image","schema":{"@context":"https:\/\/schema.org","@graph":[{"@type":"WebPage","@id":"https:\/\/garafarm.hu\/sk\/nezaraden\u00e9\/rozmarin-masolat-masolat-2\/","url":"https:\/\/garafarm.hu\/sk\/nezaraden\u00e9\/rozmarin-masolat-masolat-2\/","name":"Bors\u00f3csal\u00e1d - Garafarm Trade Kft","isPartOf":{"@id":"https:\/\/garafarm.hu\/sk\/#website"},"primaryImageOfPage":{"@id":"https:\/\/garafarm.hu\/sk\/nezaraden\u00e9\/rozmarin-masolat-masolat-2\/#primaryimage"},"image":{"@id":"https:\/\/garafarm.hu\/sk\/nezaraden\u00e9\/rozmarin-masolat-masolat-2\/#primaryimage"},"thumbnailUrl":"https:\/\/garafarm.hu\/wp-content\/uploads\/2025\/02\/Garafarm-borsocsalad-doboz-4x100g_3D.jpg","datePublished":"2025-02-11T09:50:27+00:00","dateModified":"2025-02-11T09:54:47+00:00","breadcrumb":{"@id":"https:\/\/garafarm.hu\/sk\/nezaraden\u00e9\/rozmarin-masolat-masolat-2\/#breadcrumb"},"inLanguage":"sk-SK","potentialAction":[{"@type":"ReadAction","target":["https:\/\/garafarm.hu\/sk\/nezaraden\u00e9\/rozmarin-masolat-masolat-2\/"]}]},{"@type":"ImageObject","inLanguage":"sk-SK","@id":"https:\/\/garafarm.hu\/sk\/nezaraden\u00e9\/rozmarin-masolat-masolat-2\/#primaryimage","url":"https:\/\/garafarm.hu\/wp-content\/uploads\/2025\/02\/Garafarm-borsocsalad-doboz-4x100g_3D.jpg","contentUrl":"https:\/\/garafarm.hu\/wp-content\/uploads\/2025\/02\/Garafarm-borsocsalad-doboz-4x100g_3D.jpg","width":1920,"height":1440},{"@type":"BreadcrumbList","@id":"https:\/\/garafarm.hu\/sk\/nezaraden\u00e9\/rozmarin-masolat-masolat-2\/#breadcrumb","itemListElement":[{"@type":"ListItem","position":1,"name":"Kezd\u0151lap","item":"https:\/\/garafarm.hu\/sk\/"},{"@type":"ListItem","position":2,"name":"\u00dczlet","item":"https:\/\/garafarm.hu\/shop\/"},{"@type":"ListItem","position":3,"name":"Bors\u00f3csal\u00e1d"}]},{"@type":"WebSite","@id":"https:\/\/garafarm.hu\/sk\/#website","url":"https:\/\/garafarm.hu\/sk\/","name":"Garafarm Trade Kft","description":"Tasakos vet\u0151magel\u0151\u00e1ll\u00edt\u00e1s \u00e9s -forgalmaz\u00e1s Magyarorsz\u00e1gon.","publisher":{"@id":"https:\/\/garafarm.hu\/sk\/#organization"},"potentialAction":[{"@type":"SearchAction","target":{"@type":"EntryPoint","urlTemplate":"https:\/\/garafarm.hu\/sk\/?s={search_term_string}"},"query-input":{"@type":"PropertyValueSpecification","valueRequired":true,"valueName":"search_term_string"}}],"inLanguage":"sk-SK"},{"@type":"Organization","@id":"https:\/\/garafarm.hu\/sk\/#organization","name":"Garafarm Trade Kft.","url":"https:\/\/garafarm.hu\/sk\/","logo":{"@type":"ImageObject","inLanguage":"sk-SK","@id":"https:\/\/garafarm.hu\/sk\/#\/schema\/logo\/image\/","url":"https:\/\/garafarm.hu\/wp-content\/uploads\/2021\/12\/garafarm_header_logo_v2.svg","contentUrl":"https:\/\/garafarm.hu\/wp-content\/uploads\/2021\/12\/garafarm_header_logo_v2.svg","width":217,"height":65,"caption":"Garafarm Trade Kft."},"image":{"@id":"https:\/\/garafarm.hu\/sk\/#\/schema\/logo\/image\/"}}]}},"_links":{"self":[{"href":"https:\/\/garafarm.hu\/sk\/wp-json\/wp\/v2\/product\/5609","targetHints":{"allow":["GET"]}}],"collection":[{"href":"https:\/\/garafarm.hu\/sk\/wp-json\/wp\/v2\/product"}],"about":[{"href":"https:\/\/garafarm.hu\/sk\/wp-json\/wp\/v2\/types\/product"}],"wp:featuredmedia":[{"embeddable":true,"href":"https:\/\/garafarm.hu\/sk\/wp-json\/wp\/v2\/media\/5619"}],"wp:attachment":[{"href":"https:\/\/garafarm.hu\/sk\/wp-json\/wp\/v2\/media?parent=5609"}],"wp:term":[{"taxonomy":"product_brand","embeddable":true,"href":"https:\/\/garafarm.hu\/sk\/wp-json\/wp\/v2\/product_brand?post=5609"},{"taxonomy":"product_cat","embeddable":true,"href":"https:\/\/garafarm.hu\/sk\/wp-json\/wp\/v2\/product_cat?post=5609"},{"taxonomy":"product_tag","embeddable":true,"href":"https:\/\/garafarm.hu\/sk\/wp-json\/wp\/v2\/product_tag?post=5609"}],"curies":[{"name":"wp","href":"https:\/\/api.w.org\/{rel}","templated":true}]}}